{"id":116265,"date":"2025-11-30T23:16:22","date_gmt":"2025-11-30T22:16:22","guid":{"rendered":"https:\/\/nimedixmedical.com\/notre-catalogue\/aiguille-de-securite-arrondie-28g-lancettes-automatiques\/"},"modified":"2026-01-12T15:57:37","modified_gmt":"2026-01-12T14:57:37","slug":"aiguille-de-securite-arrondie-28g-lancettes-automatiques","status":"publish","type":"product","link":"https:\/\/nimedixmedical.com\/en\/our-catalog\/aiguille-de-securite-arrondie-28g-lancettes-automatiques\/","title":{"rendered":"Aiguille de Securite Arrondie 28g &#8211; Lancettes Automatiques"},"content":{"rendered":"<p>Les aiguilles de s\u00e9curit\u00e9 arrondies 28G sont con\u00e7ues pour le pr\u00e9l\u00e8vement de sang capillaire en toute s\u00e9curit\u00e9 et confort. Elles r\u00e9pondent aux besoins des utilisateurs en garantissant une utilisation simple et sans risque de blessure.<\/p>\n<h2>Features<\/h2>\n<ul>\n<li>Mod\u00e8le : Lancettes de s\u00e9curit\u00e9 rondes<\/li>\n<li>Color : Purple<\/li>\n<li>Penetration depth: 1.8 mm<\/li>\n<li>Caliber: 28G<\/li>\n<li>Volume de sang pr\u00e9lev\u00e9 : 5-10 \u00b5I<\/li>\n<li>Finger prick: Yes<\/li>\n<li>Glucose: Yes<\/li>\n<li>H\u00e9matocrite : Non<\/li>\n<li>Saignement : Bas<\/li>\n<li>M\u00e9canisme autodestructeur pour \u00e9viter la r\u00e9utilisation<\/li>\n<li>Aiguille prot\u00e9g\u00e9e pour \u00e9viter les blessures<\/li>\n<li>St\u00e9rilisation par gamma avec languette de protection<\/li>\n<li>Multilingual Instructions available<\/li>\n<\/ul>\n<h2>Delivery<\/h2>\n<ul>\n<li><strong>France :<\/strong> Direct delivery.<\/li>\n<li><strong>Export (Europe and Africa) :<\/strong> Quote.<\/li>\n<\/ul>","protected":false},"excerpt":{"rendered":"<ul>\n<li>Usage unique pour \u00e9viter la r\u00e9utilisation et garantir la s\u00e9curit\u00e9.<\/li>\n<li>Aiguille cach\u00e9e avant et apr\u00e8s usage pour pr\u00e9venir les blessures accidentelles.<\/li>\n<li>St\u00e9rilisation par gamma assurant une longue dur\u00e9e de conservation.<\/li>\n<li>Con\u00e7ue pour pr\u00e9lever facilement des \u00e9chantillons de sang capillaire.<\/li>\n<\/ul>","protected":false},"featured_media":116266,"comment_status":"open","ping_status":"open","template":"","meta":{"inline_featured_image":false},"product_brand":[],"product_cat":[1287,1298,1299],"product_tag":[],"class_list":{"0":"post-116265","1":"product","2":"type-product","3":"status-publish","4":"has-post-thumbnail","6":"product_cat-diagnostics-laboratoire","7":"product_cat-glucometres-et-multicare","8":"product_cat-lancettes","10":"first","11":"instock","12":"sale","13":"taxable","14":"shipping-taxable","15":"purchasable","16":"product-type-simple"},"_links":{"self":[{"href":"https:\/\/nimedixmedical.com\/en\/wp-json\/wp\/v2\/product\/116265","targetHints":{"allow":["GET"]}}],"collection":[{"href":"https:\/\/nimedixmedical.com\/en\/wp-json\/wp\/v2\/product"}],"about":[{"href":"https:\/\/nimedixmedical.com\/en\/wp-json\/wp\/v2\/types\/product"}],"replies":[{"embeddable":true,"href":"https:\/\/nimedixmedical.com\/en\/wp-json\/wp\/v2\/comments?post=116265"}],"wp:featuredmedia":[{"embeddable":true,"href":"https:\/\/nimedixmedical.com\/en\/wp-json\/wp\/v2\/media\/116266"}],"wp:attachment":[{"href":"https:\/\/nimedixmedical.com\/en\/wp-json\/wp\/v2\/media?parent=116265"}],"wp:term":[{"taxonomy":"product_brand","embeddable":true,"href":"https:\/\/nimedixmedical.com\/en\/wp-json\/wp\/v2\/product_brand?post=116265"},{"taxonomy":"product_cat","embeddable":true,"href":"https:\/\/nimedixmedical.com\/en\/wp-json\/wp\/v2\/product_cat?post=116265"},{"taxonomy":"product_tag","embeddable":true,"href":"https:\/\/nimedixmedical.com\/en\/wp-json\/wp\/v2\/product_tag?post=116265"}],"curies":[{"name":"wp","href":"https:\/\/api.w.org\/{rel}","templated":true}]}}