{"id":116260,"date":"2025-11-30T23:16:22","date_gmt":"2025-11-30T22:16:22","guid":{"rendered":"https:\/\/nimedixmedical.com\/notre-catalogue\/aiguille-de-securite-carree-21g-lancettes-automatiques\/"},"modified":"2026-01-12T15:57:36","modified_gmt":"2026-01-12T14:57:36","slug":"aiguille-de-securite-carree-21g-lancettes-automatiques","status":"publish","type":"product","link":"https:\/\/nimedixmedical.com\/en\/our-catalog\/aiguille-de-securite-carree-21g-lancettes-automatiques\/","title":{"rendered":"Aiguille de Securit\u00e9 Carr\u00e9e 21g &#8211; Lancettes Automatiques"},"content":{"rendered":"<p>Les aiguilles de s\u00e9curit\u00e9 carr\u00e9es 21G sont con\u00e7ues pour faciliter la collecte de sang capillaire tout en assurant la s\u00e9curit\u00e9 de l&#8217;utilisateur. Id\u00e9ales pour les tests de glyc\u00e9mie, elles garantissent une utilisation confortable et st\u00e9rile, r\u00e9pondant ainsi aux exigences des professionnels de sant\u00e9.<\/p>\n<h2>Features<\/h2>\n<ul>\n<li>Type : Square safety lancets<\/li>\n<li>Color : Orange<\/li>\n<li>Profondeur de p\u00e9n\u00e9tration : 2,2 mm<\/li>\n<li>Calibre : 21G<\/li>\n<li>Volume de sang pr\u00e9lev\u00e9 : 40-50 \u00b5L<\/li>\n<li>Finger prick: Yes<\/li>\n<li>Glucose: Yes<\/li>\n<li>H\u00e9matocrite : Oui<\/li>\n<li>Saignement : \u00c9lev\u00e9<\/li>\n<li>Protection contre la r\u00e9utilisation : M\u00e9canisme autodestructeur<\/li>\n<li>St\u00e9rilisation : Garantie par gamma avec languette de protection<\/li>\n<li>Langues des instructions : Multilingues (GB, FR, IT, ES, PT, DE, PL, CZ, SE, RO, SK, NL, DK, FI, EE, HR, HU, LT, LV, NO, SI, BG, RU, GR, Arabe)<\/li>\n<\/ul>\n<h2>Delivery<\/h2>\n<ul>\n<li><strong>France :<\/strong> Direct delivery.<\/li>\n<li><strong>Export (Europe and Africa) :<\/strong> Quote.<\/li>\n<\/ul>","protected":false},"excerpt":{"rendered":"<ul>\n<li>Usage unique : dispositif autodestructeur pour \u00e9viter la r\u00e9utilisation.<\/li>\n<li>S\u00e9curit\u00e9 accrue : aiguille cach\u00e9e avant et apr\u00e8s utilisation pour pr\u00e9venir les blessures.<\/li>\n<li>St\u00e9rilisation garantie : st\u00e9rilis\u00e9e par gamma avec protection jusqu&#8217;\u00e0 l&#8217;utilisation.<\/li>\n<li>Compatible avec plusieurs tests : convient pour piq\u00fbres du doigt et tests de glucose.<\/li>\n<\/ul>","protected":false},"featured_media":116261,"comment_status":"open","ping_status":"open","template":"","meta":{"inline_featured_image":false},"product_brand":[],"product_cat":[1287,1298,1299],"product_tag":[],"class_list":{"0":"post-116260","1":"product","2":"type-product","3":"status-publish","4":"has-post-thumbnail","6":"product_cat-diagnostics-laboratoire","7":"product_cat-glucometres-et-multicare","8":"product_cat-lancettes","10":"first","11":"instock","12":"sale","13":"taxable","14":"shipping-taxable","15":"purchasable","16":"product-type-simple"},"_links":{"self":[{"href":"https:\/\/nimedixmedical.com\/en\/wp-json\/wp\/v2\/product\/116260","targetHints":{"allow":["GET"]}}],"collection":[{"href":"https:\/\/nimedixmedical.com\/en\/wp-json\/wp\/v2\/product"}],"about":[{"href":"https:\/\/nimedixmedical.com\/en\/wp-json\/wp\/v2\/types\/product"}],"replies":[{"embeddable":true,"href":"https:\/\/nimedixmedical.com\/en\/wp-json\/wp\/v2\/comments?post=116260"}],"wp:featuredmedia":[{"embeddable":true,"href":"https:\/\/nimedixmedical.com\/en\/wp-json\/wp\/v2\/media\/116261"}],"wp:attachment":[{"href":"https:\/\/nimedixmedical.com\/en\/wp-json\/wp\/v2\/media?parent=116260"}],"wp:term":[{"taxonomy":"product_brand","embeddable":true,"href":"https:\/\/nimedixmedical.com\/en\/wp-json\/wp\/v2\/product_brand?post=116260"},{"taxonomy":"product_cat","embeddable":true,"href":"https:\/\/nimedixmedical.com\/en\/wp-json\/wp\/v2\/product_cat?post=116260"},{"taxonomy":"product_tag","embeddable":true,"href":"https:\/\/nimedixmedical.com\/en\/wp-json\/wp\/v2\/product_tag?post=116260"}],"curies":[{"name":"wp","href":"https:\/\/api.w.org\/{rel}","templated":true}]}}