{"id":116167,"date":"2025-11-30T23:14:43","date_gmt":"2025-11-30T22:14:43","guid":{"rendered":"https:\/\/nimedixmedical.com\/notre-catalogue\/analyseur-urine-gima-avec-bluetooth\/"},"modified":"2026-01-12T15:57:17","modified_gmt":"2026-01-12T14:57:17","slug":"gima-urine-analyzer-with-bluetooth","status":"publish","type":"product","link":"https:\/\/nimedixmedical.com\/en\/our-catalog\/gima-urine-analyzer-with-bluetooth\/","title":{"rendered":"GIMA Urine Analyzer with Bluetooth"},"content":{"rendered":"<p>L&#8217;analyseur d&#8217;urine Gima est un dispositif m\u00e9dical avanc\u00e9 con\u00e7u pour offrir une \u00e9valuation rapide et pr\u00e9cise des \u00e9chantillons d&#8217;urine. Gr\u00e2ce \u00e0 sa technologie de pointe et \u00e0 sa connectivit\u00e9 Bluetooth, cet appareil facilite le suivi et le diagnostic m\u00e9dical, tout en \u00e9tant adapt\u00e9 pour une utilisation en cabinet m\u00e9dical ou \u00e0 domicile.<\/p>\n<h2>Features<\/h2>\n<ul>\n<li>Analyse des param\u00e8tres: Glucose, Bilirubine, pH, Gravit\u00e9 sp\u00e9cifique, Corps c\u00e9toniques, Sang occulte, Prot\u00e9ines, Urobilinog\u00e8ne, Nitrite, Leucocytes, Acide ascorbique.<\/li>\n<li>\u00c9cran LCD 2,4&#8243; avec une r\u00e9solution de 320&#215;240 pixels pour une visualisation claire.<\/li>\n<li>Connectivit\u00e9 Bluetooth et interface Micro USB pour la transmission des donn\u00e9es.<\/li>\n<li>Capacit\u00e9 de m\u00e9moire pour 500 exemples de donn\u00e9es.<\/li>\n<li>Alimentation par batterie lithium rechargeable (3,7 V, 1800 mAh).<\/li>\n<li>Dimensions compactes : 126&#215;73,5xh 30 mm, poids l\u00e9ger de 0,18 kg.<\/li>\n<\/ul>\n<h2>Delivery<\/h2>\n<ul>\n<li><strong>France :<\/strong> Direct delivery.<\/li>\n<li><strong>Export (Europe and Africa) :<\/strong> Quote.<\/li>\n<\/ul>","protected":false},"excerpt":{"rendered":"<ul>\n<li>Analyse rapide et pr\u00e9cise des urines pour un diagnostic efficace.<\/li>\n<li>Connectivit\u00e9 Bluetooth pour une transmission des donn\u00e9es simplifi\u00e9e.<\/li>\n<li>Id\u00e9al pour le suivi des maladies chroniques et les contr\u00f4les de sant\u00e9 r\u00e9guliers.<\/li>\n<li>\u00c9cran LCD large et interface conviviale pour une utilisation facile.<\/li>\n<\/ul>","protected":false},"featured_media":116168,"comment_status":"open","ping_status":"open","template":"","meta":{"inline_featured_image":false},"product_brand":[],"product_cat":[1294,1287,1288],"product_tag":[],"class_list":{"0":"post-116167","1":"product","2":"type-product","3":"status-publish","4":"has-post-thumbnail","6":"product_cat-bandelettes-et-analyseur-pour-test-urinaire-et-du-sang","7":"product_cat-diagnostics-laboratoire","8":"product_cat-tests-de-diagnostic-appareils-et-bandelettes","10":"first","11":"instock","12":"sale","13":"taxable","14":"shipping-taxable","15":"purchasable","16":"product-type-simple"},"_links":{"self":[{"href":"https:\/\/nimedixmedical.com\/en\/wp-json\/wp\/v2\/product\/116167","targetHints":{"allow":["GET"]}}],"collection":[{"href":"https:\/\/nimedixmedical.com\/en\/wp-json\/wp\/v2\/product"}],"about":[{"href":"https:\/\/nimedixmedical.com\/en\/wp-json\/wp\/v2\/types\/product"}],"replies":[{"embeddable":true,"href":"https:\/\/nimedixmedical.com\/en\/wp-json\/wp\/v2\/comments?post=116167"}],"wp:featuredmedia":[{"embeddable":true,"href":"https:\/\/nimedixmedical.com\/en\/wp-json\/wp\/v2\/media\/116168"}],"wp:attachment":[{"href":"https:\/\/nimedixmedical.com\/en\/wp-json\/wp\/v2\/media?parent=116167"}],"wp:term":[{"taxonomy":"product_brand","embeddable":true,"href":"https:\/\/nimedixmedical.com\/en\/wp-json\/wp\/v2\/product_brand?post=116167"},{"taxonomy":"product_cat","embeddable":true,"href":"https:\/\/nimedixmedical.com\/en\/wp-json\/wp\/v2\/product_cat?post=116167"},{"taxonomy":"product_tag","embeddable":true,"href":"https:\/\/nimedixmedical.com\/en\/wp-json\/wp\/v2\/product_tag?post=116167"}],"curies":[{"name":"wp","href":"https:\/\/api.w.org\/{rel}","templated":true}]}}