{"id":116086,"date":"2025-11-30T23:13:53","date_gmt":"2025-11-30T22:13:53","guid":{"rendered":"https:\/\/nimedixmedical.com\/notre-catalogue\/bandelettes-acide-urique-en-flacon-pour-24128\/"},"modified":"2026-01-12T15:56:50","modified_gmt":"2026-01-12T14:56:50","slug":"bandelettes-acide-urique-en-flacon-pour-24128","status":"publish","type":"product","link":"https:\/\/nimedixmedical.com\/en\/our-catalog\/bandelettes-acide-urique-en-flacon-pour-24128\/","title":{"rendered":"Uric Acid Test Strips in Vial for 24128"},"content":{"rendered":"<p>Les bandelettes acide urique en flacon GIMACARE sont con\u00e7ues pour permettre un autotest facile et rapide des niveaux d&#8217;acide urique. Elles sont id\u00e9ales pour les personnes souhaitant surveiller leur sant\u00e9 et pr\u00e9venir les probl\u00e8mes li\u00e9s \u00e0 des niveaux \u00e9lev\u00e9s d&#8217;acide urique, notamment la goutte.<\/p>\n<h2>Features<\/h2>\n<ul>\n<li>Bandelettes sp\u00e9cifiques pour la mesure de l&#8217;acide urique.<\/li>\n<li>Format pratique en flacon pour une meilleure conservation.<\/li>\n<li>R\u00e9sultats en quelques minutes.<\/li>\n<li>Compatible avec les syst\u00e8mes de test GIMACARE.<\/li>\n<\/ul>\n<h2>Delivery<\/h2>\n<ul>\n<li><strong>France :<\/strong> Direct delivery.<\/li>\n<li><strong>Export (Europe and Africa) :<\/strong> Quote.<\/li>\n<\/ul>","protected":false},"excerpt":{"rendered":"<ul>\n<li>D\u00e9tection rapide des niveaux d&#8217;acide urique dans le sang.<\/li>\n<li>Facilit\u00e9 d&#8217;utilisation pour un autotest \u00e0 domicile.<\/li>\n<li>R\u00e9sultats pr\u00e9cis pour un meilleur suivi de votre sant\u00e9.<\/li>\n<\/ul>","protected":false},"featured_media":116087,"comment_status":"open","ping_status":"open","template":"","meta":{"inline_featured_image":false},"product_brand":[],"product_cat":[1292,1287,1288],"product_tag":[],"class_list":{"0":"post-116086","1":"product","2":"type-product","3":"status-publish","4":"has-post-thumbnail","6":"product_cat-bandelettes-et-appareils-de-diagnostic-pour-autotest","7":"product_cat-diagnostics-laboratoire","8":"product_cat-tests-de-diagnostic-appareils-et-bandelettes","10":"first","11":"instock","12":"sale","13":"taxable","14":"shipping-taxable","15":"purchasable","16":"product-type-simple"},"_links":{"self":[{"href":"https:\/\/nimedixmedical.com\/en\/wp-json\/wp\/v2\/product\/116086","targetHints":{"allow":["GET"]}}],"collection":[{"href":"https:\/\/nimedixmedical.com\/en\/wp-json\/wp\/v2\/product"}],"about":[{"href":"https:\/\/nimedixmedical.com\/en\/wp-json\/wp\/v2\/types\/product"}],"replies":[{"embeddable":true,"href":"https:\/\/nimedixmedical.com\/en\/wp-json\/wp\/v2\/comments?post=116086"}],"wp:featuredmedia":[{"embeddable":true,"href":"https:\/\/nimedixmedical.com\/en\/wp-json\/wp\/v2\/media\/116087"}],"wp:attachment":[{"href":"https:\/\/nimedixmedical.com\/en\/wp-json\/wp\/v2\/media?parent=116086"}],"wp:term":[{"taxonomy":"product_brand","embeddable":true,"href":"https:\/\/nimedixmedical.com\/en\/wp-json\/wp\/v2\/product_brand?post=116086"},{"taxonomy":"product_cat","embeddable":true,"href":"https:\/\/nimedixmedical.com\/en\/wp-json\/wp\/v2\/product_cat?post=116086"},{"taxonomy":"product_tag","embeddable":true,"href":"https:\/\/nimedixmedical.com\/en\/wp-json\/wp\/v2\/product_tag?post=116086"}],"curies":[{"name":"wp","href":"https:\/\/api.w.org\/{rel}","templated":true}]}}