{"id":116070,"date":"2025-11-30T23:13:01","date_gmt":"2025-11-30T22:13:01","guid":{"rendered":"https:\/\/nimedixmedical.com\/notre-catalogue\/test-covid-salivaire-autotest\/"},"modified":"2026-01-12T15:56:48","modified_gmt":"2026-01-12T14:56:48","slug":"test-covid-salivaire-autotest","status":"publish","type":"product","link":"https:\/\/nimedixmedical.com\/en\/our-catalog\/test-covid-salivaire-autotest\/","title":{"rendered":"Test Covid Salivaire &#8211; Autotest"},"content":{"rendered":"<p>Le Test COVID Salivaire est un dispositif d&#8217;autodiagnostic con\u00e7u pour d\u00e9tecter rapidement la pr\u00e9sence d&#8217;antig\u00e8nes du SARS-CoV-2 dans le liquide buccal. Il est destin\u00e9 aux personnes suspect\u00e9es d&#8217;infection et permet une d\u00e9tection rapide et efficace, en seulement 15 minutes.<\/p>\n<h2>Features<\/h2>\n<ul>\n<li>Test immunochromatographique qualitatif pour la d\u00e9tection des antig\u00e8nes nucl\u00e9ocapsidiques du SARS-CoV-2<\/li>\n<li>R\u00e9sultats disponibles en 15 minutes<\/li>\n<li>Pr\u00e9cision \u00e9lev\u00e9e avec une sp\u00e9cificit\u00e9 relative de 99,3%<\/li>\n<li>Kit \u00e0 usage unique incluant un dispositif de test, un dispositif de pr\u00e9l\u00e8vement, un tampon et une notice d&#8217;emballage<\/li>\n<li>Conservation entre 2-30\u00b0C avec une dur\u00e9e de conservation de 12 mois<\/li>\n<li>Bo\u00eete multilingue incluant des instructions en anglais, fran\u00e7ais, italien, espagnol, allemand et portugais<\/li>\n<\/ul>\n<h2>Delivery<\/h2>\n<ul>\n<li><strong>France :<\/strong> Direct delivery.<\/li>\n<li><strong>Export (Europe and Africa) :<\/strong> Quote.<\/li>\n<\/ul>","protected":false},"excerpt":{"rendered":"<ul>\n<li>Test salivaire pour autodiagnostic du COVID-19<\/li>\n<li>R\u00e9sultats rapides en seulement 15 minutes<\/li>\n<li>Pr\u00e9cision \u00e9lev\u00e9e avec une sp\u00e9cificit\u00e9 de 99,3%<\/li>\n<li>Kit pratique et simple \u00e0 utiliser avec tous les accessoires inclus<\/li>\n<\/ul>","protected":false},"featured_media":116071,"comment_status":"open","ping_status":"open","template":"","meta":{"inline_featured_image":false},"product_brand":[],"product_cat":[1292,1287,1288],"product_tag":[],"class_list":{"0":"post-116070","1":"product","2":"type-product","3":"status-publish","4":"has-post-thumbnail","6":"product_cat-bandelettes-et-appareils-de-diagnostic-pour-autotest","7":"product_cat-diagnostics-laboratoire","8":"product_cat-tests-de-diagnostic-appareils-et-bandelettes","10":"first","11":"instock","12":"sale","13":"taxable","14":"shipping-taxable","15":"purchasable","16":"product-type-simple"},"_links":{"self":[{"href":"https:\/\/nimedixmedical.com\/en\/wp-json\/wp\/v2\/product\/116070","targetHints":{"allow":["GET"]}}],"collection":[{"href":"https:\/\/nimedixmedical.com\/en\/wp-json\/wp\/v2\/product"}],"about":[{"href":"https:\/\/nimedixmedical.com\/en\/wp-json\/wp\/v2\/types\/product"}],"replies":[{"embeddable":true,"href":"https:\/\/nimedixmedical.com\/en\/wp-json\/wp\/v2\/comments?post=116070"}],"wp:featuredmedia":[{"embeddable":true,"href":"https:\/\/nimedixmedical.com\/en\/wp-json\/wp\/v2\/media\/116071"}],"wp:attachment":[{"href":"https:\/\/nimedixmedical.com\/en\/wp-json\/wp\/v2\/media?parent=116070"}],"wp:term":[{"taxonomy":"product_brand","embeddable":true,"href":"https:\/\/nimedixmedical.com\/en\/wp-json\/wp\/v2\/product_brand?post=116070"},{"taxonomy":"product_cat","embeddable":true,"href":"https:\/\/nimedixmedical.com\/en\/wp-json\/wp\/v2\/product_cat?post=116070"},{"taxonomy":"product_tag","embeddable":true,"href":"https:\/\/nimedixmedical.com\/en\/wp-json\/wp\/v2\/product_tag?post=116070"}],"curies":[{"name":"wp","href":"https:\/\/api.w.org\/{rel}","templated":true}]}}