{"id":116034,"date":"2025-11-30T23:13:01","date_gmt":"2025-11-30T22:13:01","guid":{"rendered":"https:\/\/nimedixmedical.com\/notre-catalogue\/test-crp-cassette-pour-24600\/"},"modified":"2026-01-12T15:56:38","modified_gmt":"2026-01-12T14:56:38","slug":"test-crp-cassette-pour-24600","status":"publish","type":"product","link":"https:\/\/nimedixmedical.com\/en\/our-catalog\/test-crp-cassette-pour-24600\/","title":{"rendered":"Test Crp &#8211; Cassette pour 24600"},"content":{"rendered":"<p>Le test CRP &#8211; cassette est un outil de diagnostic essentiel pour les professionnels de sant\u00e9, permettant la d\u00e9tection rapide des marqueurs d&#8217;inflammation dans le sang. Il s&#8217;inscrit dans une gamme vari\u00e9e de tests pour un large \u00e9ventail de maladies.<\/p>\n<h2>Features<\/h2>\n<ul>\n<li>Format: Cassette test, box of 10 tests.<\/li>\n<li>Compatible avec l&#8217;analyseur \u00e0 immunofluorescence.<\/li>\n<li>Contenu du kit : Fiche ID, cassette, solution tampon, lancettes de s\u00e9curit\u00e9, pipettes, compte-gouttes (75 \u00b5l + 10 ou 20 \u00b5l).<\/li>\n<li>12 tests disponibles pour d\u00e9pister diverses maladies (inflammation, coagulation, diab\u00e8te, infections, etc.).<\/li>\n<\/ul>\n<h2>Delivery<\/h2>\n<ul>\n<li><strong>France :<\/strong> Direct delivery.<\/li>\n<li><strong>Export (Europe and Africa) :<\/strong> Quote.<\/li>\n<\/ul>","protected":false},"excerpt":{"rendered":"<ul>\n<li>Tests pr\u00eats \u00e0 l&#8217;emploi pour un usage professionnel.<\/li>\n<li>R\u00e9sultats imm\u00e9diats pour un diagnostic rapide des maladies.<\/li>\n<li>Kit complet incluant tous les accessoires n\u00e9cessaires \u00e0 l&#8217;analyse.<\/li>\n<li>Id\u00e9al pour mesurer les marqueurs d&#8217;inflammation et d&#8217;autres pathologies.<\/li>\n<\/ul>","protected":false},"featured_media":116035,"comment_status":"open","ping_status":"open","template":"","meta":{"inline_featured_image":false},"product_brand":[],"product_cat":[1291,1287,1288],"product_tag":[],"class_list":{"0":"post-116034","1":"product","2":"type-product","3":"status-publish","4":"has-post-thumbnail","6":"product_cat-bandelettes-et-appareils-de-diagnostic-pour-utilisation-professionnelle","7":"product_cat-diagnostics-laboratoire","8":"product_cat-tests-de-diagnostic-appareils-et-bandelettes","10":"first","11":"outofstock","12":"sale","13":"taxable","14":"shipping-taxable","15":"purchasable","16":"product-type-simple"},"_links":{"self":[{"href":"https:\/\/nimedixmedical.com\/en\/wp-json\/wp\/v2\/product\/116034","targetHints":{"allow":["GET"]}}],"collection":[{"href":"https:\/\/nimedixmedical.com\/en\/wp-json\/wp\/v2\/product"}],"about":[{"href":"https:\/\/nimedixmedical.com\/en\/wp-json\/wp\/v2\/types\/product"}],"replies":[{"embeddable":true,"href":"https:\/\/nimedixmedical.com\/en\/wp-json\/wp\/v2\/comments?post=116034"}],"wp:featuredmedia":[{"embeddable":true,"href":"https:\/\/nimedixmedical.com\/en\/wp-json\/wp\/v2\/media\/116035"}],"wp:attachment":[{"href":"https:\/\/nimedixmedical.com\/en\/wp-json\/wp\/v2\/media?parent=116034"}],"wp:term":[{"taxonomy":"product_brand","embeddable":true,"href":"https:\/\/nimedixmedical.com\/en\/wp-json\/wp\/v2\/product_brand?post=116034"},{"taxonomy":"product_cat","embeddable":true,"href":"https:\/\/nimedixmedical.com\/en\/wp-json\/wp\/v2\/product_cat?post=116034"},{"taxonomy":"product_tag","embeddable":true,"href":"https:\/\/nimedixmedical.com\/en\/wp-json\/wp\/v2\/product_tag?post=116034"}],"curies":[{"name":"wp","href":"https:\/\/api.w.org\/{rel}","templated":true}]}}