{"id":116008,"date":"2025-11-30T23:12:11","date_gmt":"2025-11-30T22:12:11","guid":{"rendered":"https:\/\/nimedixmedical.com\/notre-catalogue\/bandelettes-dalcoltest-salivaires\/"},"modified":"2026-01-12T15:56:27","modified_gmt":"2026-01-12T14:56:27","slug":"bandelettes-dalcoltest-salivaires","status":"publish","type":"product","link":"https:\/\/nimedixmedical.com\/en\/our-catalog\/bandelettes-dalcoltest-salivaires\/","title":{"rendered":"Bandelettes D&#8217;alcoltest Salivaires"},"content":{"rendered":"<p>Les bandelettes d&#8217;alcooltest salivaires sont con\u00e7ues pour fournir un moyen rapide et efficace de mesurer la concentration d&#8217;alcool dans le sang \u00e0 partir d&#8217;\u00e9chantillons de salive. Ce test est particuli\u00e8rement utile dans le domaine m\u00e9dical et professionnel pour \u00e9valuer la sobri\u00e9t\u00e9 de mani\u00e8re non invasive.<\/p>\n<h2>Features<\/h2>\n<ul>\n<li>R\u00e9sultats en 3-5 minutes seulement<\/li>\n<li>\u00c9chelle de couleurs indiquant des concentrations d&#8217;alcool dans le sang (BAC) de 0,02% \u00e0 0,30%<\/li>\n<li>Aucune instrumentation requise pour les tests<\/li>\n<li>\u00c9vite les pr\u00e9l\u00e8vements d&#8217;urine, facilitant ainsi l&#8217;utilisation<\/li>\n<li>Expiration rapide de 10 \u00e0 22 mois<\/li>\n<li>Utilisation professionnelle recommand\u00e9e<\/li>\n<li>Instructions available in several languages : GB, FR, IT, ES, DE<\/li>\n<\/ul>\n<h2>Delivery<\/h2>\n<ul>\n<li><strong>France :<\/strong> Direct delivery.<\/li>\n<li><strong>Export (Europe and Africa) :<\/strong> Quote.<\/li>\n<\/ul>","protected":false},"excerpt":{"rendered":"<ul>\n<li>Test salivaire rapide et facile pour mesurer la concentration d&#8217;alcool dans le sang.<\/li>\n<li>R\u00e9sultats pr\u00e9cis en seulement 3 \u00e0 5 minutes, sans besoin d&#8217;instrumentation.<\/li>\n<li>Id\u00e9al pour un usage professionnel et \u00e9vite les pr\u00e9l\u00e8vements d&#8217;urine.<\/li>\n<li>Mode d&#8217;emploi multilingue incluant le fran\u00e7ais.<\/li>\n<\/ul>","protected":false},"featured_media":116009,"comment_status":"open","ping_status":"open","template":"","meta":{"inline_featured_image":false},"product_brand":[],"product_cat":[1287,1290,1288],"product_tag":[],"class_list":{"0":"post-116008","1":"product","2":"type-product","3":"status-publish","4":"has-post-thumbnail","6":"product_cat-diagnostics-laboratoire","7":"product_cat-ethylotests","8":"product_cat-tests-de-diagnostic-appareils-et-bandelettes","10":"first","11":"instock","12":"sale","13":"taxable","14":"shipping-taxable","15":"purchasable","16":"product-type-simple"},"_links":{"self":[{"href":"https:\/\/nimedixmedical.com\/en\/wp-json\/wp\/v2\/product\/116008","targetHints":{"allow":["GET"]}}],"collection":[{"href":"https:\/\/nimedixmedical.com\/en\/wp-json\/wp\/v2\/product"}],"about":[{"href":"https:\/\/nimedixmedical.com\/en\/wp-json\/wp\/v2\/types\/product"}],"replies":[{"embeddable":true,"href":"https:\/\/nimedixmedical.com\/en\/wp-json\/wp\/v2\/comments?post=116008"}],"wp:featuredmedia":[{"embeddable":true,"href":"https:\/\/nimedixmedical.com\/en\/wp-json\/wp\/v2\/media\/116009"}],"wp:attachment":[{"href":"https:\/\/nimedixmedical.com\/en\/wp-json\/wp\/v2\/media?parent=116008"}],"wp:term":[{"taxonomy":"product_brand","embeddable":true,"href":"https:\/\/nimedixmedical.com\/en\/wp-json\/wp\/v2\/product_brand?post=116008"},{"taxonomy":"product_cat","embeddable":true,"href":"https:\/\/nimedixmedical.com\/en\/wp-json\/wp\/v2\/product_cat?post=116008"},{"taxonomy":"product_tag","embeddable":true,"href":"https:\/\/nimedixmedical.com\/en\/wp-json\/wp\/v2\/product_tag?post=116008"}],"curies":[{"name":"wp","href":"https:\/\/api.w.org\/{rel}","templated":true}]}}