{"id":115935,"date":"2025-11-30T23:10:37","date_gmt":"2025-11-30T22:10:37","guid":{"rendered":"https:\/\/nimedixmedical.com\/notre-catalogue\/bas-autofixants-longueur-80-90-medium\/"},"modified":"2026-01-12T15:56:02","modified_gmt":"2026-01-12T14:56:02","slug":"hold-ups-length-80-90-medium","status":"publish","type":"product","link":"https:\/\/nimedixmedical.com\/en\/our-catalog\/hold-ups-length-80-90-medium\/","title":{"rendered":"Bas Autofixants Longueur 80-90 &#8211; Medium"},"content":{"rendered":"<p>Les bas autofixants anti-thrombose sont con\u00e7us pour offrir un soutien optimal aux patients avant, pendant et apr\u00e8s une intervention chirurgicale. Gr\u00e2ce \u00e0 leur compression gradu\u00e9e, ils aident \u00e0 pr\u00e9venir la formation de thrombus en favorisant la circulation sanguine.<\/p>\n<h2>Features<\/h2>\n<ul>\n<li>Taille: Medium<\/li>\n<li>Longueur: 80-90 cm<\/li>\n<li>Compression \u00e0 la cheville: 18-20 mm\/Hg<\/li>\n<li>Compos\u00e9 de 82% polyamide et 18% \u00e9lasthane<\/li>\n<li>\u00c9lastique, doux et hypoallerg\u00e9nique (sans latex)<\/li>\n<li>Trou d&#8217;inspection sur le dessus du pied<\/li>\n<li>Talon anatomique pour un meilleur ajustement<\/li>\n<\/ul>\n<h2>Delivery<\/h2>\n<ul>\n<li><strong>France :<\/strong> Direct delivery.<\/li>\n<li><strong>Export (Europe and Africa) :<\/strong> Quote.<\/li>\n<\/ul>","protected":false},"excerpt":{"rendered":"<ul>\n<li>Bas anti-thrombose avec compression gradu\u00e9e pour pr\u00e9venir les thromboembolies.<\/li>\n<li>Taille Medium, longueur 80-90 cm, avec trou d&#8217;inspection pour un confort optimal.<\/li>\n<li>Tissu hypoallerg\u00e9nique, \u00e9lastique et doux, adapt\u00e9 aux peaux sensibles.<\/li>\n<li>Utilisation recommand\u00e9e apr\u00e8s une chirurgie ou pour traiter \u0153d\u00e8mes et entorses.<\/li>\n<\/ul>","protected":false},"featured_media":115933,"comment_status":"open","ping_status":"open","template":"","meta":{"inline_featured_image":false},"product_brand":[],"product_cat":[1284,1282,1236],"product_tag":[],"class_list":{"0":"post-115935","1":"product","2":"type-product","3":"status-publish","4":"has-post-thumbnail","6":"product_cat-bas-de-contention-elastiques-anti-thrombose","7":"product_cat-chaussettes-bas-et-collants-de-compression","8":"product_cat-soins-et-pharmacie","10":"first","11":"instock","12":"sale","13":"taxable","14":"shipping-taxable","15":"purchasable","16":"product-type-simple"},"_links":{"self":[{"href":"https:\/\/nimedixmedical.com\/en\/wp-json\/wp\/v2\/product\/115935","targetHints":{"allow":["GET"]}}],"collection":[{"href":"https:\/\/nimedixmedical.com\/en\/wp-json\/wp\/v2\/product"}],"about":[{"href":"https:\/\/nimedixmedical.com\/en\/wp-json\/wp\/v2\/types\/product"}],"replies":[{"embeddable":true,"href":"https:\/\/nimedixmedical.com\/en\/wp-json\/wp\/v2\/comments?post=115935"}],"wp:featuredmedia":[{"embeddable":true,"href":"https:\/\/nimedixmedical.com\/en\/wp-json\/wp\/v2\/media\/115933"}],"wp:attachment":[{"href":"https:\/\/nimedixmedical.com\/en\/wp-json\/wp\/v2\/media?parent=115935"}],"wp:term":[{"taxonomy":"product_brand","embeddable":true,"href":"https:\/\/nimedixmedical.com\/en\/wp-json\/wp\/v2\/product_brand?post=115935"},{"taxonomy":"product_cat","embeddable":true,"href":"https:\/\/nimedixmedical.com\/en\/wp-json\/wp\/v2\/product_cat?post=115935"},{"taxonomy":"product_tag","embeddable":true,"href":"https:\/\/nimedixmedical.com\/en\/wp-json\/wp\/v2\/product_tag?post=115935"}],"curies":[{"name":"wp","href":"https:\/\/api.w.org\/{rel}","templated":true}]}}