{"id":115932,"date":"2025-11-30T23:10:37","date_gmt":"2025-11-30T22:10:37","guid":{"rendered":"https:\/\/nimedixmedical.com\/notre-catalogue\/bas-autofixants-longueur-80-90-x-large\/"},"modified":"2026-01-12T15:56:01","modified_gmt":"2026-01-12T14:56:01","slug":"bas-autofixants-longueur-80-90-x-large","status":"publish","type":"product","link":"https:\/\/nimedixmedical.com\/en\/our-catalog\/bas-autofixants-longueur-80-90-x-large\/","title":{"rendered":"Hold ups Length 80-90 - X-large"},"content":{"rendered":"<p>Les bas autofixants anti-thrombose sont con\u00e7us pour offrir une compression efficace, particuli\u00e8rement avant, pendant et apr\u00e8s des interventions chirurgicales. Gr\u00e2ce \u00e0 leur conception sp\u00e9cialis\u00e9e, ils aident \u00e0 pr\u00e9venir les risques de formation de thrombus en favorisant la circulation sanguine.<\/p>\n<h2>Features<\/h2>\n<ul>\n<li>Taille : X-Large<\/li>\n<li>Longueur : 80-90 cm<\/li>\n<li>Compression : 18-20 mm\/Hg \u00e0 la cheville<\/li>\n<li>Support optimal pour la pr\u00e9vention de la thromboembolie<\/li>\n<li>Soft, elastic, hypoallergenic fabric (latex-free)<\/li>\n<li>Trou d&#8217;inspection sur le dessus du pied<\/li>\n<li>Composition : 82% polyamide, 18% \u00e9lasthane<\/li>\n<li>Made in Italy<\/li>\n<\/ul>\n<h2>Delivery<\/h2>\n<ul>\n<li><strong>France :<\/strong> Direct delivery.<\/li>\n<li><strong>Export (Europe and Africa) :<\/strong> Quote.<\/li>\n<\/ul>","protected":false},"excerpt":{"rendered":"<ul>\n<li>Bas anti-thrombose avec compression gradu\u00e9e pour la pr\u00e9vention des thromboemboles.<\/li>\n<li>Trou d&#8217;inspection pratique pour un suivi m\u00e9dical facilit\u00e9.<\/li>\n<li>Confort optimal gr\u00e2ce \u00e0 des mat\u00e9riaux hypoallerg\u00e9niques et \u00e9lastiques.<\/li>\n<li>Id\u00e9al pour une utilisation post-chirurgicale et en cas d&#8217;oed\u00e8mes.<\/li>\n<\/ul>","protected":false},"featured_media":115933,"comment_status":"open","ping_status":"open","template":"","meta":{"inline_featured_image":false},"product_brand":[],"product_cat":[1284,1282,1236],"product_tag":[],"class_list":{"0":"post-115932","1":"product","2":"type-product","3":"status-publish","4":"has-post-thumbnail","6":"product_cat-bas-de-contention-elastiques-anti-thrombose","7":"product_cat-chaussettes-bas-et-collants-de-compression","8":"product_cat-soins-et-pharmacie","10":"first","11":"instock","12":"sale","13":"taxable","14":"shipping-taxable","15":"purchasable","16":"product-type-simple"},"_links":{"self":[{"href":"https:\/\/nimedixmedical.com\/en\/wp-json\/wp\/v2\/product\/115932","targetHints":{"allow":["GET"]}}],"collection":[{"href":"https:\/\/nimedixmedical.com\/en\/wp-json\/wp\/v2\/product"}],"about":[{"href":"https:\/\/nimedixmedical.com\/en\/wp-json\/wp\/v2\/types\/product"}],"replies":[{"embeddable":true,"href":"https:\/\/nimedixmedical.com\/en\/wp-json\/wp\/v2\/comments?post=115932"}],"wp:featuredmedia":[{"embeddable":true,"href":"https:\/\/nimedixmedical.com\/en\/wp-json\/wp\/v2\/media\/115933"}],"wp:attachment":[{"href":"https:\/\/nimedixmedical.com\/en\/wp-json\/wp\/v2\/media?parent=115932"}],"wp:term":[{"taxonomy":"product_brand","embeddable":true,"href":"https:\/\/nimedixmedical.com\/en\/wp-json\/wp\/v2\/product_brand?post=115932"},{"taxonomy":"product_cat","embeddable":true,"href":"https:\/\/nimedixmedical.com\/en\/wp-json\/wp\/v2\/product_cat?post=115932"},{"taxonomy":"product_tag","embeddable":true,"href":"https:\/\/nimedixmedical.com\/en\/wp-json\/wp\/v2\/product_tag?post=115932"}],"curies":[{"name":"wp","href":"https:\/\/api.w.org\/{rel}","templated":true}]}}