{"id":115841,"date":"2025-11-30T23:09:01","date_gmt":"2025-11-30T22:09:01","guid":{"rendered":"https:\/\/nimedixmedical.com\/notre-catalogue\/slip-soffisof-incontinence-elevee-moyen\/"},"modified":"2026-01-12T15:55:11","modified_gmt":"2026-01-12T14:55:11","slug":"slip-soffisof-incontinence-elevee-moyen","status":"publish","type":"product","link":"https:\/\/nimedixmedical.com\/en\/our-catalog\/slip-soffisof-incontinence-elevee-moyen\/","title":{"rendered":"Soffisof briefs - High Incontinence - Medium"},"content":{"rendered":"<p>Les slips Soffisof Air Dry Pants sont con\u00e7us pour r\u00e9pondre aux besoins des patients actifs souffrant d&#8217;incontinence mod\u00e9r\u00e9e \u00e0 \u00e9lev\u00e9e. Leur conception innovante offre une respirabilit\u00e9 optimale tout en garantissant confort et s\u00e9curit\u00e9.<\/p>\n<h2>Features<\/h2>\n<ul>\n<li>Taille : Medium (circonf\u00e9rence 70-110 cm)<\/li>\n<li>Indiqu\u00e9s pour l&#8217;incontinence \u00e9lev\u00e9e, sp\u00e9cialement la nuit.<\/li>\n<li>Hypoallerg\u00e9niques et dermo-protecteurs, avec contr\u00f4le des odeurs.<\/li>\n<li>Doublure externe en tissu souple et respirant.<\/li>\n<li>Bande \u00e9lastique ergonomique pour un confort sup\u00e9rieur.<\/li>\n<li>\u00c9lastiques souples et barri\u00e8res anti-fuites pour une protection maximale.<\/li>\n<li>Indicateur d&#8217;humidit\u00e9 \u00e0 affadissement progressif.<\/li>\n<li>Pack multilingue : GB, FR, IT, ES, DE, PT, Arabe.<\/li>\n<li>Made in Italy.<\/li>\n<\/ul>\n<h2>Delivery<\/h2>\n<ul>\n<li><strong>France :<\/strong> Direct delivery.<\/li>\n<li><strong>Export (Europe and Africa) :<\/strong> Quote.<\/li>\n<\/ul>","protected":false},"excerpt":{"rendered":"<ul>\n<li>Usage : Slips jetables pour les personnes souffrant d&#8217;incontinence \u00e9lev\u00e9e, adapt\u00e9s pour la nuit.<\/li>\n<li>B\u00e9n\u00e9fice : Confort optimal gr\u00e2ce \u00e0 la bande \u00e9lastique ergonomique et aux mat\u00e9riaux hypoallerg\u00e9niques.<\/li>\n<li>Protection : \u00c9lastiques souples et barri\u00e8res anti-fuites pour une s\u00e9curit\u00e9 accrue.<\/li>\n<li>Indicateur d&#8217;humidit\u00e9 : Signale le moment id\u00e9al pour changer le slip, garantissant ainsi une hygi\u00e8ne optimale.<\/li>\n<\/ul>","protected":false},"featured_media":115842,"comment_status":"open","ping_status":"open","template":"","meta":{"inline_featured_image":false},"product_brand":[],"product_cat":[1281,1236],"product_tag":[],"class_list":{"0":"post-115841","1":"product","2":"type-product","3":"status-publish","4":"has-post-thumbnail","6":"product_cat-couches-et-draps-pour-incontinence","7":"product_cat-soins-et-pharmacie","9":"first","10":"instock","11":"sale","12":"taxable","13":"shipping-taxable","14":"purchasable","15":"product-type-simple"},"_links":{"self":[{"href":"https:\/\/nimedixmedical.com\/en\/wp-json\/wp\/v2\/product\/115841","targetHints":{"allow":["GET"]}}],"collection":[{"href":"https:\/\/nimedixmedical.com\/en\/wp-json\/wp\/v2\/product"}],"about":[{"href":"https:\/\/nimedixmedical.com\/en\/wp-json\/wp\/v2\/types\/product"}],"replies":[{"embeddable":true,"href":"https:\/\/nimedixmedical.com\/en\/wp-json\/wp\/v2\/comments?post=115841"}],"wp:featuredmedia":[{"embeddable":true,"href":"https:\/\/nimedixmedical.com\/en\/wp-json\/wp\/v2\/media\/115842"}],"wp:attachment":[{"href":"https:\/\/nimedixmedical.com\/en\/wp-json\/wp\/v2\/media?parent=115841"}],"wp:term":[{"taxonomy":"product_brand","embeddable":true,"href":"https:\/\/nimedixmedical.com\/en\/wp-json\/wp\/v2\/product_brand?post=115841"},{"taxonomy":"product_cat","embeddable":true,"href":"https:\/\/nimedixmedical.com\/en\/wp-json\/wp\/v2\/product_cat?post=115841"},{"taxonomy":"product_tag","embeddable":true,"href":"https:\/\/nimedixmedical.com\/en\/wp-json\/wp\/v2\/product_tag?post=115841"}],"curies":[{"name":"wp","href":"https:\/\/api.w.org\/{rel}","templated":true}]}}