{"id":115825,"date":"2025-11-30T23:07:33","date_gmt":"2025-11-30T22:07:33","guid":{"rendered":"https:\/\/nimedixmedical.com\/notre-catalogue\/toiles-de-lit-absorbantes-soffisof-80x180-cm-absorbance-moderee\/"},"modified":"2026-01-12T15:55:07","modified_gmt":"2026-01-12T14:55:07","slug":"toiles-de-lit-absorbantes-soffisof-80x180-cm-absorbance-moderee","status":"publish","type":"product","link":"https:\/\/nimedixmedical.com\/en\/our-catalog\/toiles-de-lit-absorbantes-soffisof-80x180-cm-absorbance-moderee\/","title":{"rendered":"Toiles de Lit Absorbantes Soffisof 80\u00d7180 cm - Moderate Absorbance"},"content":{"rendered":"<p>Les toiles de lit absorbantes Soffisof sont con\u00e7ues pour offrir une protection efficace contre l&#8217;incontinence mod\u00e9r\u00e9e. Elles assurent le confort des utilisateurs tout en pr\u00e9servant les surfaces de contact, telles que les lits et les fauteuils.<\/p>\n<h2>Features<\/h2>\n<ul>\n<li>Dimensions : 80&#215;180 cm.<\/li>\n<li>Id\u00e9ales pour l&#8217;incontinence mod\u00e9r\u00e9e.<\/li>\n<li>Fabriqu\u00e9es en cellulose 100% certifi\u00e9e PEFC.<\/li>\n<li>Barri\u00e8re externe en poly\u00e9thyl\u00e8ne pour une protection maximale.<\/li>\n<li>Disponibles par bo\u00eete de 120 draps (4 bo\u00eetes de 30).<\/li>\n<li>Product made in Italy.<\/li>\n<\/ul>\n<h2>Delivery<\/h2>\n<ul>\n<li><strong>France :<\/strong> Direct delivery.<\/li>\n<li><strong>Export (Europe and Africa) :<\/strong> Quote.<\/li>\n<\/ul>","protected":false},"excerpt":{"rendered":"<ul>\n<li>Protection efficace des lits et des fauteuils contre l&#8217;incontinence mod\u00e9r\u00e9e.<\/li>\n<li>Confort optimal gr\u00e2ce \u00e0 la couche en tissu non tiss\u00e9 souple.<\/li>\n<li>Excellente barri\u00e8re contre les liquides avec un matelas en cellulose superabsorbante.<\/li>\n<li>Facilit\u00e9 d&#8217;utilisation avec des ailettes lat\u00e9rales sur les tailles plus grandes pour une meilleure fixation.<\/li>\n<\/ul>","protected":false},"featured_media":115826,"comment_status":"open","ping_status":"open","template":"","meta":{"inline_featured_image":false},"product_brand":[],"product_cat":[1281,1236],"product_tag":[],"class_list":{"0":"post-115825","1":"product","2":"type-product","3":"status-publish","4":"has-post-thumbnail","6":"product_cat-couches-et-draps-pour-incontinence","7":"product_cat-soins-et-pharmacie","9":"first","10":"instock","11":"sale","12":"taxable","13":"shipping-taxable","14":"purchasable","15":"product-type-simple"},"_links":{"self":[{"href":"https:\/\/nimedixmedical.com\/en\/wp-json\/wp\/v2\/product\/115825","targetHints":{"allow":["GET"]}}],"collection":[{"href":"https:\/\/nimedixmedical.com\/en\/wp-json\/wp\/v2\/product"}],"about":[{"href":"https:\/\/nimedixmedical.com\/en\/wp-json\/wp\/v2\/types\/product"}],"replies":[{"embeddable":true,"href":"https:\/\/nimedixmedical.com\/en\/wp-json\/wp\/v2\/comments?post=115825"}],"wp:featuredmedia":[{"embeddable":true,"href":"https:\/\/nimedixmedical.com\/en\/wp-json\/wp\/v2\/media\/115826"}],"wp:attachment":[{"href":"https:\/\/nimedixmedical.com\/en\/wp-json\/wp\/v2\/media?parent=115825"}],"wp:term":[{"taxonomy":"product_brand","embeddable":true,"href":"https:\/\/nimedixmedical.com\/en\/wp-json\/wp\/v2\/product_brand?post=115825"},{"taxonomy":"product_cat","embeddable":true,"href":"https:\/\/nimedixmedical.com\/en\/wp-json\/wp\/v2\/product_cat?post=115825"},{"taxonomy":"product_tag","embeddable":true,"href":"https:\/\/nimedixmedical.com\/en\/wp-json\/wp\/v2\/product_tag?post=115825"}],"curies":[{"name":"wp","href":"https:\/\/api.w.org\/{rel}","templated":true}]}}