{"id":115775,"date":"2025-11-30T23:07:33","date_gmt":"2025-11-30T22:07:33","guid":{"rendered":"https:\/\/nimedixmedical.com\/notre-catalogue\/coupe-comprimes-avec-boite\/"},"modified":"2026-01-12T15:55:00","modified_gmt":"2026-01-12T14:55:00","slug":"tablet-cutter-with-box","status":"publish","type":"product","link":"https:\/\/nimedixmedical.com\/en\/our-catalog\/tablet-cutter-with-box\/","title":{"rendered":"Tablet cutter - with box"},"content":{"rendered":"<p>Le coupe-comprim\u00e9s est un outil essentiel pour garantir une administration pr\u00e9cise des m\u00e9dicaments. Que ce soit pour les personnes \u00e2g\u00e9es, les enfants ou m\u00eame pour les soins aux animaux, cet accessoire facilite la prise de m\u00e9dicaments tout en assurant la s\u00e9curit\u00e9 et l&#8217;int\u00e9grit\u00e9 des doses. Sa conception pratique en fait un alli\u00e9 de choix pour les soignants.<\/p>\n<h2>Features<\/h2>\n<ul>\n<li>Mat\u00e9riau indestructible et non toxique pour une utilisation en toute s\u00e9curit\u00e9.<\/li>\n<li>Con\u00e7u pour couper avec pr\u00e9cision des comprim\u00e9s et petites\/grandes tablettes.<\/li>\n<li>Inclus un compartiment de rangement pour les comprim\u00e9s coup\u00e9s.<\/li>\n<li>Fabriqu\u00e9 en Belgique avec des standards de qualit\u00e9 \u00e9lev\u00e9s.<\/li>\n<\/ul>\n<h2>Delivery<\/h2>\n<ul>\n<li><strong>France :<\/strong> Direct delivery.<\/li>\n<li><strong>Export (Europe and Africa) :<\/strong> Quote.<\/li>\n<\/ul>","protected":false},"excerpt":{"rendered":"<ul>\n<li>Outil pratique pour couper les comprim\u00e9s, id\u00e9al pour personnes \u00e2g\u00e9es, enfants et soins aux animaux.<\/li>\n<li>\u00c9vite la dispersion des m\u00e9dicaments et assure un dosage pr\u00e9cis.<\/li>\n<li>Facilit\u00e9 de nettoyage au lave-vaisselle gr\u00e2ce \u00e0 son mat\u00e9riau indestructible et non toxique.<\/li>\n<li>Lame en acier inoxydable pour une coupe rapide et efficace.<\/li>\n<\/ul>","protected":false},"featured_media":115776,"comment_status":"open","ping_status":"open","template":"","meta":{"inline_featured_image":false},"product_brand":[],"product_cat":[1280,1276,1236],"product_tag":[],"class_list":{"0":"post-115775","1":"product","2":"type-product","3":"status-publish","4":"has-post-thumbnail","6":"product_cat-coupe-comprimes-broyeurs-de-comprimes","7":"product_cat-coupe-comprimes-broyeurs-de-comprimes-piluliers","8":"product_cat-soins-et-pharmacie","10":"first","11":"instock","12":"sale","13":"taxable","14":"shipping-taxable","15":"purchasable","16":"product-type-simple"},"_links":{"self":[{"href":"https:\/\/nimedixmedical.com\/en\/wp-json\/wp\/v2\/product\/115775","targetHints":{"allow":["GET"]}}],"collection":[{"href":"https:\/\/nimedixmedical.com\/en\/wp-json\/wp\/v2\/product"}],"about":[{"href":"https:\/\/nimedixmedical.com\/en\/wp-json\/wp\/v2\/types\/product"}],"replies":[{"embeddable":true,"href":"https:\/\/nimedixmedical.com\/en\/wp-json\/wp\/v2\/comments?post=115775"}],"wp:featuredmedia":[{"embeddable":true,"href":"https:\/\/nimedixmedical.com\/en\/wp-json\/wp\/v2\/media\/115776"}],"wp:attachment":[{"href":"https:\/\/nimedixmedical.com\/en\/wp-json\/wp\/v2\/media?parent=115775"}],"wp:term":[{"taxonomy":"product_brand","embeddable":true,"href":"https:\/\/nimedixmedical.com\/en\/wp-json\/wp\/v2\/product_brand?post=115775"},{"taxonomy":"product_cat","embeddable":true,"href":"https:\/\/nimedixmedical.com\/en\/wp-json\/wp\/v2\/product_cat?post=115775"},{"taxonomy":"product_tag","embeddable":true,"href":"https:\/\/nimedixmedical.com\/en\/wp-json\/wp\/v2\/product_tag?post=115775"}],"curies":[{"name":"wp","href":"https:\/\/api.w.org\/{rel}","templated":true}]}}