{"id":115740,"date":"2025-11-30T23:06:13","date_gmt":"2025-11-30T22:06:13","guid":{"rendered":"https:\/\/nimedixmedical.com\/notre-catalogue\/feuilles-cellophane-pour-broyeur-severo\/"},"modified":"2026-01-12T15:54:54","modified_gmt":"2026-01-12T14:54:54","slug":"feuilles-cellophane-pour-broyeur-severo","status":"publish","type":"product","link":"https:\/\/nimedixmedical.com\/en\/our-catalog\/feuilles-cellophane-pour-broyeur-severo\/","title":{"rendered":"Cellophane sheets for Severo shredder"},"content":{"rendered":"<p>Les feuilles cellophane pour broyeur Severo sont sp\u00e9cialement con\u00e7ues pour aider \u00e0 la pr\u00e9paration des m\u00e9dicaments. Elles garantissent une manipulation s\u00e9curis\u00e9e des comprim\u00e9s, facilitant leur administration pour les patients ayant des difficult\u00e9s de d\u00e9glutition.<\/p>\n<h2>Features<\/h2>\n<ul>\n<li>Type de produit : Feuille cellophane pour broyeur Severo.<\/li>\n<li>Quantit\u00e9 : Bo\u00eete de 2100 feuilles.<\/li>\n<li>Usage : Con\u00e7ues pour un broyage s\u00fbr et efficace des comprim\u00e9s.<\/li>\n<li>Facilit\u00e9 d&#8217;utilisation avec le broyeur Severo.<\/li>\n<\/ul>\n<h2>Delivery<\/h2>\n<ul>\n<li><strong>France :<\/strong> Direct delivery.<\/li>\n<li><strong>Export (Europe and Africa) :<\/strong> Quote.<\/li>\n<\/ul>","protected":false},"excerpt":{"rendered":"<ul>\n<li>Compatible avec le broyeur Severo pour un usage facilit\u00e9.<\/li>\n<li>Bo\u00eete de 2100 feuilles pour une utilisation prolong\u00e9e.<\/li>\n<li>Permet de broyer les comprim\u00e9s en toute s\u00e9curit\u00e9, sans risque de contamination.<\/li>\n<li>Facilite l&#8217;administration des m\u00e9dicaments pour les patients ayant des difficult\u00e9s \u00e0 avaler.<\/li>\n<\/ul>","protected":false},"featured_media":115741,"comment_status":"open","ping_status":"open","template":"","meta":{"inline_featured_image":false},"product_brand":[],"product_cat":[1280,1276,1236],"product_tag":[],"class_list":{"0":"post-115740","1":"product","2":"type-product","3":"status-publish","4":"has-post-thumbnail","6":"product_cat-coupe-comprimes-broyeurs-de-comprimes","7":"product_cat-coupe-comprimes-broyeurs-de-comprimes-piluliers","8":"product_cat-soins-et-pharmacie","10":"first","11":"instock","12":"sale","13":"taxable","14":"shipping-taxable","15":"purchasable","16":"product-type-simple"},"_links":{"self":[{"href":"https:\/\/nimedixmedical.com\/en\/wp-json\/wp\/v2\/product\/115740","targetHints":{"allow":["GET"]}}],"collection":[{"href":"https:\/\/nimedixmedical.com\/en\/wp-json\/wp\/v2\/product"}],"about":[{"href":"https:\/\/nimedixmedical.com\/en\/wp-json\/wp\/v2\/types\/product"}],"replies":[{"embeddable":true,"href":"https:\/\/nimedixmedical.com\/en\/wp-json\/wp\/v2\/comments?post=115740"}],"wp:featuredmedia":[{"embeddable":true,"href":"https:\/\/nimedixmedical.com\/en\/wp-json\/wp\/v2\/media\/115741"}],"wp:attachment":[{"href":"https:\/\/nimedixmedical.com\/en\/wp-json\/wp\/v2\/media?parent=115740"}],"wp:term":[{"taxonomy":"product_brand","embeddable":true,"href":"https:\/\/nimedixmedical.com\/en\/wp-json\/wp\/v2\/product_brand?post=115740"},{"taxonomy":"product_cat","embeddable":true,"href":"https:\/\/nimedixmedical.com\/en\/wp-json\/wp\/v2\/product_cat?post=115740"},{"taxonomy":"product_tag","embeddable":true,"href":"https:\/\/nimedixmedical.com\/en\/wp-json\/wp\/v2\/product_tag?post=115740"}],"curies":[{"name":"wp","href":"https:\/\/api.w.org\/{rel}","templated":true}]}}