{"id":115625,"date":"2025-11-30T23:05:12","date_gmt":"2025-11-30T22:05:12","guid":{"rendered":"https:\/\/nimedixmedical.com\/notre-catalogue\/doigtier-en-latex-moyen\/"},"modified":"2026-01-12T15:54:28","modified_gmt":"2026-01-12T14:54:28","slug":"doigtier-en-latex-moyen","status":"publish","type":"product","link":"https:\/\/nimedixmedical.com\/en\/our-catalog\/doigtier-en-latex-moyen\/","title":{"rendered":"Latex finger pad - Medium"},"content":{"rendered":"<p>Les doigtiers en latex de taille moyenne sont con\u00e7us pour offrir une protection efficace lors des soins de sant\u00e9. Leur utilisation est essentielle pour \u00e9viter les contaminations crois\u00e9es tout en assurant une manipulation pr\u00e9cise des instruments m\u00e9dicaux.<\/p>\n<h2>Features<\/h2>\n<ul>\n<li>Mat\u00e9riau : latex de qualit\u00e9.<\/li>\n<li>Taille : moyen, s&#8217;adaptant confortablement \u00e0 la majorit\u00e9 des doigts.<\/li>\n<li>Non st\u00e9riles et jetables pour une utilisation unique.<\/li>\n<li>Conditionnement : 10 sachets de 100 unit\u00e9s, soit un total de 1 000 doigtiers par commande.<\/li>\n<li>Talqu\u00e9s pour un enfilage facile et un confort d&#8217;utilisation.<\/li>\n<\/ul>\n<h2>Delivery<\/h2>\n<ul>\n<li><strong>France :<\/strong> Direct delivery.<\/li>\n<li><strong>Export (Europe and Africa) :<\/strong> Quote.<\/li>\n<\/ul>","protected":false},"excerpt":{"rendered":"<ul>\n<li>Protection efficace des doigts lors de manipulations m\u00e9dicales.<\/li>\n<li>Talqu\u00e9s pour un meilleur confort et une utilisation facilit\u00e9e.<\/li>\n<li>Jetables et non st\u00e9riles, garantissant une hygi\u00e8ne optimale.<\/li>\n<li>Commande minimum de 1 000 unit\u00e9s pour un approvisionnement professionnel.<\/li>\n<\/ul>","protected":false},"featured_media":115626,"comment_status":"open","ping_status":"open","template":"","meta":{"inline_featured_image":false},"product_brand":[],"product_cat":[1275,1269,1236],"product_tag":[],"class_list":{"0":"post-115625","1":"product","2":"type-product","3":"status-publish","4":"has-post-thumbnail","6":"product_cat-doigtiers","7":"product_cat-gants-et-doigtiers","8":"product_cat-soins-et-pharmacie","10":"first","11":"instock","12":"sale","13":"taxable","14":"shipping-taxable","15":"purchasable","16":"product-type-simple"},"_links":{"self":[{"href":"https:\/\/nimedixmedical.com\/en\/wp-json\/wp\/v2\/product\/115625","targetHints":{"allow":["GET"]}}],"collection":[{"href":"https:\/\/nimedixmedical.com\/en\/wp-json\/wp\/v2\/product"}],"about":[{"href":"https:\/\/nimedixmedical.com\/en\/wp-json\/wp\/v2\/types\/product"}],"replies":[{"embeddable":true,"href":"https:\/\/nimedixmedical.com\/en\/wp-json\/wp\/v2\/comments?post=115625"}],"wp:featuredmedia":[{"embeddable":true,"href":"https:\/\/nimedixmedical.com\/en\/wp-json\/wp\/v2\/media\/115626"}],"wp:attachment":[{"href":"https:\/\/nimedixmedical.com\/en\/wp-json\/wp\/v2\/media?parent=115625"}],"wp:term":[{"taxonomy":"product_brand","embeddable":true,"href":"https:\/\/nimedixmedical.com\/en\/wp-json\/wp\/v2\/product_brand?post=115625"},{"taxonomy":"product_cat","embeddable":true,"href":"https:\/\/nimedixmedical.com\/en\/wp-json\/wp\/v2\/product_cat?post=115625"},{"taxonomy":"product_tag","embeddable":true,"href":"https:\/\/nimedixmedical.com\/en\/wp-json\/wp\/v2\/product_tag?post=115625"}],"curies":[{"name":"wp","href":"https:\/\/api.w.org\/{rel}","templated":true}]}}