{"id":115571,"date":"2025-11-30T23:04:13","date_gmt":"2025-11-30T22:04:13","guid":{"rendered":"https:\/\/nimedixmedical.com\/notre-catalogue\/gants-latex-sans-poudre-extra-petits\/"},"modified":"2026-01-12T15:54:15","modified_gmt":"2026-01-12T14:54:15","slug":"gants-latex-sans-poudre-extra-petits","status":"publish","type":"product","link":"https:\/\/nimedixmedical.com\/en\/our-catalog\/gants-latex-sans-poudre-extra-petits\/","title":{"rendered":"Gants Latex &#8211; Sans Poudre &#8211; Extra Petits"},"content":{"rendered":"<p>Ces gants en latex sont sp\u00e9cialement con\u00e7us pour le milieu m\u00e9dical, offrant une protection optimale tout en garantissant une sensibilit\u00e9 tactile exceptionnelle. Leur design ambidextre et leur non-poudrage en font un choix id\u00e9al pour les professionnels de sant\u00e9, particuli\u00e8rement ceux qui travaillent avec des peaux sensibles.<\/p>\n<h2>Features<\/h2>\n<ul>\n<li>Gants en pur latex, non st\u00e9riles<\/li>\n<li>Ambidextres avec ourlet<\/li>\n<li>Taille extra small<\/li>\n<li>Non poudr\u00e9s, parfaits pour les peaux sensibles<\/li>\n<li>R\u00e9sistants et sensibles, excellente prise en main<\/li>\n<li>Conditionn\u00e9s en distributeur de 100 unit\u00e9s<\/li>\n<li>Dispositif m\u00e9dical classe I<\/li>\n<li>EPI cat\u00e9gorie II<\/li>\n<li>Certifications : EN455-EN374-AQL&lt;1,5<\/li>\n<\/ul>\n<h2>Delivery<\/h2>\n<ul>\n<li><strong>France :<\/strong> Direct delivery.<\/li>\n<li><strong>Export (Europe and Africa) :<\/strong> Quote.<\/li>\n<\/ul>","protected":false},"excerpt":{"rendered":"<ul>\n<li>Usage : Id\u00e9aux pour les h\u00f4pitaux, cabinets m\u00e9dicaux et laboratoires.<\/li>\n<li>B\u00e9n\u00e9fice : Non poudr\u00e9s, adapt\u00e9s aux peaux sensibles, offrant une excellente prise.<\/li>\n<li>Caract\u00e9ristiques : Gants ambidextres, taille extra small, non st\u00e9riles.<\/li>\n<li>Conditionnement : Distributeur de 100 unit\u00e9s pour un usage pratique.<\/li>\n<\/ul>","protected":false},"featured_media":115572,"comment_status":"open","ping_status":"open","template":"","meta":{"inline_featured_image":false},"product_brand":[],"product_cat":[1272,1269,1236],"product_tag":[],"class_list":{"0":"post-115571","1":"product","2":"type-product","3":"status-publish","4":"has-post-thumbnail","6":"product_cat-gants-en-latex","7":"product_cat-gants-et-doigtiers","8":"product_cat-soins-et-pharmacie","10":"first","11":"instock","12":"sale","13":"taxable","14":"shipping-taxable","15":"purchasable","16":"product-type-simple"},"_links":{"self":[{"href":"https:\/\/nimedixmedical.com\/en\/wp-json\/wp\/v2\/product\/115571","targetHints":{"allow":["GET"]}}],"collection":[{"href":"https:\/\/nimedixmedical.com\/en\/wp-json\/wp\/v2\/product"}],"about":[{"href":"https:\/\/nimedixmedical.com\/en\/wp-json\/wp\/v2\/types\/product"}],"replies":[{"embeddable":true,"href":"https:\/\/nimedixmedical.com\/en\/wp-json\/wp\/v2\/comments?post=115571"}],"wp:featuredmedia":[{"embeddable":true,"href":"https:\/\/nimedixmedical.com\/en\/wp-json\/wp\/v2\/media\/115572"}],"wp:attachment":[{"href":"https:\/\/nimedixmedical.com\/en\/wp-json\/wp\/v2\/media?parent=115571"}],"wp:term":[{"taxonomy":"product_brand","embeddable":true,"href":"https:\/\/nimedixmedical.com\/en\/wp-json\/wp\/v2\/product_brand?post=115571"},{"taxonomy":"product_cat","embeddable":true,"href":"https:\/\/nimedixmedical.com\/en\/wp-json\/wp\/v2\/product_cat?post=115571"},{"taxonomy":"product_tag","embeddable":true,"href":"https:\/\/nimedixmedical.com\/en\/wp-json\/wp\/v2\/product_tag?post=115571"}],"curies":[{"name":"wp","href":"https:\/\/api.w.org\/{rel}","templated":true}]}}