{"id":115559,"date":"2025-11-30T23:04:13","date_gmt":"2025-11-30T22:04:13","guid":{"rendered":"https:\/\/nimedixmedical.com\/notre-catalogue\/gants-de-chirurgie-steriles-75\/"},"modified":"2026-01-12T15:54:12","modified_gmt":"2026-01-12T14:54:12","slug":"gants-de-chirurgie-steriles-75","status":"publish","type":"product","link":"https:\/\/nimedixmedical.com\/en\/our-catalog\/gants-de-chirurgie-steriles-75\/","title":{"rendered":"Gants de Chirurgie St\u00e9riles &#8211; 7,5"},"content":{"rendered":"<p>Les gants de chirurgie st\u00e9riles en latex sont con\u00e7us pour offrir une protection optimale lors des interventions m\u00e9dicales. St\u00e9rilis\u00e9s \u00e0 l&#8217;\u00e9thyl\u00e8ne oxide, ils garantissent une s\u00e9curit\u00e9 maximale pour les professionnels de sant\u00e9 et les patients. Leur confort et leur prise en main en font un choix privil\u00e9gi\u00e9 dans le milieu m\u00e9dical.<\/p>\n<h2>Features<\/h2>\n<ul>\n<li>Pr\u00e9-poudr\u00e9s pour faciliter l\u2019enfilage.<\/li>\n<li>Taille: 7,5, convenant \u00e0 la plupart des praticiens.<\/li>\n<li>Longueur: 300 mm pour une protection accrue.<\/li>\n<li>Conformes \u00e0 la pharmacop\u00e9e internationale USP.<\/li>\n<li>DM Classe II A, EPI cat\u00e9gorie II.<\/li>\n<li>Normes EN455-EN 374 avec un AQL < 1,5.<\/li>\n<\/ul>\n<h2>Delivery<\/h2>\n<ul>\n<li><strong>France :<\/strong> Direct delivery.<\/li>\n<li><strong>Export (Europe and Africa) :<\/strong> Quote.<\/li>\n<\/ul>","protected":false},"excerpt":{"rendered":"<ul>\n<li>Gants chirurgicaux st\u00e9riles en latex pr\u00e9-poudr\u00e9s.<\/li>\n<li>Taille 7,5, adapt\u00e9s pour un confort optimal.<\/li>\n<li>Microtexture de surface pour une excellente prise.<\/li>\n<li>Conditionn\u00e9s par paires en distributeur de 50 paires.<\/li>\n<\/ul>","protected":false},"featured_media":115560,"comment_status":"open","ping_status":"open","template":"","meta":{"inline_featured_image":false},"product_brand":[],"product_cat":[1272,1269,1236],"product_tag":[],"class_list":{"0":"post-115559","1":"product","2":"type-product","3":"status-publish","4":"has-post-thumbnail","6":"product_cat-gants-en-latex","7":"product_cat-gants-et-doigtiers","8":"product_cat-soins-et-pharmacie","10":"first","11":"instock","12":"sale","13":"taxable","14":"shipping-taxable","15":"purchasable","16":"product-type-simple"},"_links":{"self":[{"href":"https:\/\/nimedixmedical.com\/en\/wp-json\/wp\/v2\/product\/115559","targetHints":{"allow":["GET"]}}],"collection":[{"href":"https:\/\/nimedixmedical.com\/en\/wp-json\/wp\/v2\/product"}],"about":[{"href":"https:\/\/nimedixmedical.com\/en\/wp-json\/wp\/v2\/types\/product"}],"replies":[{"embeddable":true,"href":"https:\/\/nimedixmedical.com\/en\/wp-json\/wp\/v2\/comments?post=115559"}],"wp:featuredmedia":[{"embeddable":true,"href":"https:\/\/nimedixmedical.com\/en\/wp-json\/wp\/v2\/media\/115560"}],"wp:attachment":[{"href":"https:\/\/nimedixmedical.com\/en\/wp-json\/wp\/v2\/media?parent=115559"}],"wp:term":[{"taxonomy":"product_brand","embeddable":true,"href":"https:\/\/nimedixmedical.com\/en\/wp-json\/wp\/v2\/product_brand?post=115559"},{"taxonomy":"product_cat","embeddable":true,"href":"https:\/\/nimedixmedical.com\/en\/wp-json\/wp\/v2\/product_cat?post=115559"},{"taxonomy":"product_tag","embeddable":true,"href":"https:\/\/nimedixmedical.com\/en\/wp-json\/wp\/v2\/product_tag?post=115559"}],"curies":[{"name":"wp","href":"https:\/\/api.w.org\/{rel}","templated":true}]}}