{"id":115532,"date":"2025-11-30T23:03:15","date_gmt":"2025-11-30T22:03:15","guid":{"rendered":"https:\/\/nimedixmedical.com\/notre-catalogue\/gants-latex-moyens\/"},"modified":"2026-01-12T15:54:02","modified_gmt":"2026-01-12T14:54:02","slug":"gants-latex-moyens","status":"publish","type":"product","link":"https:\/\/nimedixmedical.com\/en\/our-catalog\/gants-latex-moyens\/","title":{"rendered":"Gants Latex &#8211; Moyens"},"content":{"rendered":"<p>Les gants en latex moyens sont sp\u00e9cialement con\u00e7us pour r\u00e9pondre aux exigences des professionnels de la sant\u00e9. Leur utilisation est incontournable dans les h\u00f4pitaux, les cabinets m\u00e9dicaux et les laboratoires, garantissant une protection efficace tout en conservant une sensibilit\u00e9 optimale.<\/p>\n<h2>Features<\/h2>\n<ul>\n<li>Type : Gants en pur latex, non st\u00e9riles.<\/li>\n<li>Ambidextres : Adapt\u00e9s \u00e0 tous les utilisateurs.<\/li>\n<li>Pr\u00e9-poudr\u00e9s : Facilite l&#8217;enfilage et am\u00e9liore le confort.<\/li>\n<li>Normes : Dispositif m\u00e9dical classe I, conforme aux standards EN455 et EN374, AQL < 1,5.<\/li>\n<li>Conditionnement : Vendu par distributeur de 100 unit\u00e9s.<\/li>\n<\/ul>\n<h2>Delivery<\/h2>\n<ul>\n<li><strong>France :<\/strong> Direct delivery.<\/li>\n<li><strong>Export (Europe and Africa) :<\/strong> Quote.<\/li>\n<\/ul>","protected":false},"excerpt":{"rendered":"<ul>\n<li>Usage : Gants ambidextres, id\u00e9aux pour les soins m\u00e9dicaux.<\/li>\n<li>B\u00e9n\u00e9fice : Excellente prise et protection, garantissant s\u00e9curit\u00e9 et efficacit\u00e9.<\/li>\n<li>Confort : Pr\u00e9-poudr\u00e9s pour un enfilage facile et un confort optimal.<\/li>\n<li>Praticit\u00e9 : Conditionn\u00e9s en distributeur de 100 unit\u00e9s pour un acc\u00e8s rapide.<\/li>\n<\/ul>","protected":false},"featured_media":115533,"comment_status":"open","ping_status":"open","template":"","meta":{"inline_featured_image":false},"product_brand":[],"product_cat":[1272,1269,1236],"product_tag":[],"class_list":{"0":"post-115532","1":"product","2":"type-product","3":"status-publish","4":"has-post-thumbnail","6":"product_cat-gants-en-latex","7":"product_cat-gants-et-doigtiers","8":"product_cat-soins-et-pharmacie","10":"first","11":"instock","12":"sale","13":"taxable","14":"shipping-taxable","15":"purchasable","16":"product-type-simple"},"_links":{"self":[{"href":"https:\/\/nimedixmedical.com\/en\/wp-json\/wp\/v2\/product\/115532","targetHints":{"allow":["GET"]}}],"collection":[{"href":"https:\/\/nimedixmedical.com\/en\/wp-json\/wp\/v2\/product"}],"about":[{"href":"https:\/\/nimedixmedical.com\/en\/wp-json\/wp\/v2\/types\/product"}],"replies":[{"embeddable":true,"href":"https:\/\/nimedixmedical.com\/en\/wp-json\/wp\/v2\/comments?post=115532"}],"wp:featuredmedia":[{"embeddable":true,"href":"https:\/\/nimedixmedical.com\/en\/wp-json\/wp\/v2\/media\/115533"}],"wp:attachment":[{"href":"https:\/\/nimedixmedical.com\/en\/wp-json\/wp\/v2\/media?parent=115532"}],"wp:term":[{"taxonomy":"product_brand","embeddable":true,"href":"https:\/\/nimedixmedical.com\/en\/wp-json\/wp\/v2\/product_brand?post=115532"},{"taxonomy":"product_cat","embeddable":true,"href":"https:\/\/nimedixmedical.com\/en\/wp-json\/wp\/v2\/product_cat?post=115532"},{"taxonomy":"product_tag","embeddable":true,"href":"https:\/\/nimedixmedical.com\/en\/wp-json\/wp\/v2\/product_tag?post=115532"}],"curies":[{"name":"wp","href":"https:\/\/api.w.org\/{rel}","templated":true}]}}