{"id":115451,"date":"2025-11-30T23:02:17","date_gmt":"2025-11-30T22:02:17","guid":{"rendered":"https:\/\/nimedixmedical.com\/notre-catalogue\/gants-nitrile-nitrylex-light-green-moyens\/"},"modified":"2026-01-12T15:53:39","modified_gmt":"2026-01-12T14:53:39","slug":"gants-nitrile-nitrylex-light-green-moyens","status":"publish","type":"product","link":"https:\/\/nimedixmedical.com\/en\/our-catalog\/gants-nitrile-nitrylex-light-green-moyens\/","title":{"rendered":"Nitrile Nitrylex Light Green Gloves - Medium"},"content":{"rendered":"<p>Les gants nitrile Nitrylex Light Green sont con\u00e7us pour offrir une protection optimale lors des examens m\u00e9dicaux. Avec leur finition opaque et textur\u00e9e, ils garantissent \u00e0 la fois confort et s\u00e9curit\u00e9 pour les professionnels de sant\u00e9. Adapt\u00e9s \u00e0 de nombreux environnements, ils repr\u00e9sentent un choix fiable pour le soin des patients.<\/p>\n<h2>Features<\/h2>\n<ul>\n<li>Size: Medium (7-8)<\/li>\n<li>Type : Gants d&#8217;examen et de protection jetables, non st\u00e9riles, non poudr\u00e9s<\/li>\n<li>Surface : Micro-textur\u00e9e au bout des doigts pour une meilleure adh\u00e9rence<\/li>\n<li>Contenu en poudre : &lt; 2 mg\/gant<\/li>\n<li>Poignet : Ourl\u00e9 pour un ajustement optimal<\/li>\n<li>AQL: = 1.0<\/li>\n<li>Classification : DM (Dispositif M\u00e9dical) Classe I, EPI (\u00c9quipement de Protection Individuelle) Cat\u00e9gorie III<\/li>\n<li>Bo\u00eete avec instructions multilingues (GB, FR, IT, etc.)<\/li>\n<\/ul>\n<h2>Delivery<\/h2>\n<ul>\n<li><strong>France :<\/strong> Direct delivery.<\/li>\n<li><strong>Export (Europe and Africa) :<\/strong> Quote.<\/li>\n<\/ul>","protected":false},"excerpt":{"rendered":"<ul>\n<li>Usage : Gants d&#8217;examen et de protection jetables, id\u00e9aux pour les professionnels de sant\u00e9.<\/li>\n<li>B\u00e9n\u00e9fice : Non st\u00e9riles et non poudr\u00e9s, minimisent les risques d&#8217;allergies et d&#8217;irritations cutan\u00e9es.<\/li>\n<li>Conception : Surface textur\u00e9e pour une meilleure pr\u00e9hension des instruments.<\/li>\n<li>Conformit\u00e9 : Certifi\u00e9s selon les normes EN 455 et EN 374 pour assurer une protection optimale.<\/li>\n<\/ul>","protected":false},"featured_media":115452,"comment_status":"open","ping_status":"open","template":"","meta":{"inline_featured_image":false},"product_brand":[],"product_cat":[1271,1269,1236],"product_tag":[],"class_list":{"0":"post-115451","1":"product","2":"type-product","3":"status-publish","4":"has-post-thumbnail","6":"product_cat-gants-en-nitrile","7":"product_cat-gants-et-doigtiers","8":"product_cat-soins-et-pharmacie","10":"first","11":"instock","12":"sale","13":"taxable","14":"shipping-taxable","15":"purchasable","16":"product-type-simple"},"_links":{"self":[{"href":"https:\/\/nimedixmedical.com\/en\/wp-json\/wp\/v2\/product\/115451","targetHints":{"allow":["GET"]}}],"collection":[{"href":"https:\/\/nimedixmedical.com\/en\/wp-json\/wp\/v2\/product"}],"about":[{"href":"https:\/\/nimedixmedical.com\/en\/wp-json\/wp\/v2\/types\/product"}],"replies":[{"embeddable":true,"href":"https:\/\/nimedixmedical.com\/en\/wp-json\/wp\/v2\/comments?post=115451"}],"wp:featuredmedia":[{"embeddable":true,"href":"https:\/\/nimedixmedical.com\/en\/wp-json\/wp\/v2\/media\/115452"}],"wp:attachment":[{"href":"https:\/\/nimedixmedical.com\/en\/wp-json\/wp\/v2\/media?parent=115451"}],"wp:term":[{"taxonomy":"product_brand","embeddable":true,"href":"https:\/\/nimedixmedical.com\/en\/wp-json\/wp\/v2\/product_brand?post=115451"},{"taxonomy":"product_cat","embeddable":true,"href":"https:\/\/nimedixmedical.com\/en\/wp-json\/wp\/v2\/product_cat?post=115451"},{"taxonomy":"product_tag","embeddable":true,"href":"https:\/\/nimedixmedical.com\/en\/wp-json\/wp\/v2\/product_tag?post=115451"}],"curies":[{"name":"wp","href":"https:\/\/api.w.org\/{rel}","templated":true}]}}