{"id":115391,"date":"2025-11-30T23:01:21","date_gmt":"2025-11-30T22:01:21","guid":{"rendered":"https:\/\/nimedixmedical.com\/notre-catalogue\/gants-vinyle-sans-poudre-elastiques-moyens\/"},"modified":"2026-01-12T15:53:23","modified_gmt":"2026-01-12T14:53:23","slug":"gants-vinyle-sans-poudre-elastiques-moyens","status":"publish","type":"product","link":"https:\/\/nimedixmedical.com\/en\/our-catalog\/gants-vinyle-sans-poudre-elastiques-moyens\/","title":{"rendered":"Vinyl Gloves - Powder Free Elastic - Medium"},"content":{"rendered":"<p>Les gants en vinyle sans poudre \u00e9lastiques de taille moyenne sont con\u00e7us pour offrir une protection efficace tout en pr\u00e9servant la sensibilit\u00e9 tactile n\u00e9cessaire dans le domaine m\u00e9dical. Leur composition en PVC les rend adapt\u00e9s \u00e0 un usage quotidien, tout en \u00e9tant respectueux des peaux sensibles.<\/p>\n<h2>Features<\/h2>\n<ul>\n<li>Mat\u00e9riau : Vinyle non poudr\u00e9, sans latex.<\/li>\n<li>Taille : Moyenne.<\/li>\n<li>\u00c9lastiques pour une meilleure sensibilit\u00e9 et prise en main.<\/li>\n<li>Non st\u00e9riles, adapt\u00e9s aux proc\u00e9dures de laboratoire et usage hospitalier.<\/li>\n<li>Conditionnement : Distributeur de 100 unit\u00e9s.<\/li>\n<li>Normes : EN455-EN374-AQL < 1,5.<\/li>\n<li>Cat\u00e9gorie : DM classe I, EPP cat. III.<\/li>\n<\/ul>\n<h2>Delivery<\/h2>\n<ul>\n<li><strong>France :<\/strong> Direct delivery.<\/li>\n<li><strong>Export (Europe and Africa) :<\/strong> Quote.<\/li>\n<\/ul>","protected":false},"excerpt":{"rendered":"<ul>\n<li>Gants en vinyle non poudr\u00e9s, id\u00e9aux pour peaux sensibles.<\/li>\n<li>\u00c9lastiques pour une sensibilit\u00e9 et une prise en main optimales.<\/li>\n<li>Convient pour les proc\u00e9dures de laboratoire et l&#8217;usage hospitalier.<\/li>\n<li>Conditionn\u00e9s en distributeur de 100 unit\u00e9s pour un usage quotidien.<\/li>\n<\/ul>","protected":false},"featured_media":115392,"comment_status":"open","ping_status":"open","template":"","meta":{"inline_featured_image":false},"product_brand":[],"product_cat":[1270,1269,1236],"product_tag":[],"class_list":{"0":"post-115391","1":"product","2":"type-product","3":"status-publish","4":"has-post-thumbnail","6":"product_cat-gants-en-vinyle","7":"product_cat-gants-et-doigtiers","8":"product_cat-soins-et-pharmacie","10":"first","11":"instock","12":"sale","13":"taxable","14":"shipping-taxable","15":"purchasable","16":"product-type-simple"},"_links":{"self":[{"href":"https:\/\/nimedixmedical.com\/en\/wp-json\/wp\/v2\/product\/115391","targetHints":{"allow":["GET"]}}],"collection":[{"href":"https:\/\/nimedixmedical.com\/en\/wp-json\/wp\/v2\/product"}],"about":[{"href":"https:\/\/nimedixmedical.com\/en\/wp-json\/wp\/v2\/types\/product"}],"replies":[{"embeddable":true,"href":"https:\/\/nimedixmedical.com\/en\/wp-json\/wp\/v2\/comments?post=115391"}],"wp:featuredmedia":[{"embeddable":true,"href":"https:\/\/nimedixmedical.com\/en\/wp-json\/wp\/v2\/media\/115392"}],"wp:attachment":[{"href":"https:\/\/nimedixmedical.com\/en\/wp-json\/wp\/v2\/media?parent=115391"}],"wp:term":[{"taxonomy":"product_brand","embeddable":true,"href":"https:\/\/nimedixmedical.com\/en\/wp-json\/wp\/v2\/product_brand?post=115391"},{"taxonomy":"product_cat","embeddable":true,"href":"https:\/\/nimedixmedical.com\/en\/wp-json\/wp\/v2\/product_cat?post=115391"},{"taxonomy":"product_tag","embeddable":true,"href":"https:\/\/nimedixmedical.com\/en\/wp-json\/wp\/v2\/product_tag?post=115391"}],"curies":[{"name":"wp","href":"https:\/\/api.w.org\/{rel}","templated":true}]}}