{"id":115141,"date":"2025-11-30T22:56:31","date_gmt":"2025-11-30T21:56:31","guid":{"rendered":"https:\/\/nimedixmedical.com\/notre-catalogue\/masque-chirurgical-reutilisable-adulte-mycroclean-efb-998-bleu-blanc\/"},"modified":"2026-01-12T15:52:34","modified_gmt":"2026-01-12T14:52:34","slug":"masque-chirurgical-reutilisable-adulte-mycroclean-efb-998-bleu-blanc","status":"publish","type":"product","link":"https:\/\/nimedixmedical.com\/en\/our-catalog\/masque-chirurgical-reutilisable-adulte-mycroclean-efb-998-bleu-blanc\/","title":{"rendered":"Mycroclean Adult Reusable Surgical Mask - Efb 99.8% - Blue-White"},"content":{"rendered":"<p>Le masque chirurgical r\u00e9utilisable adulte Mycroclean est con\u00e7u pour offrir une protection efficace tout en \u00e9tant respectueux de l&#8217;environnement. Parfait pour un usage par les professionnels de sant\u00e9, il combine confort et s\u00e9curit\u00e9 gr\u00e2ce \u00e0 sa haute efficacit\u00e9 de filtration.<\/p>\n<h2>Features<\/h2>\n<ul>\n<li>Type : Masque chirurgical r\u00e9utilisable de Type II selon la norme UNI EN 14683:2019.<\/li>\n<li>Composition : 99% polyester, 1% tissu en fibre de carbon, mat\u00e9riaux d&#8217;origine pr\u00e9f\u00e9rentielle CEE.<\/li>\n<li>Lavabilit\u00e9 : Lavable \u00e0 la main ou en machine jusqu&#8217;\u00e0 500 fois \u00e0 60\u00b0C\/140\u00b0F.<\/li>\n<li>Couleur : Bleu avec bord blanc.<\/li>\n<li>Efficacit\u00e9 de filtration : 90% pour les particules de 0,3 \u00b5m et 95% pour celles de 0,5 \u00b5m.<\/li>\n<li>Certifications : Non cytotoxique, test\u00e9 selon UNI EN ISO 10993-5, EFB = 99,8% conforme \u00e0 UNI EN 14683:2019.<\/li>\n<li>Bioburden: CFU &lt; 30, in compliance with UNI EN 14683:2019.<\/li>\n<li>Instructions : Fournies en multilingue (GB, FR, IT, ES, PT, DE, GR, SE, PL, RO, Arabe).<\/li>\n<\/ul>\n<h2>Delivery<\/h2>\n<ul>\n<li><strong>France :<\/strong> Direct delivery.<\/li>\n<li><strong>Export (Europe and Africa) :<\/strong> Quote.<\/li>\n<\/ul>","protected":false},"excerpt":{"rendered":"<ul>\n<li>Usage : Masque chirurgical r\u00e9utilisable, id\u00e9al pour les professionnels de sant\u00e9 et un usage quotidien.<\/li>\n<li>B\u00e9n\u00e9fice : Efficacit\u00e9 de filtration de 99,8%, assurant une protection optimale contre les particules.<\/li>\n<li>Praticit\u00e9 : Lavable jusqu&#8217;\u00e0 500 fois \u00e0 60\u00b0C, r\u00e9duisant les d\u00e9chets et les co\u00fbts.<\/li>\n<li>Personnalisation : Possibilit\u00e9 de personnaliser avec un logo unicolore pour les commandes en gros.<\/li>\n<\/ul>","protected":false},"featured_media":115142,"comment_status":"open","ping_status":"open","template":"","meta":{"inline_featured_image":false},"product_brand":[],"product_cat":[1266,1265,1236],"product_tag":[],"class_list":{"0":"post-115141","1":"product","2":"type-product","3":"status-publish","4":"has-post-thumbnail","6":"product_cat-masques-masques-de-protection-lunettes-de-protection","7":"product_cat-masques-de-protection-lunettes-de-protection","8":"product_cat-soins-et-pharmacie","10":"first","11":"instock","12":"sale","13":"taxable","14":"shipping-taxable","15":"purchasable","16":"product-type-simple"},"_links":{"self":[{"href":"https:\/\/nimedixmedical.com\/en\/wp-json\/wp\/v2\/product\/115141","targetHints":{"allow":["GET"]}}],"collection":[{"href":"https:\/\/nimedixmedical.com\/en\/wp-json\/wp\/v2\/product"}],"about":[{"href":"https:\/\/nimedixmedical.com\/en\/wp-json\/wp\/v2\/types\/product"}],"replies":[{"embeddable":true,"href":"https:\/\/nimedixmedical.com\/en\/wp-json\/wp\/v2\/comments?post=115141"}],"wp:featuredmedia":[{"embeddable":true,"href":"https:\/\/nimedixmedical.com\/en\/wp-json\/wp\/v2\/media\/115142"}],"wp:attachment":[{"href":"https:\/\/nimedixmedical.com\/en\/wp-json\/wp\/v2\/media?parent=115141"}],"wp:term":[{"taxonomy":"product_brand","embeddable":true,"href":"https:\/\/nimedixmedical.com\/en\/wp-json\/wp\/v2\/product_brand?post=115141"},{"taxonomy":"product_cat","embeddable":true,"href":"https:\/\/nimedixmedical.com\/en\/wp-json\/wp\/v2\/product_cat?post=115141"},{"taxonomy":"product_tag","embeddable":true,"href":"https:\/\/nimedixmedical.com\/en\/wp-json\/wp\/v2\/product_tag?post=115141"}],"curies":[{"name":"wp","href":"https:\/\/api.w.org\/{rel}","templated":true}]}}