{"id":115116,"date":"2025-11-30T22:56:31","date_gmt":"2025-11-30T21:56:31","guid":{"rendered":"https:\/\/nimedixmedical.com\/notre-catalogue\/montre-infirmiere-en-silicone-ronde-violette\/"},"modified":"2026-01-12T15:52:29","modified_gmt":"2026-01-12T14:52:29","slug":"montre-infirmiere-en-silicone-ronde-violette","status":"publish","type":"product","link":"https:\/\/nimedixmedical.com\/en\/our-catalog\/montre-infirmiere-en-silicone-ronde-violette\/","title":{"rendered":"Silicone Nurse Watch - Round - Violet"},"content":{"rendered":"<p>Cette montre infirmi\u00e8re en silicone allie praticit\u00e9 et conformit\u00e9 aux normes m\u00e9dicales. Sp\u00e9cialement con\u00e7ue pour les professionnels de sant\u00e9, elle est un outil essentiel pour le monitoring des patients, tout en garantissant une hygi\u00e8ne optimale.<\/p>\n<h2>Features<\/h2>\n<ul>\n<li>Type: Round nurse's watch<\/li>\n<li>Color : Purple<\/li>\n<li>Mat\u00e9riau : Silicone, avec \u00e9pingle de s\u00fbret\u00e9<\/li>\n<li>Cadran : 35 mm de diam\u00e8tre<\/li>\n<li>Longueur : 85 mm<\/li>\n<li>Dur\u00e9e de vie de la batterie : 12 \u00e0 15 mois<\/li>\n<li>Operating instructions available in several languages (GB, FR, IT, ES, PT, DE, GR, PL, Arabic)<\/li>\n<\/ul>\n<h2>Delivery<\/h2>\n<ul>\n<li><strong>France :<\/strong> Direct delivery.<\/li>\n<li><strong>Export (Europe and Africa) :<\/strong> Quote.<\/li>\n<\/ul>","protected":false},"excerpt":{"rendered":"<ul>\n<li>Con\u00e7ue sp\u00e9cifiquement pour les professionnels de sant\u00e9, cette montre est id\u00e9ale pour les infirmi\u00e8res.<\/li>\n<li>Facilite la mesure du pouls et la dur\u00e9e de st\u00e9rilisation, garantissant une pratique s\u00e9curis\u00e9e.<\/li>\n<li>Fabriqu\u00e9e en silicone avec \u00e9pingle de s\u00fbret\u00e9, elle respecte les normes d&#8217;hygi\u00e8ne en milieu m\u00e9dical.<\/li>\n<li>Dur\u00e9e de vie de la batterie de 12 \u00e0 15 mois pour un usage prolong\u00e9 sans souci.<\/li>\n<\/ul>","protected":false},"featured_media":115117,"comment_status":"open","ping_status":"open","template":"","meta":{"inline_featured_image":false},"product_brand":[],"product_cat":[1264,1236],"product_tag":[],"class_list":{"0":"post-115116","1":"product","2":"type-product","3":"status-publish","4":"has-post-thumbnail","6":"product_cat-montres-ciseaux-pinces-et-accessoires-pour-infirmieres","7":"product_cat-soins-et-pharmacie","9":"first","10":"instock","11":"sale","12":"taxable","13":"shipping-taxable","14":"purchasable","15":"product-type-simple"},"_links":{"self":[{"href":"https:\/\/nimedixmedical.com\/en\/wp-json\/wp\/v2\/product\/115116","targetHints":{"allow":["GET"]}}],"collection":[{"href":"https:\/\/nimedixmedical.com\/en\/wp-json\/wp\/v2\/product"}],"about":[{"href":"https:\/\/nimedixmedical.com\/en\/wp-json\/wp\/v2\/types\/product"}],"replies":[{"embeddable":true,"href":"https:\/\/nimedixmedical.com\/en\/wp-json\/wp\/v2\/comments?post=115116"}],"wp:featuredmedia":[{"embeddable":true,"href":"https:\/\/nimedixmedical.com\/en\/wp-json\/wp\/v2\/media\/115117"}],"wp:attachment":[{"href":"https:\/\/nimedixmedical.com\/en\/wp-json\/wp\/v2\/media?parent=115116"}],"wp:term":[{"taxonomy":"product_brand","embeddable":true,"href":"https:\/\/nimedixmedical.com\/en\/wp-json\/wp\/v2\/product_brand?post=115116"},{"taxonomy":"product_cat","embeddable":true,"href":"https:\/\/nimedixmedical.com\/en\/wp-json\/wp\/v2\/product_cat?post=115116"},{"taxonomy":"product_tag","embeddable":true,"href":"https:\/\/nimedixmedical.com\/en\/wp-json\/wp\/v2\/product_tag?post=115116"}],"curies":[{"name":"wp","href":"https:\/\/api.w.org\/{rel}","templated":true}]}}