{"id":115114,"date":"2025-11-30T22:56:31","date_gmt":"2025-11-30T21:56:31","guid":{"rendered":"https:\/\/nimedixmedical.com\/notre-catalogue\/montre-infirmiere-en-silicone-ronde-rose\/"},"modified":"2026-01-12T15:52:28","modified_gmt":"2026-01-12T14:52:28","slug":"montre-infirmiere-en-silicone-ronde-rose","status":"publish","type":"product","link":"https:\/\/nimedixmedical.com\/en\/our-catalog\/montre-infirmiere-en-silicone-ronde-rose\/","title":{"rendered":"Montre Infirmi\u00e8re en Silicone &#8211; Ronde &#8211; Rose"},"content":{"rendered":"<p>La montre infirmi\u00e8re en silicone rose est un accessoire indispensable pour les professionnels de sant\u00e9. Con\u00e7ue pour r\u00e9pondre aux exigences d&#8217;hygi\u00e8ne, elle permet de mesurer facilement le pouls et la dur\u00e9e de st\u00e9rilisation, tout en offrant un style moderne et pratique.<\/p>\n<h2>Features<\/h2>\n<ul>\n<li>Color : Pink<\/li>\n<li>Type : Ronde<\/li>\n<li>Cadran : 35 mm de diam\u00e8tre<\/li>\n<li>Longueur totale : 85 mm<\/li>\n<li>Dur\u00e9e de la batterie : 12-15 mois apr\u00e8s la premi\u00e8re utilisation<\/li>\n<li>Conforme aux normes interdisant le port de montres-bracelet pour les infirmiers<\/li>\n<li>Operating instructions available in several languages: GB, FR, IT, ES, PT, DE, GR, PL, Arabic<\/li>\n<\/ul>\n<h2>Delivery<\/h2>\n<ul>\n<li><strong>France :<\/strong> Direct delivery.<\/li>\n<li><strong>Export (Europe and Africa) :<\/strong> Quote.<\/li>\n<\/ul>","protected":false},"excerpt":{"rendered":"<ul>\n<li>Montre en silicone avec \u00e9pingle de s\u00fbret\u00e9 pour un port s\u00e9curis\u00e9.<\/li>\n<li>Id\u00e9ale pour les professionnels de sant\u00e9, conforme aux normes d&#8217;hygi\u00e8ne.<\/li>\n<li>Facilite la mesure du pouls et la dur\u00e9e de st\u00e9rilisation des produits.<\/li>\n<li>Dur\u00e9e de vie de la batterie de 12-15 mois pour une utilisation prolong\u00e9e.<\/li>\n<\/ul>","protected":false},"featured_media":115115,"comment_status":"open","ping_status":"open","template":"","meta":{"inline_featured_image":false},"product_brand":[],"product_cat":[1264,1236],"product_tag":[],"class_list":{"0":"post-115114","1":"product","2":"type-product","3":"status-publish","4":"has-post-thumbnail","6":"product_cat-montres-ciseaux-pinces-et-accessoires-pour-infirmieres","7":"product_cat-soins-et-pharmacie","9":"first","10":"instock","11":"sale","12":"taxable","13":"shipping-taxable","14":"purchasable","15":"product-type-simple"},"_links":{"self":[{"href":"https:\/\/nimedixmedical.com\/en\/wp-json\/wp\/v2\/product\/115114","targetHints":{"allow":["GET"]}}],"collection":[{"href":"https:\/\/nimedixmedical.com\/en\/wp-json\/wp\/v2\/product"}],"about":[{"href":"https:\/\/nimedixmedical.com\/en\/wp-json\/wp\/v2\/types\/product"}],"replies":[{"embeddable":true,"href":"https:\/\/nimedixmedical.com\/en\/wp-json\/wp\/v2\/comments?post=115114"}],"wp:featuredmedia":[{"embeddable":true,"href":"https:\/\/nimedixmedical.com\/en\/wp-json\/wp\/v2\/media\/115115"}],"wp:attachment":[{"href":"https:\/\/nimedixmedical.com\/en\/wp-json\/wp\/v2\/media?parent=115114"}],"wp:term":[{"taxonomy":"product_brand","embeddable":true,"href":"https:\/\/nimedixmedical.com\/en\/wp-json\/wp\/v2\/product_brand?post=115114"},{"taxonomy":"product_cat","embeddable":true,"href":"https:\/\/nimedixmedical.com\/en\/wp-json\/wp\/v2\/product_cat?post=115114"},{"taxonomy":"product_tag","embeddable":true,"href":"https:\/\/nimedixmedical.com\/en\/wp-json\/wp\/v2\/product_tag?post=115114"}],"curies":[{"name":"wp","href":"https:\/\/api.w.org\/{rel}","templated":true}]}}