{"id":115112,"date":"2025-11-30T22:56:31","date_gmt":"2025-11-30T21:56:31","guid":{"rendered":"https:\/\/nimedixmedical.com\/notre-catalogue\/montre-infirmiere-en-silicone-ronde-noire\/"},"modified":"2026-01-12T15:52:26","modified_gmt":"2026-01-12T14:52:26","slug":"montre-infirmiere-en-silicone-ronde-noire","status":"publish","type":"product","link":"https:\/\/nimedixmedical.com\/en\/our-catalog\/montre-infirmiere-en-silicone-ronde-noire\/","title":{"rendered":"Montre Infirmi\u00e8re en Silicone &#8211; Ronde &#8211; Noire"},"content":{"rendered":"<p>La montre infirmi\u00e8re en silicone noire est sp\u00e9cialement con\u00e7ue pour r\u00e9pondre aux besoins des professionnels de la sant\u00e9. Son design pratique et conforme aux normes en vigueur garantit un usage optimal lors des soins aux patients.<\/p>\n<h2>Features<\/h2>\n<ul>\n<li>Type : Montre ronde en silicone.<\/li>\n<li>Couleur : Noire.<\/li>\n<li>Cadran de 35 mm pour une lisibilit\u00e9 optimale.<\/li>\n<li>Longueur totale de la montre : 85 mm.<\/li>\n<li>\u00c9pingle de s\u00fbret\u00e9 pour un maintien s\u00e9curis\u00e9.<\/li>\n<li>Operating instructions available in several languages: GB, FR, IT, ES, PT, DE, GR, PL, Arabic.<\/li>\n<li>Dur\u00e9e de vie de la batterie : 12 \u00e0 15 mois apr\u00e8s la premi\u00e8re utilisation.<\/li>\n<\/ul>\n<h2>Delivery<\/h2>\n<ul>\n<li><strong>France :<\/strong> Direct delivery.<\/li>\n<li><strong>Export (Europe and Africa) :<\/strong> Quote.<\/li>\n<\/ul>","protected":false},"excerpt":{"rendered":"<ul>\n<li>Montre ronde en silicone, id\u00e9ale pour les infirmi\u00e8res.<\/li>\n<li>Facilite la prise de pouls et la mesure du temps de st\u00e9rilisation.<\/li>\n<li>Conforme aux normes permettant aux infirmiers de ne pas porter de montre-bracelet.<\/li>\n<li>Dur\u00e9e de vie de la batterie entre 12 et 15 mois.<\/li>\n<\/ul>","protected":false},"featured_media":115113,"comment_status":"open","ping_status":"open","template":"","meta":{"inline_featured_image":false},"product_brand":[],"product_cat":[1264,1236],"product_tag":[],"class_list":{"0":"post-115112","1":"product","2":"type-product","3":"status-publish","4":"has-post-thumbnail","6":"product_cat-montres-ciseaux-pinces-et-accessoires-pour-infirmieres","7":"product_cat-soins-et-pharmacie","9":"first","10":"instock","11":"sale","12":"taxable","13":"shipping-taxable","14":"purchasable","15":"product-type-simple"},"_links":{"self":[{"href":"https:\/\/nimedixmedical.com\/en\/wp-json\/wp\/v2\/product\/115112","targetHints":{"allow":["GET"]}}],"collection":[{"href":"https:\/\/nimedixmedical.com\/en\/wp-json\/wp\/v2\/product"}],"about":[{"href":"https:\/\/nimedixmedical.com\/en\/wp-json\/wp\/v2\/types\/product"}],"replies":[{"embeddable":true,"href":"https:\/\/nimedixmedical.com\/en\/wp-json\/wp\/v2\/comments?post=115112"}],"wp:featuredmedia":[{"embeddable":true,"href":"https:\/\/nimedixmedical.com\/en\/wp-json\/wp\/v2\/media\/115113"}],"wp:attachment":[{"href":"https:\/\/nimedixmedical.com\/en\/wp-json\/wp\/v2\/media?parent=115112"}],"wp:term":[{"taxonomy":"product_brand","embeddable":true,"href":"https:\/\/nimedixmedical.com\/en\/wp-json\/wp\/v2\/product_brand?post=115112"},{"taxonomy":"product_cat","embeddable":true,"href":"https:\/\/nimedixmedical.com\/en\/wp-json\/wp\/v2\/product_cat?post=115112"},{"taxonomy":"product_tag","embeddable":true,"href":"https:\/\/nimedixmedical.com\/en\/wp-json\/wp\/v2\/product_tag?post=115112"}],"curies":[{"name":"wp","href":"https:\/\/api.w.org\/{rel}","templated":true}]}}