{"id":115106,"date":"2025-11-30T22:56:31","date_gmt":"2025-11-30T21:56:31","guid":{"rendered":"https:\/\/nimedixmedical.com\/notre-catalogue\/kit-sangles-en-silicone\/"},"modified":"2026-01-12T15:52:24","modified_gmt":"2026-01-12T14:52:24","slug":"kit-sangles-en-silicone","status":"publish","type":"product","link":"https:\/\/nimedixmedical.com\/en\/our-catalog\/kit-sangles-en-silicone\/","title":{"rendered":"Silicone Strap Kit"},"content":{"rendered":"<p>Le kit de 6 couvre-montres en silicone est un accessoire essentiel pour les professionnels de sant\u00e9 qui souhaitent allier praticit\u00e9 et style. Ces couvre-montres permettent de garder l&#8217;hygi\u00e8ne tout en prot\u00e9geant les montres lors de l&#8217;exercice de leur profession.<\/p>\n<h2>Features<\/h2>\n<ul>\n<li>Contenu : 6 couvre-montres en silicone de diff\u00e9rentes couleurs et formes.<\/li>\n<li>Formes vari\u00e9es : cardiaque, fleur, et couleurs vives (rose, orange, jaune, vert, bleu).<\/li>\n<li>Compatible avec les montres rondes.<\/li>\n<li>Mat\u00e9riau : silicone durable et facile \u00e0 entretenir.<\/li>\n<\/ul>\n<h2>Delivery<\/h2>\n<ul>\n<li><strong>France :<\/strong> Direct delivery.<\/li>\n<li><strong>Export (Europe and Africa) :<\/strong> Quote.<\/li>\n<\/ul>","protected":false},"excerpt":{"rendered":"<ul>\n<li>Kit de 6 couvre-montres en silicone color\u00e9s, adapt\u00e9s aux professionnels de sant\u00e9.<\/li>\n<li>Facilite l&#8217;hygi\u00e8ne et la protection des montres utilis\u00e9es dans un environnement m\u00e9dical.<\/li>\n<li>Design vari\u00e9 pour une personnalisation selon les pr\u00e9f\u00e9rences.<\/li>\n<li>Mat\u00e9riau en silicone durable et facile \u00e0 nettoyer.<\/li>\n<\/ul>","protected":false},"featured_media":115107,"comment_status":"open","ping_status":"open","template":"","meta":{"inline_featured_image":false},"product_brand":[],"product_cat":[1264,1236],"product_tag":[],"class_list":{"0":"post-115106","1":"product","2":"type-product","3":"status-publish","4":"has-post-thumbnail","6":"product_cat-montres-ciseaux-pinces-et-accessoires-pour-infirmieres","7":"product_cat-soins-et-pharmacie","9":"first","10":"instock","11":"sale","12":"taxable","13":"shipping-taxable","14":"purchasable","15":"product-type-simple"},"_links":{"self":[{"href":"https:\/\/nimedixmedical.com\/en\/wp-json\/wp\/v2\/product\/115106","targetHints":{"allow":["GET"]}}],"collection":[{"href":"https:\/\/nimedixmedical.com\/en\/wp-json\/wp\/v2\/product"}],"about":[{"href":"https:\/\/nimedixmedical.com\/en\/wp-json\/wp\/v2\/types\/product"}],"replies":[{"embeddable":true,"href":"https:\/\/nimedixmedical.com\/en\/wp-json\/wp\/v2\/comments?post=115106"}],"wp:featuredmedia":[{"embeddable":true,"href":"https:\/\/nimedixmedical.com\/en\/wp-json\/wp\/v2\/media\/115107"}],"wp:attachment":[{"href":"https:\/\/nimedixmedical.com\/en\/wp-json\/wp\/v2\/media?parent=115106"}],"wp:term":[{"taxonomy":"product_brand","embeddable":true,"href":"https:\/\/nimedixmedical.com\/en\/wp-json\/wp\/v2\/product_brand?post=115106"},{"taxonomy":"product_cat","embeddable":true,"href":"https:\/\/nimedixmedical.com\/en\/wp-json\/wp\/v2\/product_cat?post=115106"},{"taxonomy":"product_tag","embeddable":true,"href":"https:\/\/nimedixmedical.com\/en\/wp-json\/wp\/v2\/product_tag?post=115106"}],"curies":[{"name":"wp","href":"https:\/\/api.w.org\/{rel}","templated":true}]}}