{"id":115104,"date":"2025-11-30T22:56:31","date_gmt":"2025-11-30T21:56:31","guid":{"rendered":"https:\/\/nimedixmedical.com\/notre-catalogue\/montre-infirmiere-en-silicone-ronde-rouge-et-blanche\/"},"modified":"2026-01-12T15:52:23","modified_gmt":"2026-01-12T14:52:23","slug":"red-and-white-round-silicone-nurse-watch","status":"publish","type":"product","link":"https:\/\/nimedixmedical.com\/en\/our-catalog\/red-and-white-round-silicone-nurse-watch\/","title":{"rendered":"Montre Infirmi\u00e8re en Silicone &#8211; Ronde &#8211; Rouge et Blanche"},"content":{"rendered":"<p>La montre infirmi\u00e8re en silicone rouge et blanche est con\u00e7ue sp\u00e9cifiquement pour les professionnels de sant\u00e9. Elle permet de mesurer avec pr\u00e9cision le pouls et la dur\u00e9e de st\u00e9rilisation des produits tout en respectant les normes d&#8217;hygi\u00e8ne en vigueur. Un accessoire essentiel pour tout infirmier.<\/p>\n<h2>Features<\/h2>\n<ul>\n<li>Couleur : Rouge et blanche<\/li>\n<li>35 mm dial for optimum legibility<\/li>\n<li>Watch length: 85 mm<\/li>\n<li>Dur\u00e9e de vie de la batterie : 12-15 mois apr\u00e8s premi\u00e8re utilisation<\/li>\n<li>Operating instructions available in several languages: GB, FR, IT, ES, PT, DE, GR, PL, Arabic<\/li>\n<li>\u00c9pingle de s\u00fbret\u00e9 pour un port s\u00e9curis\u00e9<\/li>\n<\/ul>\n<h2>Delivery<\/h2>\n<ul>\n<li><strong>France :<\/strong> Direct delivery.<\/li>\n<li><strong>Export (Europe and Africa) :<\/strong> Quote.<\/li>\n<\/ul>","protected":false},"excerpt":{"rendered":"<ul>\n<li>Montre infirmi\u00e8re en silicone, id\u00e9ale pour un usage professionnel.<\/li>\n<li>Conforme aux normes, permettant aux infirmiers de suivre les battements et le pouls sans montre-bracelet.<\/li>\n<li>Durabilit\u00e9 de la batterie de 12-15 mois pour une utilisation prolong\u00e9e.<\/li>\n<li>Facilit\u00e9 de port gr\u00e2ce \u00e0 l&#8217;\u00e9pingle de s\u00fbret\u00e9 int\u00e9gr\u00e9e.<\/li>\n<\/ul>","protected":false},"featured_media":115105,"comment_status":"open","ping_status":"open","template":"","meta":{"inline_featured_image":false},"product_brand":[],"product_cat":[1264,1236],"product_tag":[],"class_list":{"0":"post-115104","1":"product","2":"type-product","3":"status-publish","4":"has-post-thumbnail","6":"product_cat-montres-ciseaux-pinces-et-accessoires-pour-infirmieres","7":"product_cat-soins-et-pharmacie","9":"first","10":"instock","11":"sale","12":"taxable","13":"shipping-taxable","14":"purchasable","15":"product-type-simple"},"_links":{"self":[{"href":"https:\/\/nimedixmedical.com\/en\/wp-json\/wp\/v2\/product\/115104","targetHints":{"allow":["GET"]}}],"collection":[{"href":"https:\/\/nimedixmedical.com\/en\/wp-json\/wp\/v2\/product"}],"about":[{"href":"https:\/\/nimedixmedical.com\/en\/wp-json\/wp\/v2\/types\/product"}],"replies":[{"embeddable":true,"href":"https:\/\/nimedixmedical.com\/en\/wp-json\/wp\/v2\/comments?post=115104"}],"wp:featuredmedia":[{"embeddable":true,"href":"https:\/\/nimedixmedical.com\/en\/wp-json\/wp\/v2\/media\/115105"}],"wp:attachment":[{"href":"https:\/\/nimedixmedical.com\/en\/wp-json\/wp\/v2\/media?parent=115104"}],"wp:term":[{"taxonomy":"product_brand","embeddable":true,"href":"https:\/\/nimedixmedical.com\/en\/wp-json\/wp\/v2\/product_brand?post=115104"},{"taxonomy":"product_cat","embeddable":true,"href":"https:\/\/nimedixmedical.com\/en\/wp-json\/wp\/v2\/product_cat?post=115104"},{"taxonomy":"product_tag","embeddable":true,"href":"https:\/\/nimedixmedical.com\/en\/wp-json\/wp\/v2\/product_tag?post=115104"}],"curies":[{"name":"wp","href":"https:\/\/api.w.org\/{rel}","templated":true}]}}