{"id":114914,"date":"2025-11-30T22:52:44","date_gmt":"2025-11-30T21:52:44","guid":{"rendered":"https:\/\/nimedixmedical.com\/notre-catalogue\/pharmadoct-bande-elastique-cohesive-25m-x-6cm-caisse-de-6-boites\/"},"modified":"2026-01-27T07:51:11","modified_gmt":"2026-01-27T06:51:11","slug":"pharmadoct-bande-elastique-cohesive-25m-x-6cm-caisse-de-6-boites","status":"publish","type":"product","link":"https:\/\/nimedixmedical.com\/en\/our-catalog\/pharmadoct-bande-elastique-cohesive-25m-x-6cm-caisse-de-6-boites\/","title":{"rendered":"Pharmadoct Bande \u00c9lastique Coh\u00e9sive 2,5m X 6cm &#8211; Caisse de 6 Bo\u00eetes"},"content":{"rendered":"<div class=\"wpb-content-wrapper\">\t<div  class=\"vc_row wpb_row vc_row-fluid vc_column-gap-default ts-row-wide\"  ><div class=\"wpb_column vc_column_container vc_col-sm-12\">\n\t<div class=\"wpb_wrapper\">\n\t\n\t<div class=\"wpb_text_column wpb_content_element\" >\n\t\t<div class=\"wpb_wrapper\">\n\t\t\t<p>Les bandes \u00e9lastiques coh\u00e9sives Pharmadoct sont con\u00e7ues pour offrir un maintien optimal lors des soins m\u00e9dicaux. Pratiques et faciles \u00e0 utiliser, elles sont id\u00e9ales pour le maintien des pansements et la compression, assurant ainsi un confort optimal pour le patient.<\/p>\n<h2>Features<\/h2>\n<ul>\n<li>Bandes \u00e9lastiques coh\u00e9sives adh\u00e9sives de dimensions : 2,5 m x 6 cm.<\/li>\n<li>Conditionnement : caisse de 6 bo\u00eetes, 1 unit\u00e9 par bo\u00eete.<\/li>\n<li>Produit de la ligne PHARMADOCT, reconnue pour ses soins et bien-\u00eatre.<\/li>\n<li>Graphique des bo\u00eetes sujette \u00e0 changement, disponible en 7 langues (GB, FR, IT, ES, DE, PT, GR).<\/li>\n<\/ul>\n<h2>Delivery<\/h2>\n<ul>\n<li><strong>France :<\/strong> Direct delivery.<\/li>\n<li><strong>Export (Europe and Africa) :<\/strong> Quote.<\/li>\n<\/ul>\n\n\t\t<\/div>\n\t<\/div>\n\t<\/div>\n<\/div><\/div>\n<\/div>","protected":false},"excerpt":{"rendered":"<ul>\n<li>Bandes \u00e9lastiques coh\u00e9sives adh\u00e9sives pour maintien s\u00e9curis\u00e9 des pansements.<\/li>\n<li>Dimensions pratiques : 2,5 m de long et 6 cm de large.<\/li>\n<li>Easy to apply and remove without irritating the skin.<\/li>\n<li>Id\u00e9al pour les soins de premiers secours et la compression.<\/li>\n<\/ul>","protected":false},"featured_media":114915,"comment_status":"open","ping_status":"closed","template":"","meta":{"inline_featured_image":false},"product_brand":[],"product_cat":[1259,1236],"product_tag":[],"class_list":{"0":"post-114914","1":"product","2":"type-product","3":"status-publish","4":"has-post-thumbnail","6":"product_cat-produits-pharmadoct-pour-pharmacie-en-blister","7":"product_cat-soins-et-pharmacie","9":"first","10":"instock","11":"sale","12":"taxable","13":"shipping-taxable","14":"purchasable","15":"product-type-simple"},"_links":{"self":[{"href":"https:\/\/nimedixmedical.com\/en\/wp-json\/wp\/v2\/product\/114914","targetHints":{"allow":["GET"]}}],"collection":[{"href":"https:\/\/nimedixmedical.com\/en\/wp-json\/wp\/v2\/product"}],"about":[{"href":"https:\/\/nimedixmedical.com\/en\/wp-json\/wp\/v2\/types\/product"}],"replies":[{"embeddable":true,"href":"https:\/\/nimedixmedical.com\/en\/wp-json\/wp\/v2\/comments?post=114914"}],"wp:featuredmedia":[{"embeddable":true,"href":"https:\/\/nimedixmedical.com\/en\/wp-json\/wp\/v2\/media\/114915"}],"wp:attachment":[{"href":"https:\/\/nimedixmedical.com\/en\/wp-json\/wp\/v2\/media?parent=114914"}],"wp:term":[{"taxonomy":"product_brand","embeddable":true,"href":"https:\/\/nimedixmedical.com\/en\/wp-json\/wp\/v2\/product_brand?post=114914"},{"taxonomy":"product_cat","embeddable":true,"href":"https:\/\/nimedixmedical.com\/en\/wp-json\/wp\/v2\/product_cat?post=114914"},{"taxonomy":"product_tag","embeddable":true,"href":"https:\/\/nimedixmedical.com\/en\/wp-json\/wp\/v2\/product_tag?post=114914"}],"curies":[{"name":"wp","href":"https:\/\/api.w.org\/{rel}","templated":true}]}}