{"id":114911,"date":"2025-11-30T22:52:44","date_gmt":"2025-11-30T21:52:44","guid":{"rendered":"https:\/\/nimedixmedical.com\/notre-catalogue\/pharmadoct-pansements-pour-cors-caisse-de-12-boites-de-10\/"},"modified":"2026-01-12T15:51:15","modified_gmt":"2026-01-12T14:51:15","slug":"pharmadoct-pansements-pour-cors-caisse-de-12-boites-de-10","status":"publish","type":"product","link":"https:\/\/nimedixmedical.com\/en\/our-catalog\/pharmadoct-pansements-pour-cors-caisse-de-12-boites-de-10\/","title":{"rendered":"Pharmadoct Pansements pour Cors &#8211; Caisse de 12 Bo\u00eetes de 10"},"content":{"rendered":"<p>Les pansements Pharmadoct pour cors sont con\u00e7us pour apporter un soulagement rapide et efficace des douleurs li\u00e9es aux cors. Leur formulation permet de prot\u00e9ger la peau tout en offrant un confort optimal au quotidien.<\/p>\n<h2>Features<\/h2>\n<ul>\n<li>Type de produit : Pansements pour cors<\/li>\n<li>Unit\u00e9 par bo\u00eete : 10 pansements<\/li>\n<li>Commande minimale : 12 bo\u00eetes<\/li>\n<li>Emballage : Plaquettes thermoform\u00e9es en 7 langues (GB, FR, IT, ES, DE, PT, GR)<\/li>\n<\/ul>\n<h2>Delivery<\/h2>\n<ul>\n<li><strong>France :<\/strong> Direct delivery.<\/li>\n<li><strong>Export (Europe and Africa) :<\/strong> Quote.<\/li>\n<\/ul>","protected":false},"excerpt":{"rendered":"<ul>\n<li>Pansements sp\u00e9cialement con\u00e7us pour soulager la douleur caus\u00e9e par les cors.<\/li>\n<li>Faciles \u00e0 appliquer, offrant une protection efficace contre les frottements.<\/li>\n<li>Vente en bo\u00eete de 10, avec une commande minimale de 12 bo\u00eetes.<\/li>\n<li>Disponibles en plaquettes thermoform\u00e9es avec instructions multilingues.<\/li>\n<\/ul>","protected":false},"featured_media":114912,"comment_status":"open","ping_status":"open","template":"","meta":{"inline_featured_image":false},"product_brand":[],"product_cat":[1259,1236],"product_tag":[],"class_list":{"0":"post-114911","1":"product","2":"type-product","3":"status-publish","4":"has-post-thumbnail","6":"product_cat-produits-pharmadoct-pour-pharmacie-en-blister","7":"product_cat-soins-et-pharmacie","9":"first","10":"instock","11":"sale","12":"taxable","13":"shipping-taxable","14":"purchasable","15":"product-type-simple"},"_links":{"self":[{"href":"https:\/\/nimedixmedical.com\/en\/wp-json\/wp\/v2\/product\/114911","targetHints":{"allow":["GET"]}}],"collection":[{"href":"https:\/\/nimedixmedical.com\/en\/wp-json\/wp\/v2\/product"}],"about":[{"href":"https:\/\/nimedixmedical.com\/en\/wp-json\/wp\/v2\/types\/product"}],"replies":[{"embeddable":true,"href":"https:\/\/nimedixmedical.com\/en\/wp-json\/wp\/v2\/comments?post=114911"}],"wp:featuredmedia":[{"embeddable":true,"href":"https:\/\/nimedixmedical.com\/en\/wp-json\/wp\/v2\/media\/114912"}],"wp:attachment":[{"href":"https:\/\/nimedixmedical.com\/en\/wp-json\/wp\/v2\/media?parent=114911"}],"wp:term":[{"taxonomy":"product_brand","embeddable":true,"href":"https:\/\/nimedixmedical.com\/en\/wp-json\/wp\/v2\/product_brand?post=114911"},{"taxonomy":"product_cat","embeddable":true,"href":"https:\/\/nimedixmedical.com\/en\/wp-json\/wp\/v2\/product_cat?post=114911"},{"taxonomy":"product_tag","embeddable":true,"href":"https:\/\/nimedixmedical.com\/en\/wp-json\/wp\/v2\/product_tag?post=114911"}],"curies":[{"name":"wp","href":"https:\/\/api.w.org\/{rel}","templated":true}]}}