{"id":114850,"date":"2025-11-30T22:51:20","date_gmt":"2025-11-30T21:51:20","guid":{"rendered":"https:\/\/nimedixmedical.com\/notre-catalogue\/sabots-ultra-legers-34-bleus\/"},"modified":"2026-01-12T15:50:52","modified_gmt":"2026-01-12T14:50:52","slug":"sabots-ultra-legers-34-bleus","status":"publish","type":"product","link":"https:\/\/nimedixmedical.com\/en\/our-catalog\/sabots-ultra-legers-34-bleus\/","title":{"rendered":"Ultra Light clogs - 34 - Blue"},"content":{"rendered":"<p>Les sabots ultra l\u00e9gers GIMA sont con\u00e7us pour les professionnels de sant\u00e9 \u00e0 la recherche de confort et de s\u00e9curit\u00e9. Avec leur design ergonomique et leur conformit\u00e9 aux normes de s\u00e9curit\u00e9, ils assurent une protection optimale tout en offrant une l\u00e9g\u00e8ret\u00e9 in\u00e9gal\u00e9e.<\/p>\n<h2>Features<\/h2>\n<ul>\n<li>Color : blue<\/li>\n<li>Taille : 34<\/li>\n<li>Normes : EN ISO 20347: A E SRC<\/li>\n<li>Poids : seulement 200 g par paire<\/li>\n<li>A\u00e9ration gr\u00e2ce aux trous lat\u00e9raux, tout en pr\u00e9venant l&#8217;entr\u00e9e de liquides<\/li>\n<li>Anatomiques, respectant la forme naturelle du pied<\/li>\n<li>Antichoc avec absorption d\u2019\u00e9nergie dans la zone du talon<\/li>\n<li>Antiglisse, conforme aux exigences SRC<\/li>\n<li>Antistatiques, efficaces m\u00eame apr\u00e8s de nombreux lavages<\/li>\n<li>Lavables jusqu\u2019\u00e0 50\u00b0C, r\u00e9sistants \u00e0 la st\u00e9rilisation chimique ou UV<\/li>\n<li>Antibact\u00e9riens, antimoisissures, antifongiques<\/li>\n<li>Latex-free<\/li>\n<li>Bo\u00eete multilingue : GB, FR, IT, ES, PT, DE, GR, Arabe<\/li>\n<\/ul>\n<h2>Delivery<\/h2>\n<ul>\n<li><strong>France :<\/strong> Direct delivery.<\/li>\n<li><strong>Export (Europe and Africa) :<\/strong> Quote.<\/li>\n<\/ul>","protected":false},"excerpt":{"rendered":"<ul>\n<li>Id\u00e9ales pour les professionnels de sant\u00e9, offrant confort et s\u00e9curit\u00e9.<\/li>\n<li>Ultra-l\u00e9g\u00e8res avec un poids de seulement 200 g par paire.<\/li>\n<li>A\u00e9ration optimale pour un port prolong\u00e9 sans inconfort.<\/li>\n<li>Norm\u00e9es EN ISO 20347 pour une protection maximale.<\/li>\n<\/ul>","protected":false},"featured_media":114820,"comment_status":"open","ping_status":"open","template":"","meta":{"inline_featured_image":false},"product_brand":[],"product_cat":[1258,1236],"product_tag":[],"class_list":{"0":"post-114850","1":"product","2":"type-product","3":"status-publish","4":"has-post-thumbnail","6":"product_cat-sabots","7":"product_cat-soins-et-pharmacie","9":"first","10":"instock","11":"sale","12":"taxable","13":"shipping-taxable","14":"purchasable","15":"product-type-simple"},"_links":{"self":[{"href":"https:\/\/nimedixmedical.com\/en\/wp-json\/wp\/v2\/product\/114850","targetHints":{"allow":["GET"]}}],"collection":[{"href":"https:\/\/nimedixmedical.com\/en\/wp-json\/wp\/v2\/product"}],"about":[{"href":"https:\/\/nimedixmedical.com\/en\/wp-json\/wp\/v2\/types\/product"}],"replies":[{"embeddable":true,"href":"https:\/\/nimedixmedical.com\/en\/wp-json\/wp\/v2\/comments?post=114850"}],"wp:featuredmedia":[{"embeddable":true,"href":"https:\/\/nimedixmedical.com\/en\/wp-json\/wp\/v2\/media\/114820"}],"wp:attachment":[{"href":"https:\/\/nimedixmedical.com\/en\/wp-json\/wp\/v2\/media?parent=114850"}],"wp:term":[{"taxonomy":"product_brand","embeddable":true,"href":"https:\/\/nimedixmedical.com\/en\/wp-json\/wp\/v2\/product_brand?post=114850"},{"taxonomy":"product_cat","embeddable":true,"href":"https:\/\/nimedixmedical.com\/en\/wp-json\/wp\/v2\/product_cat?post=114850"},{"taxonomy":"product_tag","embeddable":true,"href":"https:\/\/nimedixmedical.com\/en\/wp-json\/wp\/v2\/product_tag?post=114850"}],"curies":[{"name":"wp","href":"https:\/\/api.w.org\/{rel}","templated":true}]}}