{"id":114834,"date":"2025-11-30T22:51:20","date_gmt":"2025-11-30T21:51:20","guid":{"rendered":"https:\/\/nimedixmedical.com\/notre-catalogue\/sabots-ultra-legers-42-bleus\/"},"modified":"2026-01-12T15:50:45","modified_gmt":"2026-01-12T14:50:45","slug":"sabots-ultra-legers-42-bleus","status":"publish","type":"product","link":"https:\/\/nimedixmedical.com\/en\/our-catalog\/sabots-ultra-legers-42-bleus\/","title":{"rendered":"Ultra Light clogs - 42 - Blue"},"content":{"rendered":"<p>Les sabots ultra-l\u00e9gers GIMA sont con\u00e7us pour r\u00e9pondre aux besoins des professionnels de sant\u00e9. Offrant confort, l\u00e9g\u00e8ret\u00e9 et protection, ils sont id\u00e9aux pour un usage quotidien dans les environnements m\u00e9dicaux. Leur conception ergonomique et leurs mat\u00e9riaux de qualit\u00e9 garantissent une exp\u00e9rience d&#8217;utilisation agr\u00e9able et s\u00e9curis\u00e9e.<\/p>\n<h2>Features<\/h2>\n<ul>\n<li>Color : blue<\/li>\n<li>Taille : 42<\/li>\n<li>Poids : chaque paire ne p\u00e8se que 200 g<\/li>\n<li>Conforme aux normes : EN ISO 20347: A E SRC<\/li>\n<li>A\u00e9r\u00e9e avec des trous lat\u00e9raux pour ventilation<\/li>\n<li>Anatomiques pour respecter la forme naturelle du pied<\/li>\n<li>Antichoc avec absorption d&#8217;\u00e9nergie maximale au talon<\/li>\n<li>Antiglisse avec semelle r\u00e9pondant aux exigences SRC<\/li>\n<li>Antistatiques et efficaces m\u00eame apr\u00e8s de nombreux lavages<\/li>\n<li>Lavables jusqu&#8217;\u00e0 50\u00b0C avec d\u00e9tergent neutre<\/li>\n<li>Antibacterial, antimould and antifungal properties<\/li>\n<li>Latex-free<\/li>\n<li>Bo\u00eete multilingue : GB, FR, IT, ES, PT, DE, GR, Arabe<\/li>\n<\/ul>\n<h2>Delivery<\/h2>\n<ul>\n<li><strong>France :<\/strong> Direct delivery.<\/li>\n<li><strong>Export (Europe and Africa) :<\/strong> Quote.<\/li>\n<\/ul>","protected":false},"excerpt":{"rendered":"<ul>\n<li>Use: Ideal for healthcare professionals and medical environments.<\/li>\n<li>B\u00e9n\u00e9fice : L\u00e9g\u00e8ret\u00e9 et confort optimal, avec une protection conforme aux normes EN ISO 20347.<\/li>\n<li>Ventilation : Design a\u00e9r\u00e9 pour un confort accru tout en emp\u00eachant l&#8217;entr\u00e9e de liquides.<\/li>\n<li>Antibact\u00e9rien : Propri\u00e9t\u00e9s antibact\u00e9riens, antifongiques et antimoisissures pour une hygi\u00e8ne renforc\u00e9e.<\/li>\n<\/ul>","protected":false},"featured_media":114820,"comment_status":"open","ping_status":"open","template":"","meta":{"inline_featured_image":false},"product_brand":[],"product_cat":[1258,1236],"product_tag":[],"class_list":{"0":"post-114834","1":"product","2":"type-product","3":"status-publish","4":"has-post-thumbnail","6":"product_cat-sabots","7":"product_cat-soins-et-pharmacie","9":"first","10":"instock","11":"sale","12":"taxable","13":"shipping-taxable","14":"purchasable","15":"product-type-simple"},"_links":{"self":[{"href":"https:\/\/nimedixmedical.com\/en\/wp-json\/wp\/v2\/product\/114834","targetHints":{"allow":["GET"]}}],"collection":[{"href":"https:\/\/nimedixmedical.com\/en\/wp-json\/wp\/v2\/product"}],"about":[{"href":"https:\/\/nimedixmedical.com\/en\/wp-json\/wp\/v2\/types\/product"}],"replies":[{"embeddable":true,"href":"https:\/\/nimedixmedical.com\/en\/wp-json\/wp\/v2\/comments?post=114834"}],"wp:featuredmedia":[{"embeddable":true,"href":"https:\/\/nimedixmedical.com\/en\/wp-json\/wp\/v2\/media\/114820"}],"wp:attachment":[{"href":"https:\/\/nimedixmedical.com\/en\/wp-json\/wp\/v2\/media?parent=114834"}],"wp:term":[{"taxonomy":"product_brand","embeddable":true,"href":"https:\/\/nimedixmedical.com\/en\/wp-json\/wp\/v2\/product_brand?post=114834"},{"taxonomy":"product_cat","embeddable":true,"href":"https:\/\/nimedixmedical.com\/en\/wp-json\/wp\/v2\/product_cat?post=114834"},{"taxonomy":"product_tag","embeddable":true,"href":"https:\/\/nimedixmedical.com\/en\/wp-json\/wp\/v2\/product_tag?post=114834"}],"curies":[{"name":"wp","href":"https:\/\/api.w.org\/{rel}","templated":true}]}}