{"id":114560,"date":"2025-11-30T22:39:02","date_gmt":"2025-11-30T21:39:02","guid":{"rendered":"https:\/\/nimedixmedical.com\/notre-catalogue\/moniteur-de-fievre-48h-paquet-de-3-unites\/"},"modified":"2026-01-12T15:49:58","modified_gmt":"2026-01-12T14:49:58","slug":"moniteur-de-fievre-48h-paquet-de-3-unites","status":"publish","type":"product","link":"https:\/\/nimedixmedical.com\/en\/our-catalog\/moniteur-de-fievre-48h-paquet-de-3-unites\/","title":{"rendered":"Moniteur de Fi\u00e8vre 48h &#8211; Paquet de 3 Unit\u00e9s"},"content":{"rendered":"<p>Le moniteur de fi\u00e8vre 48h est un dispositif m\u00e9dical innovant, con\u00e7u sp\u00e9cifiquement pour surveiller la temp\u00e9rature des b\u00e9b\u00e9s en continu. Gr\u00e2ce \u00e0 sa technologie avanc\u00e9e, il assure un suivi fiable et s\u00e9curis\u00e9 de l&#8217;\u00e9tat de sant\u00e9 de votre enfant pendant 48 heures.<\/p>\n<h2>Features<\/h2>\n<ul>\n<li>Indicateur de fi\u00e8vre continu pour 48 heures de contr\u00f4le.<\/li>\n<li>Thermom\u00e8tre \u00e0 cristaux liquides jetable, non toxique et sans mercure.<\/li>\n<li>Affichage rapide des r\u00e9sultats en 30 secondes.<\/li>\n<li>Conception incassable et facile \u00e0 lire, id\u00e9al pour les b\u00e9b\u00e9s.<\/li>\n<li>Manufacturing high-quality Italian.<\/li>\n<\/ul>\n<h2>Delivery<\/h2>\n<ul>\n<li><strong>France :<\/strong> Direct delivery.<\/li>\n<li><strong>Export (Europe and Africa) :<\/strong> Quote.<\/li>\n<\/ul>","protected":false},"excerpt":{"rendered":"<ul>\n<li>Indicateur de fi\u00e8vre continu pour une surveillance optimale de 48 heures.<\/li>\n<li>Thermom\u00e8tre jetable, non toxique et sans mercure pour une utilisation en toute s\u00e9curit\u00e9.<\/li>\n<li>R\u00e9sultat de temp\u00e9rature en seulement 30 secondes, facile \u00e0 lire.<\/li>\n<li>Id\u00e9al pour les b\u00e9b\u00e9s, fiable et incassable.<\/li>\n<\/ul>","protected":false},"featured_media":114561,"comment_status":"open","ping_status":"open","template":"","meta":{"inline_featured_image":false},"product_brand":[],"product_cat":[1236,1250,1255],"product_tag":[],"class_list":{"0":"post-114560","1":"product","2":"type-product","3":"status-publish","4":"has-post-thumbnail","6":"product_cat-soins-et-pharmacie","7":"product_cat-thermometres-soins-et-pharmacie","8":"product_cat-thermometres-auriculaire-et-frontal","10":"first","11":"instock","12":"sale","13":"taxable","14":"shipping-taxable","15":"purchasable","16":"product-type-simple"},"_links":{"self":[{"href":"https:\/\/nimedixmedical.com\/en\/wp-json\/wp\/v2\/product\/114560","targetHints":{"allow":["GET"]}}],"collection":[{"href":"https:\/\/nimedixmedical.com\/en\/wp-json\/wp\/v2\/product"}],"about":[{"href":"https:\/\/nimedixmedical.com\/en\/wp-json\/wp\/v2\/types\/product"}],"replies":[{"embeddable":true,"href":"https:\/\/nimedixmedical.com\/en\/wp-json\/wp\/v2\/comments?post=114560"}],"wp:featuredmedia":[{"embeddable":true,"href":"https:\/\/nimedixmedical.com\/en\/wp-json\/wp\/v2\/media\/114561"}],"wp:attachment":[{"href":"https:\/\/nimedixmedical.com\/en\/wp-json\/wp\/v2\/media?parent=114560"}],"wp:term":[{"taxonomy":"product_brand","embeddable":true,"href":"https:\/\/nimedixmedical.com\/en\/wp-json\/wp\/v2\/product_brand?post=114560"},{"taxonomy":"product_cat","embeddable":true,"href":"https:\/\/nimedixmedical.com\/en\/wp-json\/wp\/v2\/product_cat?post=114560"},{"taxonomy":"product_tag","embeddable":true,"href":"https:\/\/nimedixmedical.com\/en\/wp-json\/wp\/v2\/product_tag?post=114560"}],"curies":[{"name":"wp","href":"https:\/\/api.w.org\/{rel}","templated":true}]}}