{"id":114545,"date":"2025-11-30T22:39:02","date_gmt":"2025-11-30T21:39:02","guid":{"rendered":"https:\/\/nimedixmedical.com\/notre-catalogue\/thermometre-numerique-gima-a-large-ecran-c-boite\/"},"modified":"2026-01-12T15:49:57","modified_gmt":"2026-01-12T14:49:57","slug":"thermometre-numerique-gima-a-large-ecran-c-boite","status":"publish","type":"product","link":"https:\/\/nimedixmedical.com\/en\/our-catalog\/thermometre-numerique-gima-a-large-ecran-c-boite\/","title":{"rendered":"Thermom\u00e8tre Num\u00e9rique GIMA \u00c1 Large \u00c9cran \u00b0c &#8211; Bo\u00eete"},"content":{"rendered":"<p>Le thermom\u00e8tre num\u00e9rique GIMA \u00e0 large \u00e9cran est id\u00e9al pour un usage m\u00e9dical \u00e0 domicile. Gr\u00e2ce \u00e0 sa pointe flexible et son grand affichage, il permet une lecture rapide et pr\u00e9cise de la temp\u00e9rature corporelle, garantissant ainsi un suivi efficace de la sant\u00e9.<\/p>\n<h2>Features<\/h2>\n<ul>\n<li>Pointe flexible pour un confort d&#8217;utilisation<\/li>\n<li>Large \u00e9cran de 27 x 22 mm pour une lecture facile<\/li>\n<li>Display range: 32.0\u00b0C - 42.9\u00b0C<\/li>\n<li>Accuracy: \u00b1 0.1 \u00b0C<\/li>\n<li>M\u00e9moire de la derni\u00e8re mesure<\/li>\n<li>Ringing function and automatic switch-off<\/li>\n<li>\u00c9tui en plastique inclus<\/li>\n<li>Multilingual operating instructions (GB, FR, IT, ES, PT, GR)<\/li>\n<\/ul>\n<h2>Delivery<\/h2>\n<ul>\n<li><strong>France :<\/strong> Direct delivery.<\/li>\n<li><strong>Export (Europe and Africa) :<\/strong> Quote.<\/li>\n<\/ul>","protected":false},"excerpt":{"rendered":"<ul>\n<li>Usage : Thermom\u00e8tre num\u00e9rique facile \u00e0 utiliser pour la prise de temp\u00e9rature corporelle.<\/li>\n<li>B\u00e9n\u00e9fice : R\u00e9sultats rapides et pr\u00e9cis avec un affichage clair sur un large \u00e9cran.<\/li>\n<li>Fonctionnalit\u00e9s : M\u00e9moire de la derni\u00e8re mesure et extinction automatique pour une utilisation pratique.<\/li>\n<li>Pr\u00e9cision : Pr\u00e9cision de \u00b1 0,1 \u00b0C pour des mesures fiables.<\/li>\n<\/ul>","protected":false},"featured_media":114546,"comment_status":"open","ping_status":"open","template":"","meta":{"inline_featured_image":false},"product_brand":[],"product_cat":[1236,1250,1254],"product_tag":[],"class_list":{"0":"post-114545","1":"product","2":"type-product","3":"status-publish","4":"has-post-thumbnail","6":"product_cat-soins-et-pharmacie","7":"product_cat-thermometres-soins-et-pharmacie","8":"product_cat-thermometres-digitaux","10":"first","11":"instock","12":"sale","13":"taxable","14":"shipping-taxable","15":"purchasable","16":"product-type-simple"},"_links":{"self":[{"href":"https:\/\/nimedixmedical.com\/en\/wp-json\/wp\/v2\/product\/114545","targetHints":{"allow":["GET"]}}],"collection":[{"href":"https:\/\/nimedixmedical.com\/en\/wp-json\/wp\/v2\/product"}],"about":[{"href":"https:\/\/nimedixmedical.com\/en\/wp-json\/wp\/v2\/types\/product"}],"replies":[{"embeddable":true,"href":"https:\/\/nimedixmedical.com\/en\/wp-json\/wp\/v2\/comments?post=114545"}],"wp:featuredmedia":[{"embeddable":true,"href":"https:\/\/nimedixmedical.com\/en\/wp-json\/wp\/v2\/media\/114546"}],"wp:attachment":[{"href":"https:\/\/nimedixmedical.com\/en\/wp-json\/wp\/v2\/media?parent=114545"}],"wp:term":[{"taxonomy":"product_brand","embeddable":true,"href":"https:\/\/nimedixmedical.com\/en\/wp-json\/wp\/v2\/product_brand?post=114545"},{"taxonomy":"product_cat","embeddable":true,"href":"https:\/\/nimedixmedical.com\/en\/wp-json\/wp\/v2\/product_cat?post=114545"},{"taxonomy":"product_tag","embeddable":true,"href":"https:\/\/nimedixmedical.com\/en\/wp-json\/wp\/v2\/product_tag?post=114545"}],"curies":[{"name":"wp","href":"https:\/\/api.w.org\/{rel}","templated":true}]}}