{"id":114542,"date":"2025-11-30T22:39:02","date_gmt":"2025-11-30T21:39:02","guid":{"rendered":"https:\/\/nimedixmedical.com\/notre-catalogue\/thermometre-numerique-gima-bl1-a-large-ecran-c-boite\/"},"modified":"2026-01-12T15:49:56","modified_gmt":"2026-01-12T14:49:56","slug":"thermometre-numerique-gima-bl1-a-large-ecran-c-boite","status":"publish","type":"product","link":"https:\/\/nimedixmedical.com\/en\/our-catalog\/thermometre-numerique-gima-bl1-a-large-ecran-c-boite\/","title":{"rendered":"Thermom\u00e8tre Num\u00e9rique GIMA Bl1 \u00c1 Large \u00c9cran \u00b0c &#8211; Bo\u00eete"},"content":{"rendered":"<p>Le thermom\u00e8tre num\u00e9rique GIMA BL1 est un outil essentiel pour le suivi de la temp\u00e9rature corporelle \u00e0 domicile ou en milieu m\u00e9dical. Sa conception ergonomique et ses fonctionnalit\u00e9s avanc\u00e9es en font un choix id\u00e9al pour les familles et les professionnels de sant\u00e9.<\/p>\n<h2>Features<\/h2>\n<ul>\n<li>Pointe flexible et imperm\u00e9able pour un usage confortable.<\/li>\n<li>Large \u00e9cran de 27 x 22 mm avec r\u00e9tro\u00e9clairage apr\u00e8s la mesure.<\/li>\n<li>Plage d&#8217;affichage : 32,0 \u00b0C &#8211; 42,9 \u00b0C.<\/li>\n<li>Pr\u00e9cision de mesure : \u00b1 0,1 \u00b0C.<\/li>\n<li>Fonction m\u00e9moire pour conserver la derni\u00e8re mesure.<\/li>\n<li>Fonction sonnerie et extinction automatique pour une utilisation pratique.<\/li>\n<li>Livr\u00e9 avec un \u00e9tui en plastique et un mode d&#8217;emploi multilingue (GB, FR, IT, ES, PT, GR).<\/li>\n<\/ul>\n<h2>Delivery<\/h2>\n<ul>\n<li><strong>France :<\/strong> Direct delivery.<\/li>\n<li><strong>Export (Europe and Africa) :<\/strong> Quote.<\/li>\n<\/ul>","protected":false},"excerpt":{"rendered":"<ul>\n<li>Usage : Thermom\u00e8tre num\u00e9rique id\u00e9al pour une mesure rapide et pr\u00e9cise de la temp\u00e9rature corporelle.<\/li>\n<li>B\u00e9n\u00e9fice : Large \u00e9cran r\u00e9tro\u00e9clair\u00e9 pour une lecture facile, m\u00eame dans des conditions de faible luminosit\u00e9.<\/li>\n<li>Pr\u00e9cision : Marges d&#8217;erreur minimales de \u00b1 0,1 \u00b0C pour des r\u00e9sultats fiables.<\/li>\n<li>Fonctionnalit\u00e9s suppl\u00e9mentaires : Indicateur de batterie faible et m\u00e9moire de la derni\u00e8re mesure pour plus de commodit\u00e9.<\/li>\n<\/ul>","protected":false},"featured_media":114543,"comment_status":"open","ping_status":"open","template":"","meta":{"inline_featured_image":false},"product_brand":[],"product_cat":[1236,1250,1254],"product_tag":[],"class_list":{"0":"post-114542","1":"product","2":"type-product","3":"status-publish","4":"has-post-thumbnail","6":"product_cat-soins-et-pharmacie","7":"product_cat-thermometres-soins-et-pharmacie","8":"product_cat-thermometres-digitaux","10":"first","11":"instock","12":"sale","13":"taxable","14":"shipping-taxable","15":"purchasable","16":"product-type-simple"},"_links":{"self":[{"href":"https:\/\/nimedixmedical.com\/en\/wp-json\/wp\/v2\/product\/114542","targetHints":{"allow":["GET"]}}],"collection":[{"href":"https:\/\/nimedixmedical.com\/en\/wp-json\/wp\/v2\/product"}],"about":[{"href":"https:\/\/nimedixmedical.com\/en\/wp-json\/wp\/v2\/types\/product"}],"replies":[{"embeddable":true,"href":"https:\/\/nimedixmedical.com\/en\/wp-json\/wp\/v2\/comments?post=114542"}],"wp:featuredmedia":[{"embeddable":true,"href":"https:\/\/nimedixmedical.com\/en\/wp-json\/wp\/v2\/media\/114543"}],"wp:attachment":[{"href":"https:\/\/nimedixmedical.com\/en\/wp-json\/wp\/v2\/media?parent=114542"}],"wp:term":[{"taxonomy":"product_brand","embeddable":true,"href":"https:\/\/nimedixmedical.com\/en\/wp-json\/wp\/v2\/product_brand?post=114542"},{"taxonomy":"product_cat","embeddable":true,"href":"https:\/\/nimedixmedical.com\/en\/wp-json\/wp\/v2\/product_cat?post=114542"},{"taxonomy":"product_tag","embeddable":true,"href":"https:\/\/nimedixmedical.com\/en\/wp-json\/wp\/v2\/product_tag?post=114542"}],"curies":[{"name":"wp","href":"https:\/\/api.w.org\/{rel}","templated":true}]}}