{"id":114489,"date":"2025-11-30T22:38:16","date_gmt":"2025-11-30T21:38:16","guid":{"rendered":"https:\/\/nimedixmedical.com\/notre-catalogue\/thermometre-geratherm-classic-gbplltlveeczsksihuhrsrro-2\/"},"modified":"2026-01-12T15:49:39","modified_gmt":"2026-01-12T14:49:39","slug":"thermometre-geratherm-classic-gbplltlveeczsksihuhrsrro-2","status":"publish","type":"product","link":"https:\/\/nimedixmedical.com\/en\/our-catalog\/thermometre-geratherm-classic-gbplltlveeczsksihuhrsrro-2\/","title":{"rendered":"Thermometer Geratherm Classic Gb,pl,lt,lv,ee,cz,sk,si,hu,hr,sr,ro"},"content":{"rendered":"<p>Le thermom\u00e8tre Geratherm Classic est un dispositif m\u00e9dical de pr\u00e9cision con\u00e7u pour mesurer la temp\u00e9rature corporelle de mani\u00e8re s\u00e9curis\u00e9e et fiable. Sa conception sans mercure et son alliage innovant le rendent id\u00e9al pour une utilisation familiale, tout en respectant l&#8217;environnement.<\/p>\n<h2>Features<\/h2>\n<ul>\n<li>Thermom\u00e8tre en verre d\u00e9velopp\u00e9 par Geratherm\u00ae Medical AG<\/li>\n<li>Mesure rectale, buccale ou axillaire<\/li>\n<li>Plage de mesure : 35,5\u00b0C \u00e0 42\u00b0C<\/li>\n<li>Structure ferm\u00e9e en verre, facile \u00e0 nettoyer<\/li>\n<li>Outil de r\u00e9initialisation \u201cEasy flip\u201d inclus pour un usage simplifi\u00e9<\/li>\n<li>Livr\u00e9 avec \u00e9tui de protection et mode d&#8217;emploi multilingue<\/li>\n<li>Pr\u00e9sentoir multilingue de 24 pi\u00e8ces, fabriqu\u00e9 en Allemagne<\/li>\n<\/ul>\n<h2>Delivery<\/h2>\n<ul>\n<li><strong>France :<\/strong> Direct delivery.<\/li>\n<li><strong>Export (Europe and Africa) :<\/strong> Quote.<\/li>\n<\/ul>","protected":false},"excerpt":{"rendered":"<ul>\n<li>Thermom\u00e8tre en verre sans mercure, id\u00e9al pour tous les \u00e2ges<\/li>\n<li>Mesure pr\u00e9cise gr\u00e2ce \u00e0 son \u00e9talonnage, plage de 35,5\u00b0C \u00e0 42\u00b0C<\/li>\n<li>Facilit\u00e9 d&#8217;utilisation avec l&#8217;outil de r\u00e9initialisation \u201cEasy flip\u201d<\/li>\n<li>\u00c9cologique et non toxique avec un alliage liquide brevet\u00e9<\/li>\n<\/ul>","protected":false},"featured_media":114490,"comment_status":"open","ping_status":"open","template":"","meta":{"inline_featured_image":false},"product_brand":[],"product_cat":[1236,1250,1253],"product_tag":[],"class_list":{"0":"post-114489","1":"product","2":"type-product","3":"status-publish","4":"has-post-thumbnail","6":"product_cat-soins-et-pharmacie","7":"product_cat-thermometres-soins-et-pharmacie","8":"product_cat-thermometres-ecologiques-sans-mercure","10":"first","11":"outofstock","12":"sale","13":"taxable","14":"shipping-taxable","15":"purchasable","16":"product-type-simple"},"_links":{"self":[{"href":"https:\/\/nimedixmedical.com\/en\/wp-json\/wp\/v2\/product\/114489","targetHints":{"allow":["GET"]}}],"collection":[{"href":"https:\/\/nimedixmedical.com\/en\/wp-json\/wp\/v2\/product"}],"about":[{"href":"https:\/\/nimedixmedical.com\/en\/wp-json\/wp\/v2\/types\/product"}],"replies":[{"embeddable":true,"href":"https:\/\/nimedixmedical.com\/en\/wp-json\/wp\/v2\/comments?post=114489"}],"wp:featuredmedia":[{"embeddable":true,"href":"https:\/\/nimedixmedical.com\/en\/wp-json\/wp\/v2\/media\/114490"}],"wp:attachment":[{"href":"https:\/\/nimedixmedical.com\/en\/wp-json\/wp\/v2\/media?parent=114489"}],"wp:term":[{"taxonomy":"product_brand","embeddable":true,"href":"https:\/\/nimedixmedical.com\/en\/wp-json\/wp\/v2\/product_brand?post=114489"},{"taxonomy":"product_cat","embeddable":true,"href":"https:\/\/nimedixmedical.com\/en\/wp-json\/wp\/v2\/product_cat?post=114489"},{"taxonomy":"product_tag","embeddable":true,"href":"https:\/\/nimedixmedical.com\/en\/wp-json\/wp\/v2\/product_tag?post=114489"}],"curies":[{"name":"wp","href":"https:\/\/api.w.org\/{rel}","templated":true}]}}