{"id":114471,"date":"2025-11-30T22:38:16","date_gmt":"2025-11-30T21:38:16","guid":{"rendered":"https:\/\/nimedixmedical.com\/notre-catalogue\/thermometre-ecologique-gima\/"},"modified":"2026-01-12T15:49:37","modified_gmt":"2026-01-12T14:49:37","slug":"thermometre-ecologique-gima","status":"publish","type":"product","link":"https:\/\/nimedixmedical.com\/en\/our-catalog\/thermometre-ecologique-gima\/","title":{"rendered":"GIMA Ecological Thermometer"},"content":{"rendered":"<p>Le thermom\u00e8tre \u00e9cologique GIMA est un dispositif m\u00e9dical innovant, con\u00e7u pour garantir une prise de temp\u00e9rature pr\u00e9cise sans utiliser de mercure. Sa structure en verre assure durabilit\u00e9 et s\u00e9curit\u00e9, tout en contribuant \u00e0 un environnement plus sain.<\/p>\n<h2>Features<\/h2>\n<ul>\n<li>Thermom\u00e8tre sans mercure, utilisant un alliage de gallium.<\/li>\n<li>Pr\u00e9cision de mesure : +\/- 0,1\u00b0C.<\/li>\n<li>Structure en verre, robuste et recyclable.<\/li>\n<li>Bo\u00eete de 12 unit\u00e9s avec mode d&#8217;emploi multilingue : GB, FR, IT, ES, PT, DE, PL, NL, SE, HU, RO, SK, HR, SI, BG, GR, Arabe.<\/li>\n<\/ul>\n<h2>Delivery<\/h2>\n<ul>\n<li><strong>France :<\/strong> Direct delivery.<\/li>\n<li><strong>Export (Europe and Africa) :<\/strong> Quote.<\/li>\n<\/ul>","protected":false},"excerpt":{"rendered":"<ul>\n<li>Thermom\u00e8tre clinique sans mercure, s\u00e9curis\u00e9 pour tous les utilisateurs.<\/li>\n<li>Pr\u00e9cision \u00e9lev\u00e9e pour un suivi de sant\u00e9 fiable.<\/li>\n<li>Con\u00e7u avec un alliage de gallium, respectueux de l&#8217;environnement.<\/li>\n<li>Bo\u00eete multilingue facilitant l&#8217;utilisation dans divers pays.<\/li>\n<\/ul>","protected":false},"featured_media":114472,"comment_status":"open","ping_status":"open","template":"","meta":{"inline_featured_image":false},"product_brand":[],"product_cat":[1236,1250,1253],"product_tag":[],"class_list":{"0":"post-114471","1":"product","2":"type-product","3":"status-publish","4":"has-post-thumbnail","6":"product_cat-soins-et-pharmacie","7":"product_cat-thermometres-soins-et-pharmacie","8":"product_cat-thermometres-ecologiques-sans-mercure","10":"first","11":"instock","12":"sale","13":"taxable","14":"shipping-taxable","15":"purchasable","16":"product-type-simple"},"_links":{"self":[{"href":"https:\/\/nimedixmedical.com\/en\/wp-json\/wp\/v2\/product\/114471","targetHints":{"allow":["GET"]}}],"collection":[{"href":"https:\/\/nimedixmedical.com\/en\/wp-json\/wp\/v2\/product"}],"about":[{"href":"https:\/\/nimedixmedical.com\/en\/wp-json\/wp\/v2\/types\/product"}],"replies":[{"embeddable":true,"href":"https:\/\/nimedixmedical.com\/en\/wp-json\/wp\/v2\/comments?post=114471"}],"wp:featuredmedia":[{"embeddable":true,"href":"https:\/\/nimedixmedical.com\/en\/wp-json\/wp\/v2\/media\/114472"}],"wp:attachment":[{"href":"https:\/\/nimedixmedical.com\/en\/wp-json\/wp\/v2\/media?parent=114471"}],"wp:term":[{"taxonomy":"product_brand","embeddable":true,"href":"https:\/\/nimedixmedical.com\/en\/wp-json\/wp\/v2\/product_brand?post=114471"},{"taxonomy":"product_cat","embeddable":true,"href":"https:\/\/nimedixmedical.com\/en\/wp-json\/wp\/v2\/product_cat?post=114471"},{"taxonomy":"product_tag","embeddable":true,"href":"https:\/\/nimedixmedical.com\/en\/wp-json\/wp\/v2\/product_tag?post=114471"}],"curies":[{"name":"wp","href":"https:\/\/api.w.org\/{rel}","templated":true}]}}