{"id":114402,"date":"2025-11-30T22:35:52","date_gmt":"2025-11-30T21:35:52","guid":{"rendered":"https:\/\/nimedixmedical.com\/notre-catalogue\/tire-lait-manuel\/"},"modified":"2026-01-23T11:38:06","modified_gmt":"2026-01-23T10:38:06","slug":"tire-lait-manuel","status":"publish","type":"product","link":"https:\/\/nimedixmedical.com\/en\/our-catalog\/tire-lait-manuel\/","title":{"rendered":"Tire-lait Manuel"},"content":{"rendered":"<div class=\"wpb-content-wrapper\">\t<div  class=\"vc_row wpb_row vc_row-fluid vc_column-gap-default ts-row-wide\"  ><div class=\"wpb_column vc_column_container vc_col-sm-12\">\n\t<div class=\"wpb_wrapper\">\n\t\n\t<div class=\"wpb_text_column wpb_content_element\" >\n\t\t<div class=\"wpb_wrapper\">\n\t\t\t<p>Le tire-lait manuel est un outil essentiel pour les m\u00e8res souhaitant exprimer leur lait maternel de mani\u00e8re pratique et efficace. Con\u00e7u pour une utilisation quotidienne, il facilite l&#8217;alimentation de votre b\u00e9b\u00e9 tout en offrant confort et discr\u00e9tion.<\/p>\n<h2>Features<\/h2>\n<ul>\n<li>Type : Tire-lait manuel, fonctionnement sans \u00e9lectricit\u00e9.<\/li>\n<li>Vide maximum : 250 mmHg pour une aspiration optimale.<\/li>\n<li>Poids l\u00e9ger : 159 g pour une manipulation facile.<\/li>\n<li>Dimensions : 205 x 186 x 90 mm, id\u00e9al pour un transport ais\u00e9.<\/li>\n<li>Accessoires : Comprend un capuchon pour sein, une t\u00e9tine avec couvercle, un biberon avec bouchon et un mode d\u2019emploi multilingue (GB, FR, IT, ES, PT, DE).<\/li>\n<\/ul>\n<h2>Delivery<\/h2>\n<ul>\n<li><strong>France :<\/strong> Direct delivery.<\/li>\n<li><strong>Export (Europe and Africa) :<\/strong> Quote.<\/li>\n<\/ul>\n\n\t\t<\/div>\n\t<\/div>\n\t<\/div>\n<\/div><\/div>\n<\/div>","protected":false},"excerpt":{"rendered":"<ul>\n<li>Usage : Tire-lait manuel pour une aspiration efficace et discr\u00e8te du lait maternel.<\/li>\n<li>B\u00e9n\u00e9fice : Compact et l\u00e9ger pour une utilisation pratique \u00e0 domicile ou en d\u00e9placement.<\/li>\n<li>Facilit\u00e9 : Assemblage, utilisation et nettoyage simples pour un confort optimal.<\/li>\n<li>Accessoires inclus : Capuchon pour sein, t\u00e9tine avec couvercle, biberon et mode d\u2019emploi multilingue.<\/li>\n<\/ul>","protected":false},"featured_media":114403,"comment_status":"open","ping_status":"closed","template":"","meta":{"inline_featured_image":false},"product_brand":[],"product_cat":[1236,1249],"product_tag":[],"class_list":{"0":"post-114402","1":"product","2":"type-product","3":"status-publish","4":"has-post-thumbnail","6":"product_cat-soins-et-pharmacie","7":"product_cat-tire-lait","9":"first","10":"instock","11":"sale","12":"taxable","13":"shipping-taxable","14":"purchasable","15":"product-type-simple"},"_links":{"self":[{"href":"https:\/\/nimedixmedical.com\/en\/wp-json\/wp\/v2\/product\/114402","targetHints":{"allow":["GET"]}}],"collection":[{"href":"https:\/\/nimedixmedical.com\/en\/wp-json\/wp\/v2\/product"}],"about":[{"href":"https:\/\/nimedixmedical.com\/en\/wp-json\/wp\/v2\/types\/product"}],"replies":[{"embeddable":true,"href":"https:\/\/nimedixmedical.com\/en\/wp-json\/wp\/v2\/comments?post=114402"}],"wp:featuredmedia":[{"embeddable":true,"href":"https:\/\/nimedixmedical.com\/en\/wp-json\/wp\/v2\/media\/114403"}],"wp:attachment":[{"href":"https:\/\/nimedixmedical.com\/en\/wp-json\/wp\/v2\/media?parent=114402"}],"wp:term":[{"taxonomy":"product_brand","embeddable":true,"href":"https:\/\/nimedixmedical.com\/en\/wp-json\/wp\/v2\/product_brand?post=114402"},{"taxonomy":"product_cat","embeddable":true,"href":"https:\/\/nimedixmedical.com\/en\/wp-json\/wp\/v2\/product_cat?post=114402"},{"taxonomy":"product_tag","embeddable":true,"href":"https:\/\/nimedixmedical.com\/en\/wp-json\/wp\/v2\/product_tag?post=114402"}],"curies":[{"name":"wp","href":"https:\/\/api.w.org\/{rel}","templated":true}]}}