{"id":114372,"date":"2025-11-30T22:35:52","date_gmt":"2025-11-30T21:35:52","guid":{"rendered":"https:\/\/nimedixmedical.com\/notre-catalogue\/garrot-militaire-noire\/"},"modified":"2026-01-12T15:49:17","modified_gmt":"2026-01-12T14:49:17","slug":"garrot-militaire-noire","status":"publish","type":"product","link":"https:\/\/nimedixmedical.com\/en\/our-catalog\/garrot-militaire-noire\/","title":{"rendered":"Garrot Militaire &#8211; Noire"},"content":{"rendered":"<p>Le garrot militaire noir est un dispositif essentiel pour ma\u00eetriser les h\u00e9morragies importantes, que ce soit sur le terrain ou dans un contexte d&#8217;urgence pr\u00e9hospitali\u00e8re. Sa conception pratique et efficace en fait un outil indispensable pour les secouristes et les militaires.<\/p>\n<h2>Features<\/h2>\n<ul>\n<li>Dimensions : 95&#215;4 cm pour une utilisation optimale sur membres sup\u00e9rieurs et inf\u00e9rieurs.<\/li>\n<li>Mat\u00e9riau : Tissu synth\u00e9tique tiss\u00e9, offrant r\u00e9sistance et durabilit\u00e9.<\/li>\n<li>Fermeture : Syst\u00e8me thermoplastique avec treuil s\u00e9curis\u00e9 pour un maintien efficace.<\/li>\n<li>Instructions multilingues disponibles en GB, FR, IT, ES, PT, DE, GR et Arabe.<\/li>\n<\/ul>\n<h2>Delivery<\/h2>\n<ul>\n<li><strong>France :<\/strong> Direct delivery.<\/li>\n<li><strong>Export (Europe and Africa) :<\/strong> Quote.<\/li>\n<\/ul>","protected":false},"excerpt":{"rendered":"<ul>\n<li>Utilisation : Garrot militaire pour arr\u00eater les h\u00e9morragies sur le terrain ou en situation d&#8217;urgence.<\/li>\n<li>B\u00e9n\u00e9fice : Jetable et facile \u00e0 utiliser, permettant une h\u00e9mostase rapide.<\/li>\n<li>Praticit\u00e9 : Applicable d&#8217;une main, id\u00e9al pour les premiers secours.<\/li>\n<li>Conception : R\u00e9alis\u00e9 en tissu synth\u00e9tique r\u00e9sistant avec syst\u00e8me de fermeture s\u00e9curis\u00e9.<\/li>\n<\/ul>","protected":false},"featured_media":114373,"comment_status":"open","ping_status":"open","template":"","meta":{"inline_featured_image":false},"product_brand":[],"product_cat":[1236,1248],"product_tag":[],"class_list":{"0":"post-114372","1":"product","2":"type-product","3":"status-publish","4":"has-post-thumbnail","6":"product_cat-soins-et-pharmacie","7":"product_cat-tourniquets-garrots","9":"first","10":"instock","11":"sale","12":"taxable","13":"shipping-taxable","14":"purchasable","15":"product-type-simple"},"_links":{"self":[{"href":"https:\/\/nimedixmedical.com\/en\/wp-json\/wp\/v2\/product\/114372","targetHints":{"allow":["GET"]}}],"collection":[{"href":"https:\/\/nimedixmedical.com\/en\/wp-json\/wp\/v2\/product"}],"about":[{"href":"https:\/\/nimedixmedical.com\/en\/wp-json\/wp\/v2\/types\/product"}],"replies":[{"embeddable":true,"href":"https:\/\/nimedixmedical.com\/en\/wp-json\/wp\/v2\/comments?post=114372"}],"wp:featuredmedia":[{"embeddable":true,"href":"https:\/\/nimedixmedical.com\/en\/wp-json\/wp\/v2\/media\/114373"}],"wp:attachment":[{"href":"https:\/\/nimedixmedical.com\/en\/wp-json\/wp\/v2\/media?parent=114372"}],"wp:term":[{"taxonomy":"product_brand","embeddable":true,"href":"https:\/\/nimedixmedical.com\/en\/wp-json\/wp\/v2\/product_brand?post=114372"},{"taxonomy":"product_cat","embeddable":true,"href":"https:\/\/nimedixmedical.com\/en\/wp-json\/wp\/v2\/product_cat?post=114372"},{"taxonomy":"product_tag","embeddable":true,"href":"https:\/\/nimedixmedical.com\/en\/wp-json\/wp\/v2\/product_tag?post=114372"}],"curies":[{"name":"wp","href":"https:\/\/api.w.org\/{rel}","templated":true}]}}