{"id":114370,"date":"2025-11-30T22:35:52","date_gmt":"2025-11-30T21:35:52","guid":{"rendered":"https:\/\/nimedixmedical.com\/notre-catalogue\/garrot-gima-velcro\/"},"modified":"2026-01-12T15:49:16","modified_gmt":"2026-01-12T14:49:16","slug":"garrot-gima-velcro","status":"publish","type":"product","link":"https:\/\/nimedixmedical.com\/en\/our-catalog\/garrot-gima-velcro\/","title":{"rendered":"Garrot GIMA &#8211; Velcro"},"content":{"rendered":"<p>Le Garrot Gima est un dispositif m\u00e9dical essentiel, con\u00e7u pour contr\u00f4ler les h\u00e9morragies en milieu hospitalier. Sa conception ergonomique et son syst\u00e8me de fermeture Velcro en font un outil simple et efficace pour les professionnels de sant\u00e9.<\/p>\n<h2>Features<\/h2>\n<ul>\n<li>Mat\u00e9riau : Bande caoutchouc, rev\u00eatement t\u00e9ryl\u00e8ne<\/li>\n<li>Coloris : Jaune pour une meilleure visibilit\u00e9<\/li>\n<li>Dimensions : Longueur de 40 cm et largeur de 2,5 cm<\/li>\n<li>Syst\u00e8me de fermeture : Velcro pour une attache rapide et s\u00e9curis\u00e9e<\/li>\n<li>Bo\u00eete multilingue : Instructions disponibles en plusieurs langues (GB, FR, IT, DE, ES, PT, GR, Arabe)<\/li>\n<\/ul>\n<h2>Delivery<\/h2>\n<ul>\n<li><strong>France :<\/strong> Direct delivery.<\/li>\n<li><strong>Export (Europe and Africa) :<\/strong> Quote.<\/li>\n<\/ul>","protected":false},"excerpt":{"rendered":"<ul>\n<li>Usage : Id\u00e9al pour le milieu hospitalier et les interventions d&#8217;urgence.<\/li>\n<li>B\u00e9n\u00e9fice : Syst\u00e8me de fermeture Velcro pour une utilisation rapide et facile.<\/li>\n<li>Mat\u00e9riaux de qualit\u00e9 : Fabriqu\u00e9 en bande caoutchouc avec rev\u00eatement en t\u00e9ryl\u00e8ne pour une durabilit\u00e9 accrue.<\/li>\n<li>Visibilit\u00e9 : Coloris jaune pour une identification facile dans les situations critiques.<\/li>\n<\/ul>","protected":false},"featured_media":114371,"comment_status":"open","ping_status":"open","template":"","meta":{"inline_featured_image":false},"product_brand":[],"product_cat":[1236,1248],"product_tag":[],"class_list":{"0":"post-114370","1":"product","2":"type-product","3":"status-publish","4":"has-post-thumbnail","6":"product_cat-soins-et-pharmacie","7":"product_cat-tourniquets-garrots","9":"first","10":"instock","11":"sale","12":"taxable","13":"shipping-taxable","14":"purchasable","15":"product-type-simple"},"_links":{"self":[{"href":"https:\/\/nimedixmedical.com\/en\/wp-json\/wp\/v2\/product\/114370","targetHints":{"allow":["GET"]}}],"collection":[{"href":"https:\/\/nimedixmedical.com\/en\/wp-json\/wp\/v2\/product"}],"about":[{"href":"https:\/\/nimedixmedical.com\/en\/wp-json\/wp\/v2\/types\/product"}],"replies":[{"embeddable":true,"href":"https:\/\/nimedixmedical.com\/en\/wp-json\/wp\/v2\/comments?post=114370"}],"wp:featuredmedia":[{"embeddable":true,"href":"https:\/\/nimedixmedical.com\/en\/wp-json\/wp\/v2\/media\/114371"}],"wp:attachment":[{"href":"https:\/\/nimedixmedical.com\/en\/wp-json\/wp\/v2\/media?parent=114370"}],"wp:term":[{"taxonomy":"product_brand","embeddable":true,"href":"https:\/\/nimedixmedical.com\/en\/wp-json\/wp\/v2\/product_brand?post=114370"},{"taxonomy":"product_cat","embeddable":true,"href":"https:\/\/nimedixmedical.com\/en\/wp-json\/wp\/v2\/product_cat?post=114370"},{"taxonomy":"product_tag","embeddable":true,"href":"https:\/\/nimedixmedical.com\/en\/wp-json\/wp\/v2\/product_tag?post=114370"}],"curies":[{"name":"wp","href":"https:\/\/api.w.org\/{rel}","templated":true}]}}