{"id":114119,"date":"2025-11-30T22:31:18","date_gmt":"2025-11-30T21:31:18","guid":{"rendered":"https:\/\/nimedixmedical.com\/notre-catalogue\/pantalon-cherokee-originals-femme-xs-bleu-marine\/"},"modified":"2026-01-12T15:48:14","modified_gmt":"2026-01-12T14:48:14","slug":"pantalon-cherokee-originals-femme-xs-bleu-marine","status":"publish","type":"product","link":"https:\/\/nimedixmedical.com\/en\/our-catalog\/pantalon-cherokee-originals-femme-xs-bleu-marine\/","title":{"rendered":"Pantalon Cherokee Originals &#8211; Femme Xs &#8211; Bleu Marine"},"content":{"rendered":"<p>Le pantalon Cherokee Originals pour femme est con\u00e7u pour les professionnels du secteur m\u00e9dical, alliant style et fonctionnalit\u00e9. Sa coupe mi-haute et ses poches pratiques en font un choix id\u00e9al pour le travail quotidien tout en garantissant un confort optimal.<\/p>\n<h2>Features<\/h2>\n<ul>\n<li>Pantalon cargo \u00e0 enfiler avec taille mi-haute.<\/li>\n<li>Bande \u00e9lastique de taille pour un ajustement parfait.<\/li>\n<li>Deux poches cargo, une poche \u00e0 mobile et une poche \u00e0 ciseaux.<\/li>\n<li>Tapered with a 38 cm opening.<\/li>\n<li>Composition : 65% polyester, 35% coton pour une durabilit\u00e9 accrue.<\/li>\n<li>Lavage industriel \u00e0 70\u00b0, entretien facile et trait\u00e9s antisalissure.<\/li>\n<li>Poids l\u00e9ger de 153 g pour un port agr\u00e9able tout au long de la journ\u00e9e.<\/li>\n<\/ul>\n<h2>Delivery<\/h2>\n<ul>\n<li><strong>France :<\/strong> Direct delivery.<\/li>\n<li><strong>Export (Europe and Africa) :<\/strong> Quote.<\/li>\n<\/ul>","protected":false},"excerpt":{"rendered":"<ul>\n<li>Id\u00e9al pour les professionnels de sant\u00e9 avec son design fonctionnel.<\/li>\n<li>Confort optimal gr\u00e2ce \u00e0 la taille \u00e9lastique et \u00e0 la coupe fusel\u00e9e.<\/li>\n<li>Facile d&#8217;entretien et r\u00e9sistant, adapt\u00e9 \u00e0 un usage intensif.<\/li>\n<li>Pratique avec plusieurs poches pour un acc\u00e8s rapide aux outils.<\/li>\n<\/ul>","protected":false},"featured_media":114120,"comment_status":"open","ping_status":"open","template":"","meta":{"inline_featured_image":false},"product_brand":[],"product_cat":[1246,1236,1243],"product_tag":[],"class_list":{"0":"post-114119","1":"product","2":"type-product","3":"status-publish","4":"has-post-thumbnail","6":"product_cat-casaques-et-pantalons-cherokee","7":"product_cat-soins-et-pharmacie","8":"product_cat-vetements-en-coton","10":"first","11":"instock","12":"sale","13":"taxable","14":"shipping-taxable","15":"purchasable","16":"product-type-simple"},"_links":{"self":[{"href":"https:\/\/nimedixmedical.com\/en\/wp-json\/wp\/v2\/product\/114119","targetHints":{"allow":["GET"]}}],"collection":[{"href":"https:\/\/nimedixmedical.com\/en\/wp-json\/wp\/v2\/product"}],"about":[{"href":"https:\/\/nimedixmedical.com\/en\/wp-json\/wp\/v2\/types\/product"}],"replies":[{"embeddable":true,"href":"https:\/\/nimedixmedical.com\/en\/wp-json\/wp\/v2\/comments?post=114119"}],"wp:featuredmedia":[{"embeddable":true,"href":"https:\/\/nimedixmedical.com\/en\/wp-json\/wp\/v2\/media\/114120"}],"wp:attachment":[{"href":"https:\/\/nimedixmedical.com\/en\/wp-json\/wp\/v2\/media?parent=114119"}],"wp:term":[{"taxonomy":"product_brand","embeddable":true,"href":"https:\/\/nimedixmedical.com\/en\/wp-json\/wp\/v2\/product_brand?post=114119"},{"taxonomy":"product_cat","embeddable":true,"href":"https:\/\/nimedixmedical.com\/en\/wp-json\/wp\/v2\/product_cat?post=114119"},{"taxonomy":"product_tag","embeddable":true,"href":"https:\/\/nimedixmedical.com\/en\/wp-json\/wp\/v2\/product_tag?post=114119"}],"curies":[{"name":"wp","href":"https:\/\/api.w.org\/{rel}","templated":true}]}}