{"id":114107,"date":"2025-11-30T22:29:52","date_gmt":"2025-11-30T21:29:52","guid":{"rendered":"https:\/\/nimedixmedical.com\/notre-catalogue\/pantalon-cherokee-originals-femme-xs-bleu-sarcelle\/"},"modified":"2026-01-12T15:48:07","modified_gmt":"2026-01-12T14:48:07","slug":"cherokee-originals-womens-xs-teal-pants","status":"publish","type":"product","link":"https:\/\/nimedixmedical.com\/en\/our-catalog\/cherokee-originals-womens-xs-teal-pants\/","title":{"rendered":"Pantalon Cherokee Originals &#8211; Femme Xs &#8211; Bleu Sarcelle"},"content":{"rendered":"<p>Le pantalon Cherokee Originals pour femme est sp\u00e9cialement con\u00e7u pour les professionnels de sant\u00e9 \u00e0 la recherche d\u2019un v\u00eatement alliant confort et fonctionnalit\u00e9. Sa coupe moderne et ses mat\u00e9riaux de qualit\u00e9 en font un choix id\u00e9al pour un usage quotidien dans un environnement m\u00e9dical exigeant.<\/p>\n<h2>Features<\/h2>\n<ul>\n<li>Pantalon cargo \u00e0 enfiler avec taille mi-haute pour un ajustement parfait.<\/li>\n<li>Bande \u00e9lastique de taille pour un maintien optimal.<\/li>\n<li>Dot\u00e9 de 2 poches cargo, une poche pour mobile et une poche \u00e0 ciseaux.<\/li>\n<li>Fusel\u00e9 avec ouverture de 38 cm pour plus de style et de praticit\u00e9.<\/li>\n<li>Lavage industriel \u00e0 70\u00b0, r\u00e9sistant et antisalissure.<\/li>\n<li>Composition: 65% polyester, 35% coton, poids de 153 g.<\/li>\n<\/ul>\n<h2>Delivery<\/h2>\n<ul>\n<li><strong>France :<\/strong> Direct delivery.<\/li>\n<li><strong>Export (Europe and Africa) :<\/strong> Quote.<\/li>\n<\/ul>","protected":false},"excerpt":{"rendered":"<ul>\n<li>Pantalon cargo \u00e0 enfiler pour un confort optimal.<\/li>\n<li>Con\u00e7u pour les professionnels de la sant\u00e9, durable et facile d&#8217;entretien.<\/li>\n<li>Bande \u00e9lastique et poches pratiques pour un usage quotidien.<\/li>\n<li>Composition en polyester et coton pour une meilleure respirabilit\u00e9.<\/li>\n<\/ul>","protected":false},"featured_media":114108,"comment_status":"open","ping_status":"open","template":"","meta":{"inline_featured_image":false},"product_brand":[],"product_cat":[1246,1236,1243],"product_tag":[],"class_list":{"0":"post-114107","1":"product","2":"type-product","3":"status-publish","4":"has-post-thumbnail","6":"product_cat-casaques-et-pantalons-cherokee","7":"product_cat-soins-et-pharmacie","8":"product_cat-vetements-en-coton","10":"first","11":"instock","12":"sale","13":"taxable","14":"shipping-taxable","15":"purchasable","16":"product-type-simple"},"_links":{"self":[{"href":"https:\/\/nimedixmedical.com\/en\/wp-json\/wp\/v2\/product\/114107","targetHints":{"allow":["GET"]}}],"collection":[{"href":"https:\/\/nimedixmedical.com\/en\/wp-json\/wp\/v2\/product"}],"about":[{"href":"https:\/\/nimedixmedical.com\/en\/wp-json\/wp\/v2\/types\/product"}],"replies":[{"embeddable":true,"href":"https:\/\/nimedixmedical.com\/en\/wp-json\/wp\/v2\/comments?post=114107"}],"wp:featuredmedia":[{"embeddable":true,"href":"https:\/\/nimedixmedical.com\/en\/wp-json\/wp\/v2\/media\/114108"}],"wp:attachment":[{"href":"https:\/\/nimedixmedical.com\/en\/wp-json\/wp\/v2\/media?parent=114107"}],"wp:term":[{"taxonomy":"product_brand","embeddable":true,"href":"https:\/\/nimedixmedical.com\/en\/wp-json\/wp\/v2\/product_brand?post=114107"},{"taxonomy":"product_cat","embeddable":true,"href":"https:\/\/nimedixmedical.com\/en\/wp-json\/wp\/v2\/product_cat?post=114107"},{"taxonomy":"product_tag","embeddable":true,"href":"https:\/\/nimedixmedical.com\/en\/wp-json\/wp\/v2\/product_tag?post=114107"}],"curies":[{"name":"wp","href":"https:\/\/api.w.org\/{rel}","templated":true}]}}