{"id":114047,"date":"2025-11-30T22:29:52","date_gmt":"2025-11-30T21:29:52","guid":{"rendered":"https:\/\/nimedixmedical.com\/notre-catalogue\/charlotte-fantaisie-couleurs-m\/"},"modified":"2026-01-12T15:47:59","modified_gmt":"2026-01-12T14:47:59","slug":"charlotte-fantaisie-couleurs-m","status":"publish","type":"product","link":"https:\/\/nimedixmedical.com\/en\/our-catalog\/charlotte-fantaisie-couleurs-m\/","title":{"rendered":"Charlotte Fantaisie &#8211; Couleurs &#8211; M"},"content":{"rendered":"<p>La charlotte Fantaisie est con\u00e7ue pour r\u00e9pondre aux exigences des professionnels de la sant\u00e9. Offrant confort et style, elle est id\u00e9ale pour les environnements m\u00e9dicaux o\u00f9 l&#8217;hygi\u00e8ne et la pr\u00e9sentation sont essentielles.<\/p>\n<h2>Features<\/h2>\n<ul>\n<li>Mat\u00e9riau : 100 % pur coton de haute qualit\u00e9.<\/li>\n<li>Classes de dispositifs m\u00e9dicaux : DM Classe I.<\/li>\n<li>Sizes available: Medium (M) for short or medium-length hair, Large (L) for long, curly hair.<\/li>\n<li>Propri\u00e9t\u00e9s : L\u00e9g\u00e8res, absorbantes et hautement respirantes.<\/li>\n<\/ul>\n<h2>Delivery<\/h2>\n<ul>\n<li><strong>France :<\/strong> Direct delivery.<\/li>\n<li><strong>Export (Europe and Africa) :<\/strong> Quote.<\/li>\n<\/ul>","protected":false},"excerpt":{"rendered":"<ul>\n<li>Id\u00e9ale pour les professionnels de la sant\u00e9, offrant une large gamme de motifs.<\/li>\n<li>Comfortable and lightweight, with adjustable laces for a perfect fit.<\/li>\n<li>Fabriqu\u00e9e en pur coton de haute qualit\u00e9, absorbante et respirante.<\/li>\n<li>Disponible en deux tailles (M et L) pour s&#8217;adapter \u00e0 diff\u00e9rents types de cheveux.<\/li>\n<\/ul>","protected":false},"featured_media":114048,"comment_status":"open","ping_status":"open","template":"","meta":{"inline_featured_image":false},"product_brand":[],"product_cat":[1245,1236,1243],"product_tag":[],"class_list":{"0":"post-114047","1":"product","2":"type-product","3":"status-publish","4":"has-post-thumbnail","6":"product_cat-charlottes-vetements-en-coton","7":"product_cat-soins-et-pharmacie","8":"product_cat-vetements-en-coton","10":"first","11":"instock","12":"sale","13":"taxable","14":"shipping-taxable","15":"purchasable","16":"product-type-simple"},"_links":{"self":[{"href":"https:\/\/nimedixmedical.com\/en\/wp-json\/wp\/v2\/product\/114047","targetHints":{"allow":["GET"]}}],"collection":[{"href":"https:\/\/nimedixmedical.com\/en\/wp-json\/wp\/v2\/product"}],"about":[{"href":"https:\/\/nimedixmedical.com\/en\/wp-json\/wp\/v2\/types\/product"}],"replies":[{"embeddable":true,"href":"https:\/\/nimedixmedical.com\/en\/wp-json\/wp\/v2\/comments?post=114047"}],"wp:featuredmedia":[{"embeddable":true,"href":"https:\/\/nimedixmedical.com\/en\/wp-json\/wp\/v2\/media\/114048"}],"wp:attachment":[{"href":"https:\/\/nimedixmedical.com\/en\/wp-json\/wp\/v2\/media?parent=114047"}],"wp:term":[{"taxonomy":"product_brand","embeddable":true,"href":"https:\/\/nimedixmedical.com\/en\/wp-json\/wp\/v2\/product_brand?post=114047"},{"taxonomy":"product_cat","embeddable":true,"href":"https:\/\/nimedixmedical.com\/en\/wp-json\/wp\/v2\/product_cat?post=114047"},{"taxonomy":"product_tag","embeddable":true,"href":"https:\/\/nimedixmedical.com\/en\/wp-json\/wp\/v2\/product_tag?post=114047"}],"curies":[{"name":"wp","href":"https:\/\/api.w.org\/{rel}","templated":true}]}}