{"id":113911,"date":"2025-11-30T22:19:39","date_gmt":"2025-11-30T21:19:39","guid":{"rendered":"https:\/\/nimedixmedical.com\/notre-catalogue\/veste-coton-polyester-unsexe-xs-blanche\/"},"modified":"2026-01-12T15:47:42","modified_gmt":"2026-01-12T14:47:42","slug":"veste-coton-polyester-unsexe-xs-blanche","status":"publish","type":"product","link":"https:\/\/nimedixmedical.com\/en\/our-catalog\/veste-coton-polyester-unsexe-xs-blanche\/","title":{"rendered":"Veste &#8211; Coton\/polyester &#8211; Unsexe Xs Blanche"},"content":{"rendered":"<p>La veste en coton\/polyester unisexe est con\u00e7ue pour les professionnels de sant\u00e9 cherchant \u00e0 allier confort et \u00e9l\u00e9gance. Sa composition de 60% coton et 40% polyester assure une bonne respirabilit\u00e9 et une facilit\u00e9 d&#8217;entretien, tout en offrant un aspect soign\u00e9 lors des interventions.<\/p>\n<h2>Features<\/h2>\n<ul>\n<li>Taille: XS<\/li>\n<li>Couleur: Blanc<\/li>\n<li>Composition: 60% cotton - 40% polyester<\/li>\n<li>Poids: 200 g\/m\u00b2<\/li>\n<li>Manches courtes<\/li>\n<li>2 poches frontales et 1 sur la poitrine<\/li>\n<li>R\u00e9sistance \u00e0 la rupture &#8211; cha\u00eene: 100 kg \u00b13%<\/li>\n<li>Traitement: R\u00e9siste aux plis<\/li>\n<\/ul>\n<h2>Delivery<\/h2>\n<ul>\n<li><strong>France :<\/strong> Direct delivery.<\/li>\n<li><strong>Export (Europe and Africa) :<\/strong> Quote.<\/li>\n<\/ul>","protected":false},"excerpt":{"rendered":"<ul>\n<li>Veste unisexe en coton\/polyester, id\u00e9ale pour les professionnels de sant\u00e9.<\/li>\n<li>Confort et \u00e9l\u00e9gance avec une bonne r\u00e9sistance aux plis.<\/li>\n<li>Pratique avec 2 poches frontales et 1 sur la poitrine pour un acc\u00e8s facile.<\/li>\n<li>Disponible en taille XS et en plusieurs coloris pour s&#8217;adapter \u00e0 tous les styles.<\/li>\n<\/ul>","protected":false},"featured_media":113900,"comment_status":"open","ping_status":"open","template":"","meta":{"inline_featured_image":false},"product_brand":[],"product_cat":[1236,1244,1243],"product_tag":[],"class_list":{"0":"post-113911","1":"product","2":"type-product","3":"status-publish","4":"has-post-thumbnail","6":"product_cat-soins-et-pharmacie","7":"product_cat-vestes-et-pantalons","8":"product_cat-vetements-en-coton","10":"first","11":"instock","12":"sale","13":"taxable","14":"shipping-taxable","15":"purchasable","16":"product-type-simple"},"_links":{"self":[{"href":"https:\/\/nimedixmedical.com\/en\/wp-json\/wp\/v2\/product\/113911","targetHints":{"allow":["GET"]}}],"collection":[{"href":"https:\/\/nimedixmedical.com\/en\/wp-json\/wp\/v2\/product"}],"about":[{"href":"https:\/\/nimedixmedical.com\/en\/wp-json\/wp\/v2\/types\/product"}],"replies":[{"embeddable":true,"href":"https:\/\/nimedixmedical.com\/en\/wp-json\/wp\/v2\/comments?post=113911"}],"wp:featuredmedia":[{"embeddable":true,"href":"https:\/\/nimedixmedical.com\/en\/wp-json\/wp\/v2\/media\/113900"}],"wp:attachment":[{"href":"https:\/\/nimedixmedical.com\/en\/wp-json\/wp\/v2\/media?parent=113911"}],"wp:term":[{"taxonomy":"product_brand","embeddable":true,"href":"https:\/\/nimedixmedical.com\/en\/wp-json\/wp\/v2\/product_brand?post=113911"},{"taxonomy":"product_cat","embeddable":true,"href":"https:\/\/nimedixmedical.com\/en\/wp-json\/wp\/v2\/product_cat?post=113911"},{"taxonomy":"product_tag","embeddable":true,"href":"https:\/\/nimedixmedical.com\/en\/wp-json\/wp\/v2\/product_tag?post=113911"}],"curies":[{"name":"wp","href":"https:\/\/api.w.org\/{rel}","templated":true}]}}