{"id":113898,"date":"2025-11-30T22:19:39","date_gmt":"2025-11-30T21:19:39","guid":{"rendered":"https:\/\/nimedixmedical.com\/notre-catalogue\/veste-coton-polyester-unisexe-xs-verte\/"},"modified":"2026-01-12T15:47:36","modified_gmt":"2026-01-12T14:47:36","slug":"veste-coton-polyester-unisexe-xs-verte","status":"publish","type":"product","link":"https:\/\/nimedixmedical.com\/en\/our-catalog\/veste-coton-polyester-unisexe-xs-verte\/","title":{"rendered":"Veste &#8211; Coton\/polyester &#8211; Unisexe Xs Verte"},"content":{"rendered":"<p>La veste en coton\/polyester unisexe est sp\u00e9cialement con\u00e7ue pour les professionnels de sant\u00e9. Offrant \u00e0 la fois confort et praticit\u00e9, elle se distingue par sa qualit\u00e9 et son esth\u00e9tique soign\u00e9e, id\u00e9ale pour un environnement m\u00e9dical dynamique.<\/p>\n<h2>Features<\/h2>\n<ul>\n<li>Taille: XS<\/li>\n<li>Color: green<\/li>\n<li>Manches courtes pour une meilleure aisance de mouvement<\/li>\n<li>2 poches frontales et 1 sur la poitrine pour un acc\u00e8s facile aux essentiels<\/li>\n<li>Composition: 60% cotton - 40% polyester<\/li>\n<li>Poids: 185 g\/m2<\/li>\n<li>R\u00e9sistance \u00e0 la rupture: 39 kg \u00b13% (couleur)<\/li>\n<li>Traitement r\u00e9sistant aux plis pour un aspect toujours soign\u00e9<\/li>\n<\/ul>\n<h2>Delivery<\/h2>\n<ul>\n<li><strong>France :<\/strong> Direct delivery.<\/li>\n<li><strong>Export (Europe and Africa) :<\/strong> Quote.<\/li>\n<\/ul>","protected":false},"excerpt":{"rendered":"<ul>\n<li>Veste unisexe id\u00e9ale pour les professionnels de sant\u00e9.<\/li>\n<li>Confort optimal gr\u00e2ce \u00e0 la composition en 60% coton et 40% polyester.<\/li>\n<li>Design \u00e9l\u00e9gant avec plusieurs poches pour un usage pratique.<\/li>\n<li>R\u00e9sistant aux plis et facile d&#8217;entretien, parfait pour un usage quotidien.<\/li>\n<\/ul>","protected":false},"featured_media":113889,"comment_status":"open","ping_status":"open","template":"","meta":{"inline_featured_image":false},"product_brand":[],"product_cat":[1236,1244,1243],"product_tag":[],"class_list":{"0":"post-113898","1":"product","2":"type-product","3":"status-publish","4":"has-post-thumbnail","6":"product_cat-soins-et-pharmacie","7":"product_cat-vestes-et-pantalons","8":"product_cat-vetements-en-coton","10":"first","11":"instock","12":"sale","13":"taxable","14":"shipping-taxable","15":"purchasable","16":"product-type-simple"},"_links":{"self":[{"href":"https:\/\/nimedixmedical.com\/en\/wp-json\/wp\/v2\/product\/113898","targetHints":{"allow":["GET"]}}],"collection":[{"href":"https:\/\/nimedixmedical.com\/en\/wp-json\/wp\/v2\/product"}],"about":[{"href":"https:\/\/nimedixmedical.com\/en\/wp-json\/wp\/v2\/types\/product"}],"replies":[{"embeddable":true,"href":"https:\/\/nimedixmedical.com\/en\/wp-json\/wp\/v2\/comments?post=113898"}],"wp:featuredmedia":[{"embeddable":true,"href":"https:\/\/nimedixmedical.com\/en\/wp-json\/wp\/v2\/media\/113889"}],"wp:attachment":[{"href":"https:\/\/nimedixmedical.com\/en\/wp-json\/wp\/v2\/media?parent=113898"}],"wp:term":[{"taxonomy":"product_brand","embeddable":true,"href":"https:\/\/nimedixmedical.com\/en\/wp-json\/wp\/v2\/product_brand?post=113898"},{"taxonomy":"product_cat","embeddable":true,"href":"https:\/\/nimedixmedical.com\/en\/wp-json\/wp\/v2\/product_cat?post=113898"},{"taxonomy":"product_tag","embeddable":true,"href":"https:\/\/nimedixmedical.com\/en\/wp-json\/wp\/v2\/product_tag?post=113898"}],"curies":[{"name":"wp","href":"https:\/\/api.w.org\/{rel}","templated":true}]}}