{"id":113873,"date":"2025-11-30T22:18:46","date_gmt":"2025-11-30T21:18:46","guid":{"rendered":"https:\/\/nimedixmedical.com\/notre-catalogue\/veste-coton-polyester-unisexe-xs-couleur-sur-demande\/"},"modified":"2026-01-12T15:47:24","modified_gmt":"2026-01-12T14:47:24","slug":"veste-coton-polyester-unisexe-xs-couleur-sur-demande","status":"publish","type":"product","link":"https:\/\/nimedixmedical.com\/en\/our-catalog\/veste-coton-polyester-unisexe-xs-couleur-sur-demande\/","title":{"rendered":"Veste &#8211; Coton\/polyester &#8211; Unisexe Xs Couleur sur Demande"},"content":{"rendered":"<p>Con\u00e7ue pour les professionnels de la sant\u00e9, cette veste unisexe en coton\/polyester allie confort et style. Elle est id\u00e9ale pour les environnements m\u00e9dicaux, offrant une protection tout en permettant une grande libert\u00e9 de mouvement. Disponible en plusieurs couleurs, elle r\u00e9pond aux exigences des \u00e9quipes m\u00e9dicales.<\/p>\n<h2>Features<\/h2>\n<ul>\n<li>Composition : 60% coton &#8211; 40% polyester.<\/li>\n<li>Poids : 200 g\/m\u00b2 pour les mod\u00e8les blancs, 185 g\/m\u00b2 pour les mod\u00e8les color\u00e9s.<\/li>\n<li>Manches courtes et design \u00e9l\u00e9gant, adapt\u00e9 aux hommes et aux femmes.<\/li>\n<li>Disponibilit\u00e9 : 22 couleurs au choix, commande minimum de 100 unit\u00e9s mixtes de la m\u00eame couleur.<\/li>\n<li>R\u00e9siste aux plis et \u00e0 un lavage \u00e0 90\u00b0C, assurant une durabilit\u00e9 optimale.<\/li>\n<\/ul>\n<h2>Delivery<\/h2>\n<ul>\n<li><strong>France :<\/strong> Direct delivery.<\/li>\n<li><strong>Export (Europe and Africa) :<\/strong> Quote.<\/li>\n<\/ul>","protected":false},"excerpt":{"rendered":"<ul>\n<li>Veste unisexe en coton\/polyester, id\u00e9ale pour les professionnels de la sant\u00e9.<\/li>\n<li>Disponible en 22 couleurs, permettant une personnalisation selon les besoins.<\/li>\n<li>Confort et praticit\u00e9 avec 2 poches frontales et 1 poche sur la poitrine.<\/li>\n<li>R\u00e9sistant aux plis et facile \u00e0 entretenir, parfait pour un usage quotidien.<\/li>\n<\/ul>","protected":false},"featured_media":113874,"comment_status":"open","ping_status":"open","template":"","meta":{"inline_featured_image":false},"product_brand":[],"product_cat":[1236,1244,1243],"product_tag":[],"class_list":{"0":"post-113873","1":"product","2":"type-product","3":"status-publish","4":"has-post-thumbnail","6":"product_cat-soins-et-pharmacie","7":"product_cat-vestes-et-pantalons","8":"product_cat-vetements-en-coton","10":"first","11":"outofstock","12":"sale","13":"taxable","14":"shipping-taxable","15":"purchasable","16":"product-type-simple"},"_links":{"self":[{"href":"https:\/\/nimedixmedical.com\/en\/wp-json\/wp\/v2\/product\/113873","targetHints":{"allow":["GET"]}}],"collection":[{"href":"https:\/\/nimedixmedical.com\/en\/wp-json\/wp\/v2\/product"}],"about":[{"href":"https:\/\/nimedixmedical.com\/en\/wp-json\/wp\/v2\/types\/product"}],"replies":[{"embeddable":true,"href":"https:\/\/nimedixmedical.com\/en\/wp-json\/wp\/v2\/comments?post=113873"}],"wp:featuredmedia":[{"embeddable":true,"href":"https:\/\/nimedixmedical.com\/en\/wp-json\/wp\/v2\/media\/113874"}],"wp:attachment":[{"href":"https:\/\/nimedixmedical.com\/en\/wp-json\/wp\/v2\/media?parent=113873"}],"wp:term":[{"taxonomy":"product_brand","embeddable":true,"href":"https:\/\/nimedixmedical.com\/en\/wp-json\/wp\/v2\/product_brand?post=113873"},{"taxonomy":"product_cat","embeddable":true,"href":"https:\/\/nimedixmedical.com\/en\/wp-json\/wp\/v2\/product_cat?post=113873"},{"taxonomy":"product_tag","embeddable":true,"href":"https:\/\/nimedixmedical.com\/en\/wp-json\/wp\/v2\/product_tag?post=113873"}],"curies":[{"name":"wp","href":"https:\/\/api.w.org\/{rel}","templated":true}]}}