{"id":113871,"date":"2025-11-30T22:18:46","date_gmt":"2025-11-30T21:18:46","guid":{"rendered":"https:\/\/nimedixmedical.com\/notre-catalogue\/veste-coton-polyester-unisexe-s-couleur-sur-demande\/"},"modified":"2026-01-12T15:47:24","modified_gmt":"2026-01-12T14:47:24","slug":"veste-coton-polyester-unisexe-s-couleur-sur-demande","status":"publish","type":"product","link":"https:\/\/nimedixmedical.com\/en\/our-catalog\/veste-coton-polyester-unisexe-s-couleur-sur-demande\/","title":{"rendered":"Veste &#8211; Coton\/polyester &#8211; Unisexe S Couleur sur Demande"},"content":{"rendered":"<p>La veste en coton\/polyester unisexe est con\u00e7ue pour r\u00e9pondre aux exigences des professionnels de sant\u00e9. Alliant confort et \u00e9l\u00e9gance, elle s&#8217;adapte \u00e0 tous les environnements m\u00e9dicaux tout en offrant une belle esth\u00e9tique. Sa conception robuste garantit une utilisation durable au quotidien.<\/p>\n<h2>Features<\/h2>\n<ul>\n<li>Composition: 60% cotton, 40% polyester<\/li>\n<li>Weight: 200 g\/m\u00b2 (white), 185 g\/m\u00b2 (color)<\/li>\n<li>Manches courtes, disponible en taille S<\/li>\n<li>Options de couleurs : 22 couleurs disponibles sur demande<\/li>\n<li>Commandes minimum : 100 unit\u00e9s mixtes de la m\u00eame couleur<\/li>\n<li>R\u00e9sistance \u00e0 la rupture : cha\u00eene 100 kg \u00b13%, texture 39 kg \u00b13% (blanc), 49 kg \u00b13% (couleur)<\/li>\n<li>Traitement anti-plis et stabilit\u00e9 dimensionnelle au lavage \u00e0 90\u00b0C : 3<\/li>\n<\/ul>\n<h2>Delivery<\/h2>\n<ul>\n<li><strong>France :<\/strong> Direct delivery.<\/li>\n<li><strong>Export (Europe and Africa) :<\/strong> Quote.<\/li>\n<\/ul>","protected":false},"excerpt":{"rendered":"<ul>\n<li>Veste unisexe en coton\/polyester, id\u00e9ale pour les professionnels de sant\u00e9.<\/li>\n<li>Confortable et r\u00e9sistant gr\u00e2ce \u00e0 sa composition de 60% coton et 40% polyester.<\/li>\n<li>Large choix de couleurs disponible pour personnaliser votre tenue professionnelle.<\/li>\n<li>Pratique avec ses 2 poches frontales et 1 poche sur la poitrine.<\/li>\n<\/ul>","protected":false},"featured_media":113872,"comment_status":"open","ping_status":"open","template":"","meta":{"inline_featured_image":false},"product_brand":[],"product_cat":[1236,1244,1243],"product_tag":[],"class_list":{"0":"post-113871","1":"product","2":"type-product","3":"status-publish","4":"has-post-thumbnail","6":"product_cat-soins-et-pharmacie","7":"product_cat-vestes-et-pantalons","8":"product_cat-vetements-en-coton","10":"first","11":"outofstock","12":"sale","13":"taxable","14":"shipping-taxable","15":"purchasable","16":"product-type-simple"},"_links":{"self":[{"href":"https:\/\/nimedixmedical.com\/en\/wp-json\/wp\/v2\/product\/113871","targetHints":{"allow":["GET"]}}],"collection":[{"href":"https:\/\/nimedixmedical.com\/en\/wp-json\/wp\/v2\/product"}],"about":[{"href":"https:\/\/nimedixmedical.com\/en\/wp-json\/wp\/v2\/types\/product"}],"replies":[{"embeddable":true,"href":"https:\/\/nimedixmedical.com\/en\/wp-json\/wp\/v2\/comments?post=113871"}],"wp:featuredmedia":[{"embeddable":true,"href":"https:\/\/nimedixmedical.com\/en\/wp-json\/wp\/v2\/media\/113872"}],"wp:attachment":[{"href":"https:\/\/nimedixmedical.com\/en\/wp-json\/wp\/v2\/media?parent=113871"}],"wp:term":[{"taxonomy":"product_brand","embeddable":true,"href":"https:\/\/nimedixmedical.com\/en\/wp-json\/wp\/v2\/product_brand?post=113871"},{"taxonomy":"product_cat","embeddable":true,"href":"https:\/\/nimedixmedical.com\/en\/wp-json\/wp\/v2\/product_cat?post=113871"},{"taxonomy":"product_tag","embeddable":true,"href":"https:\/\/nimedixmedical.com\/en\/wp-json\/wp\/v2\/product_tag?post=113871"}],"curies":[{"name":"wp","href":"https:\/\/api.w.org\/{rel}","templated":true}]}}