{"id":113654,"date":"2025-11-30T22:15:14","date_gmt":"2025-11-30T21:15:14","guid":{"rendered":"https:\/\/nimedixmedical.com\/notre-catalogue\/couvre-chaussures\/"},"modified":"2026-01-12T15:46:32","modified_gmt":"2026-01-12T14:46:32","slug":"couvre-chaussures","status":"publish","type":"product","link":"https:\/\/nimedixmedical.com\/en\/our-catalog\/couvre-chaussures\/","title":{"rendered":"Shoe covers"},"content":{"rendered":"<p>Les couvre-chaussures sont des \u00e9quipements indispensables dans les milieux m\u00e9dicaux pour maintenir une hygi\u00e8ne stricte. Leur utilisation r\u00e9duit les risques de contamination crois\u00e9e tout en prot\u00e9geant les surfaces sensibles. L\u00e9gers et pratiques, ils sont con\u00e7us pour un usage quotidien, garantissant ainsi la s\u00e9curit\u00e9 de tous.<\/p>\n<h2>Features<\/h2>\n<ul>\n<li>Mat\u00e9riau : Fabriqu\u00e9 en polypropyl\u00e8ne (PP) l\u00e9ger.<\/li>\n<li>Bande \u00e9lastique : Assure un maintien confortable sans glisser.<\/li>\n<li>Dimensions : 17 x 40 cm, s&#8217;adapte \u00e0 la plupart des chaussures.<\/li>\n<li>Poids : Seulement 35 g, faciles \u00e0 porter et \u00e0 stocker.<\/li>\n<li>Conditionnement : Bo\u00eete de 2000 (20 sacs de 100) pour un approvisionnement pratique.<\/li>\n<\/ul>\n<h2>Delivery<\/h2>\n<ul>\n<li><strong>France :<\/strong> Direct delivery.<\/li>\n<li><strong>Export (Europe and Africa) :<\/strong> Quote.<\/li>\n<\/ul>","protected":false},"excerpt":{"rendered":"<ul>\n<li>Usage : Prot\u00e8ge les chaussures et les sols lors de proc\u00e9dures m\u00e9dicales ou d&#8217;interventions.<\/li>\n<li>B\u00e9n\u00e9fice : Conception l\u00e9g\u00e8re et \u00e9lastique pour un confort optimal tout en assurant une protection efficace.<\/li>\n<li>Praticit\u00e9 : Vendu en bo\u00eete de 2000 unit\u00e9s, id\u00e9al pour un usage intensif.<\/li>\n<li>Dimensions appropri\u00e9es : S&#8217;adapte \u00e0 la plupart des chaussures avec des dimensions de 17 x 40 cm.<\/li>\n<\/ul>","protected":false},"featured_media":113655,"comment_status":"open","ping_status":"open","template":"","meta":{"inline_featured_image":false},"product_brand":[],"product_cat":[1238,1236,1237],"product_tag":[],"class_list":{"0":"post-113654","1":"product","2":"type-product","3":"status-publish","4":"has-post-thumbnail","6":"product_cat-couvre-chaussures","7":"product_cat-soins-et-pharmacie","8":"product_cat-vetements-jetables","10":"first","11":"instock","12":"sale","13":"taxable","14":"shipping-taxable","15":"purchasable","16":"product-type-simple"},"_links":{"self":[{"href":"https:\/\/nimedixmedical.com\/en\/wp-json\/wp\/v2\/product\/113654","targetHints":{"allow":["GET"]}}],"collection":[{"href":"https:\/\/nimedixmedical.com\/en\/wp-json\/wp\/v2\/product"}],"about":[{"href":"https:\/\/nimedixmedical.com\/en\/wp-json\/wp\/v2\/types\/product"}],"replies":[{"embeddable":true,"href":"https:\/\/nimedixmedical.com\/en\/wp-json\/wp\/v2\/comments?post=113654"}],"wp:featuredmedia":[{"embeddable":true,"href":"https:\/\/nimedixmedical.com\/en\/wp-json\/wp\/v2\/media\/113655"}],"wp:attachment":[{"href":"https:\/\/nimedixmedical.com\/en\/wp-json\/wp\/v2\/media?parent=113654"}],"wp:term":[{"taxonomy":"product_brand","embeddable":true,"href":"https:\/\/nimedixmedical.com\/en\/wp-json\/wp\/v2\/product_brand?post=113654"},{"taxonomy":"product_cat","embeddable":true,"href":"https:\/\/nimedixmedical.com\/en\/wp-json\/wp\/v2\/product_cat?post=113654"},{"taxonomy":"product_tag","embeddable":true,"href":"https:\/\/nimedixmedical.com\/en\/wp-json\/wp\/v2\/product_tag?post=113654"}],"curies":[{"name":"wp","href":"https:\/\/api.w.org\/{rel}","templated":true}]}}