{"id":113649,"date":"2025-11-30T22:15:14","date_gmt":"2025-11-30T21:15:14","guid":{"rendered":"https:\/\/nimedixmedical.com\/notre-catalogue\/catheter-de-nelaton-ch-fr-14-homme-38-cm-sterile\/"},"modified":"2026-01-12T15:46:29","modified_gmt":"2026-01-12T14:46:29","slug":"catheter-de-nelaton-ch-fr-14-homme-38-cm-sterile","status":"publish","type":"product","link":"https:\/\/nimedixmedical.com\/en\/our-catalog\/catheter-de-nelaton-ch-fr-14-homme-38-cm-sterile\/","title":{"rendered":"Cath\u00e9ter de N\u00e9laton Ch\/fr 14 &#8211; Homme &#8211; 38 cm &#8211; St\u00e9rile"},"content":{"rendered":"<p>Le cath\u00e9ter de N\u00e9laton ch\/fr 14 est un dispositif m\u00e9dical st\u00e9rile con\u00e7u pour le drainage urinaire chez les patients masculins. Sa fabrication en PVC sans DEHP garantit un usage s\u00fbr tout en minimisant les risques pour la sant\u00e9. Con\u00e7u pour un usage unique, il assure une hygi\u00e8ne optimale lors de chaque intervention.<\/p>\n<h2>Features<\/h2>\n<ul>\n<li>Type : Cath\u00e9ter de N\u00e9laton, homme<\/li>\n<li>Taille : Ch\/fr 14 &#8211; 38 cm<\/li>\n<li>Material: DEHP-free sterile PVC<\/li>\n<li>Design : Deux yeux lat\u00e9raux \u00e0 bords lisses pour un drainage efficace<\/li>\n<li>Usage : Unique, pour une s\u00e9curit\u00e9 optimale<\/li>\n<li>Bo\u00eete et mode d&#8217;emploi multilingues : Disponible en plusieurs langues (GB, FR, IT, ES, PT, DE, NL, PL, CZ, SK, HU, EE, LT, LV, DK, SE, FI, RO, BG, GR, HR, SI)<\/li>\n<\/ul>\n<h2>Delivery<\/h2>\n<ul>\n<li><strong>France :<\/strong> Direct delivery.<\/li>\n<li><strong>Export (Europe and Africa) :<\/strong> Quote.<\/li>\n<\/ul>","protected":false},"excerpt":{"rendered":"<ul>\n<li>Usage unique : Assure une hygi\u00e8ne optimale lors de l&#8217;utilisation.<\/li>\n<li>Conception sans DEHP : Produit respectueux pour la sant\u00e9 et l&#8217;environnement.<\/li>\n<li>Deux yeux lat\u00e9raux : Facilite le drainage efficace.<\/li>\n<li>Longueur de 38 cm : Adapt\u00e9 pour les besoins sp\u00e9cifiques des patients masculins.<\/li>\n<\/ul>","protected":false},"featured_media":113648,"comment_status":"open","ping_status":"open","template":"","meta":{"inline_featured_image":false},"product_brand":[],"product_cat":[1235,1201],"product_tag":[],"class_list":{"0":"post-113649","1":"product","2":"type-product","3":"status-publish","4":"has-post-thumbnail","6":"product_cat-catheter","7":"product_cat-instruments-chirurgicaux","9":"first","10":"instock","11":"sale","12":"taxable","13":"shipping-taxable","14":"purchasable","15":"product-type-simple"},"_links":{"self":[{"href":"https:\/\/nimedixmedical.com\/en\/wp-json\/wp\/v2\/product\/113649","targetHints":{"allow":["GET"]}}],"collection":[{"href":"https:\/\/nimedixmedical.com\/en\/wp-json\/wp\/v2\/product"}],"about":[{"href":"https:\/\/nimedixmedical.com\/en\/wp-json\/wp\/v2\/types\/product"}],"replies":[{"embeddable":true,"href":"https:\/\/nimedixmedical.com\/en\/wp-json\/wp\/v2\/comments?post=113649"}],"wp:featuredmedia":[{"embeddable":true,"href":"https:\/\/nimedixmedical.com\/en\/wp-json\/wp\/v2\/media\/113648"}],"wp:attachment":[{"href":"https:\/\/nimedixmedical.com\/en\/wp-json\/wp\/v2\/media?parent=113649"}],"wp:term":[{"taxonomy":"product_brand","embeddable":true,"href":"https:\/\/nimedixmedical.com\/en\/wp-json\/wp\/v2\/product_brand?post=113649"},{"taxonomy":"product_cat","embeddable":true,"href":"https:\/\/nimedixmedical.com\/en\/wp-json\/wp\/v2\/product_cat?post=113649"},{"taxonomy":"product_tag","embeddable":true,"href":"https:\/\/nimedixmedical.com\/en\/wp-json\/wp\/v2\/product_tag?post=113649"}],"curies":[{"name":"wp","href":"https:\/\/api.w.org\/{rel}","templated":true}]}}