{"id":113643,"date":"2025-11-30T22:15:14","date_gmt":"2025-11-30T21:15:14","guid":{"rendered":"https:\/\/nimedixmedical.com\/notre-catalogue\/catheter-de-nelaton-ch-fr-12-femme-18-cm-sterile\/"},"modified":"2026-01-12T15:46:25","modified_gmt":"2026-01-12T14:46:25","slug":"catheter-de-nelaton-ch-fr-12-femme-18-cm-sterile","status":"publish","type":"product","link":"https:\/\/nimedixmedical.com\/en\/our-catalog\/catheter-de-nelaton-ch-fr-12-femme-18-cm-sterile\/","title":{"rendered":"Cath\u00e9ter de N\u00e9laton Ch\/fr 12 &#8211; Femme &#8211; 18 cm &#8211; St\u00e9rile"},"content":{"rendered":"<p>Le cath\u00e9ter de N\u00e9laton est un dispositif m\u00e9dical essentiel utilis\u00e9 pour faciliter le drainage urinaire. Sp\u00e9cifiquement con\u00e7u pour les femmes, il assure une insertion confortable et s\u00e9curis\u00e9e, r\u00e9duisant le risque d&#8217;infection.<\/p>\n<h2>Features<\/h2>\n<ul>\n<li>Type : Cath\u00e9ter de N\u00e9laton st\u00e9rile en PVC sans DEHP<\/li>\n<li>Usage : Usage unique, con\u00e7u pour une hygi\u00e8ne optimale<\/li>\n<li>Dimensions : 18 cm de longueur, adapt\u00e9 pour les femmes<\/li>\n<li>Design : Deux yeux lat\u00e9raux \u00e0 bords lisses pour un confort d&#8217;utilisation<\/li>\n<li>Emballage : Bo\u00eete et mode d&#8217;emploi disponibles en plusieurs langues (GB, FR, IT, ES, PT, DE, NL, PL, CZ, SK, HU, EE, LT, LV, DK, SE, FI, RO, BG, GR, HR, SI)<\/li>\n<\/ul>\n<h2>Delivery<\/h2>\n<ul>\n<li><strong>France :<\/strong> Direct delivery.<\/li>\n<li><strong>Export (Europe and Africa) :<\/strong> Quote.<\/li>\n<\/ul>","protected":false},"excerpt":{"rendered":"<ul>\n<li>Usage unique pour un maximum d&#8217;hygi\u00e8ne.<\/li>\n<li>Conception sans DEHP pour une s\u00e9curit\u00e9 accrue.<\/li>\n<li>Deux yeux lat\u00e9raux \u00e0 bords lisses pour un confort optimal.<\/li>\n<li>Longueur de 18 cm, sp\u00e9cifiquement con\u00e7u pour un usage f\u00e9minin.<\/li>\n<\/ul>","protected":false},"featured_media":113641,"comment_status":"open","ping_status":"open","template":"","meta":{"inline_featured_image":false},"product_brand":[],"product_cat":[1235,1201],"product_tag":[],"class_list":{"0":"post-113643","1":"product","2":"type-product","3":"status-publish","4":"has-post-thumbnail","6":"product_cat-catheter","7":"product_cat-instruments-chirurgicaux","9":"first","10":"instock","11":"sale","12":"taxable","13":"shipping-taxable","14":"purchasable","15":"product-type-simple"},"_links":{"self":[{"href":"https:\/\/nimedixmedical.com\/en\/wp-json\/wp\/v2\/product\/113643","targetHints":{"allow":["GET"]}}],"collection":[{"href":"https:\/\/nimedixmedical.com\/en\/wp-json\/wp\/v2\/product"}],"about":[{"href":"https:\/\/nimedixmedical.com\/en\/wp-json\/wp\/v2\/types\/product"}],"replies":[{"embeddable":true,"href":"https:\/\/nimedixmedical.com\/en\/wp-json\/wp\/v2\/comments?post=113643"}],"wp:featuredmedia":[{"embeddable":true,"href":"https:\/\/nimedixmedical.com\/en\/wp-json\/wp\/v2\/media\/113641"}],"wp:attachment":[{"href":"https:\/\/nimedixmedical.com\/en\/wp-json\/wp\/v2\/media?parent=113643"}],"wp:term":[{"taxonomy":"product_brand","embeddable":true,"href":"https:\/\/nimedixmedical.com\/en\/wp-json\/wp\/v2\/product_brand?post=113643"},{"taxonomy":"product_cat","embeddable":true,"href":"https:\/\/nimedixmedical.com\/en\/wp-json\/wp\/v2\/product_cat?post=113643"},{"taxonomy":"product_tag","embeddable":true,"href":"https:\/\/nimedixmedical.com\/en\/wp-json\/wp\/v2\/product_tag?post=113643"}],"curies":[{"name":"wp","href":"https:\/\/api.w.org\/{rel}","templated":true}]}}