{"id":113613,"date":"2025-11-30T22:14:35","date_gmt":"2025-11-30T21:14:35","guid":{"rendered":"https:\/\/nimedixmedical.com\/notre-catalogue\/catheter-de-foley-3-voies-latex-ch-fr-18-ballonet-30-ml-sterile\/"},"modified":"2026-01-12T15:46:16","modified_gmt":"2026-01-12T14:46:16","slug":"foley-catheter-3-ways-latex-ch-fr-18-balloon-30-ml-sterile","status":"publish","type":"product","link":"https:\/\/nimedixmedical.com\/en\/our-catalog\/foley-catheter-3-ways-latex-ch-fr-18-balloon-30-ml-sterile\/","title":{"rendered":"Cath\u00e9ter de Foley 3 Voies Latex Ch\/fr 18 &#8211; Ballonet 30 mL &#8211; St\u00e9rile"},"content":{"rendered":"<p>Le cath\u00e9ter de Foley 3 voies en latex est un dispositif m\u00e9dical st\u00e9rile, con\u00e7u pour des applications urologiques. Sa conception favorise un drainage efficace tout en minimisant le risque d&#8217;infection, ce qui en fait un choix privil\u00e9gi\u00e9 pour les professionnels de sant\u00e9.<\/p>\n<h2>Features<\/h2>\n<ul>\n<li>Type : Cath\u00e9ter de Foley 3 voies en latex recouvert de silicone \u00e0 100%<\/li>\n<li>Usage : St\u00e9rile et \u00e0 usage unique<\/li>\n<li>Taille : Ch\/fr 18, longueur de 40 cm<\/li>\n<li>Ballonnet : Capacit\u00e9 de 30 ml avec une valve dure<\/li>\n<li>Instructions : Bo\u00eete et mode d&#8217;emploi multilingues (GB, FR, IT, ES, PT, DE, NL, PL, CZ, SK, HU, EE, LT, LV, DK, SE, FI, RO, BG, GR, HR, SI)<\/li>\n<\/ul>\n<h2>Delivery<\/h2>\n<ul>\n<li><strong>France :<\/strong> Direct delivery.<\/li>\n<li><strong>Export (Europe and Africa) :<\/strong> Quote.<\/li>\n<\/ul>","protected":false},"excerpt":{"rendered":"<ul>\n<li>Usage : Cath\u00e9ter de Foley st\u00e9rile, con\u00e7u pour un usage unique dans les soins m\u00e9dicaux.<\/li>\n<li>B\u00e9n\u00e9fice : R\u00e9duit le risque d&#8217;infection gr\u00e2ce \u00e0 son rev\u00eatement en silicone.<\/li>\n<li>Conception : 3 voies avec un ballonnet de 30 ml, facilitant les proc\u00e9dures m\u00e9dicales.<\/li>\n<li>Multilingue : Inclus un mode d&#8217;emploi disponible en plusieurs langues pour une utilisation internationale.<\/li>\n<\/ul>","protected":false},"featured_media":113614,"comment_status":"open","ping_status":"open","template":"","meta":{"inline_featured_image":false},"product_brand":[],"product_cat":[1235,1201],"product_tag":[],"class_list":{"0":"post-113613","1":"product","2":"type-product","3":"status-publish","4":"has-post-thumbnail","6":"product_cat-catheter","7":"product_cat-instruments-chirurgicaux","9":"first","10":"instock","11":"sale","12":"taxable","13":"shipping-taxable","14":"purchasable","15":"product-type-simple"},"_links":{"self":[{"href":"https:\/\/nimedixmedical.com\/en\/wp-json\/wp\/v2\/product\/113613","targetHints":{"allow":["GET"]}}],"collection":[{"href":"https:\/\/nimedixmedical.com\/en\/wp-json\/wp\/v2\/product"}],"about":[{"href":"https:\/\/nimedixmedical.com\/en\/wp-json\/wp\/v2\/types\/product"}],"replies":[{"embeddable":true,"href":"https:\/\/nimedixmedical.com\/en\/wp-json\/wp\/v2\/comments?post=113613"}],"wp:featuredmedia":[{"embeddable":true,"href":"https:\/\/nimedixmedical.com\/en\/wp-json\/wp\/v2\/media\/113614"}],"wp:attachment":[{"href":"https:\/\/nimedixmedical.com\/en\/wp-json\/wp\/v2\/media?parent=113613"}],"wp:term":[{"taxonomy":"product_brand","embeddable":true,"href":"https:\/\/nimedixmedical.com\/en\/wp-json\/wp\/v2\/product_brand?post=113613"},{"taxonomy":"product_cat","embeddable":true,"href":"https:\/\/nimedixmedical.com\/en\/wp-json\/wp\/v2\/product_cat?post=113613"},{"taxonomy":"product_tag","embeddable":true,"href":"https:\/\/nimedixmedical.com\/en\/wp-json\/wp\/v2\/product_tag?post=113613"}],"curies":[{"name":"wp","href":"https:\/\/api.w.org\/{rel}","templated":true}]}}