{"id":113549,"date":"2025-11-30T22:13:49","date_gmt":"2025-11-30T21:13:49","guid":{"rendered":"https:\/\/nimedixmedical.com\/notre-catalogue\/champ-chirurgical-non-tisse-a-2-couches-100x100-cm-avec-cote-adhesif\/"},"modified":"2026-01-12T15:45:49","modified_gmt":"2026-01-12T14:45:49","slug":"2-layer-non-woven-surgical-drape-100x100-cm-with-adhesive-side","status":"publish","type":"product","link":"https:\/\/nimedixmedical.com\/en\/our-catalog\/2-layer-non-woven-surgical-drape-100x100-cm-with-adhesive-side\/","title":{"rendered":"Champ Chirurgical Non Tiss\u00e9 \u00c0 2 Couches 100&#215;100 cm avec C\u00f4t\u00e9 Adh\u00e9sif"},"content":{"rendered":"<p>The 100\u00d7100 cm 2-ply non-woven surgical drape is designed to meet the demands of medical procedures. Thanks to its high-quality composition and adhesive side, it provides optimum protection against contamination during surgical procedures.<\/p>\n<h2>Features<\/h2>\n<ul>\n<li>Dimensions: 100\u00d7100 cm<\/li>\n<li>Composition: 2-layer non-woven, blue, 54 g\/m\u00b2.<\/li>\n<li>Adhesive side for better adhesion to the skin<\/li>\n<li>Individually wrapped in a sterile polyethylene bag (ethylene oxide)<\/li>\n<li>Latex-free, ideal for sensitive patients<\/li>\n<\/ul>\n<h2>Delivery<\/h2>\n<ul>\n<li><strong>France :<\/strong> Direct delivery.<\/li>\n<li><strong>Export (Europe and Africa) :<\/strong> Quote.<\/li>\n<\/ul>","protected":false},"excerpt":{"rendered":"<ul>\n<li>Sterile surgical drape for use in operating theatres.<\/li>\n<li>Adhesive side for optimum hold on the skin.<\/li>\n<li>Sterile packaging prevents contamination.<\/li>\n<li>Latex-free, suitable for allergy sufferers.<\/li>\n<\/ul>","protected":false},"featured_media":113550,"comment_status":"open","ping_status":"open","template":"","meta":{"inline_featured_image":false},"product_brand":[],"product_cat":[1233,1231,1201],"product_tag":[],"class_list":{"0":"post-113549","1":"product","2":"type-product","3":"status-publish","4":"has-post-thumbnail","6":"product_cat-champs-avec-cote-adhesif-champs-avec-fenetre-adhesive-centrale","7":"product_cat-champs-chirurgicaux","8":"product_cat-instruments-chirurgicaux","10":"first","11":"instock","12":"sale","13":"taxable","14":"shipping-taxable","15":"purchasable","16":"product-type-simple"},"_links":{"self":[{"href":"https:\/\/nimedixmedical.com\/en\/wp-json\/wp\/v2\/product\/113549","targetHints":{"allow":["GET"]}}],"collection":[{"href":"https:\/\/nimedixmedical.com\/en\/wp-json\/wp\/v2\/product"}],"about":[{"href":"https:\/\/nimedixmedical.com\/en\/wp-json\/wp\/v2\/types\/product"}],"replies":[{"embeddable":true,"href":"https:\/\/nimedixmedical.com\/en\/wp-json\/wp\/v2\/comments?post=113549"}],"wp:featuredmedia":[{"embeddable":true,"href":"https:\/\/nimedixmedical.com\/en\/wp-json\/wp\/v2\/media\/113550"}],"wp:attachment":[{"href":"https:\/\/nimedixmedical.com\/en\/wp-json\/wp\/v2\/media?parent=113549"}],"wp:term":[{"taxonomy":"product_brand","embeddable":true,"href":"https:\/\/nimedixmedical.com\/en\/wp-json\/wp\/v2\/product_brand?post=113549"},{"taxonomy":"product_cat","embeddable":true,"href":"https:\/\/nimedixmedical.com\/en\/wp-json\/wp\/v2\/product_cat?post=113549"},{"taxonomy":"product_tag","embeddable":true,"href":"https:\/\/nimedixmedical.com\/en\/wp-json\/wp\/v2\/product_tag?post=113549"}],"curies":[{"name":"wp","href":"https:\/\/api.w.org\/{rel}","templated":true}]}}