{"id":113430,"date":"2025-11-30T22:02:32","date_gmt":"2025-11-30T21:02:32","guid":{"rendered":"https:\/\/nimedixmedical.com\/notre-catalogue\/conteneur-a-aiguilles-serie-cs-2-l\/"},"modified":"2026-01-12T15:45:12","modified_gmt":"2026-01-12T14:45:12","slug":"conteneur-a-aiguilles-serie-cs-2-l","status":"publish","type":"product","link":"https:\/\/nimedixmedical.com\/en\/our-catalog\/conteneur-a-aiguilles-serie-cs-2-l\/","title":{"rendered":"Conteneur \u00c0 Aiguilles S\u00e9rie Cs &#8211; 2 L"},"content":{"rendered":"<p>Le conteneur \u00e0 aiguilles s\u00e9rie CS est un \u00e9l\u00e9ment essentiel pour toute structure m\u00e9dicale, garantissant une \u00e9limination s\u00e9curis\u00e9e des d\u00e9chets pointus. Sa conception innovante permet de minimiser les risques de blessures et de contamination crois\u00e9e.<\/p>\n<h2>Features<\/h2>\n<ul>\n<li>Dimensions : 14,8 x 14,8 x h 19,5 cm.<\/li>\n<li>Syst\u00e8me d&#8217;ouverture pratique pour une utilisation ais\u00e9e.<\/li>\n<li>Fermetures temporaires et d\u00e9finitives pour une s\u00e9curit\u00e9 maximale.<\/li>\n<li>R\u00e9sistance aux chocs et perforations, assurant la durabilit\u00e9 du conteneur.<\/li>\n<li>Facilit\u00e9 d&#8217;assemblage et excellente stabilit\u00e9.<\/li>\n<li>Poign\u00e9e robuste pour un transport ais\u00e9.<\/li>\n<li>\u00c9tiquette personnalisable pour une gestion efficace des d\u00e9chets.<\/li>\n<li>Autoclavable \u00e0 134\u00b0C pendant 18 minutes sans \u00e9mission de gaz nocif lors de l&#8217;incin\u00e9ration.<\/li>\n<\/ul>\n<h2>Delivery<\/h2>\n<ul>\n<li><strong>France :<\/strong> Direct delivery.<\/li>\n<li><strong>Export (Europe and Africa) :<\/strong> Quote.<\/li>\n<\/ul>","protected":false},"excerpt":{"rendered":"<ul>\n<li>Id\u00e9al pour l&#8217;\u00e9limination s\u00e9curis\u00e9e des aiguilles et objets pointus.<\/li>\n<li>Conception robuste et pratique pour faciliter le transport et l&#8217;utilisation.<\/li>\n<li>Fermetures temporaires et d\u00e9finitives garantissant une s\u00e9curit\u00e9 optimale.<\/li>\n<li>Autoclavable, assurant une st\u00e9rilisation efficace \u00e0 134\u00b0C.<\/li>\n<\/ul>","protected":false},"featured_media":113431,"comment_status":"open","ping_status":"open","template":"","meta":{"inline_featured_image":false},"product_brand":[],"product_cat":[1229,1201],"product_tag":[],"class_list":{"0":"post-113430","1":"product","2":"type-product","3":"status-publish","4":"has-post-thumbnail","6":"product_cat-conteneurs-a-aiguilles","7":"product_cat-instruments-chirurgicaux","9":"first","10":"instock","11":"sale","12":"taxable","13":"shipping-taxable","14":"purchasable","15":"product-type-simple"},"_links":{"self":[{"href":"https:\/\/nimedixmedical.com\/en\/wp-json\/wp\/v2\/product\/113430","targetHints":{"allow":["GET"]}}],"collection":[{"href":"https:\/\/nimedixmedical.com\/en\/wp-json\/wp\/v2\/product"}],"about":[{"href":"https:\/\/nimedixmedical.com\/en\/wp-json\/wp\/v2\/types\/product"}],"replies":[{"embeddable":true,"href":"https:\/\/nimedixmedical.com\/en\/wp-json\/wp\/v2\/comments?post=113430"}],"wp:featuredmedia":[{"embeddable":true,"href":"https:\/\/nimedixmedical.com\/en\/wp-json\/wp\/v2\/media\/113431"}],"wp:attachment":[{"href":"https:\/\/nimedixmedical.com\/en\/wp-json\/wp\/v2\/media?parent=113430"}],"wp:term":[{"taxonomy":"product_brand","embeddable":true,"href":"https:\/\/nimedixmedical.com\/en\/wp-json\/wp\/v2\/product_brand?post=113430"},{"taxonomy":"product_cat","embeddable":true,"href":"https:\/\/nimedixmedical.com\/en\/wp-json\/wp\/v2\/product_cat?post=113430"},{"taxonomy":"product_tag","embeddable":true,"href":"https:\/\/nimedixmedical.com\/en\/wp-json\/wp\/v2\/product_tag?post=113430"}],"curies":[{"name":"wp","href":"https:\/\/api.w.org\/{rel}","templated":true}]}}